{"id":7655,"date":"2021-08-12T13:28:21","date_gmt":"2021-08-12T13:28:21","guid":{"rendered":"https:\/\/spuehler-tv.ch\/onlineshop\/?post_type=product&#038;p=7655"},"modified":"2026-01-07T09:19:16","modified_gmt":"2026-01-07T08:19:16","slug":"primus-sonoro-dab-radio-streaming-internetradio-made-in-germany-div-farbvariationen","status":"publish","type":"product","link":"https:\/\/spuehler-tv.ch\/onlineshop\/produkt\/primus-sonoro-dab-radio-streaming-internetradio-made-in-germany-div-farbvariationen\/","title":{"rendered":"Primus (Sonoro) &#8211; DAB+ Radio \/ Streaming \/ Internetradio &#8211; (Div. Farbvariationen)"},"content":{"rendered":"<p>Das PRIMUS Audiosystem gl\u00e4nzt mit lebendigen Sound und kraftvollen Bass. Dank des 2.1 Lautsprechersystems mit integriertem 5,25 Zoll Hochleistungs-Subwoofer \u00fcberzeugt der PRIMUS nicht nur bei den leisen T\u00f6nen, sondern bietet auch Raum f\u00fcr den grossen Klang. Dabei nutzt PRIMUS sowohl analoge (z.B. Holzkorpus oder str\u00f6mungsoptimiertes Bassreflexrohr) als auch digitale (z.B. digitaler Soundprozessor) Sound-Technik und schafft mit dem Besten aus beiden Welten ein sensationelles Klangerlebnis. Perfekt f\u00fcr R\u00e4ume bis zu 25qm.<\/p>\n<p>Repr\u00e4sentatives Design<\/p>\n<p>Das PRIMUS Audio-System \u00fcberzeugt nicht nur durch Klangqualit\u00e4t, sondern auch durch sein reduziertes Design. Typisch SONORO eben. Front und Bedienkn\u00f6pfen aus Vollmetall, das hochwertige, mit Klavierlack veredelte Holzgeh\u00e4use sowie das automatisch dimmbare Display strahlen Wertigkeit aus. Mit seinen schlanken Abmessungen und dem minimalistischen Design passt PRIMUS zu vielen Einrichtungsstilen und l\u00e4sst ihn \u00fcberall gut aussehen. Qualit\u00e4t, die sich nicht nur h\u00f6ren, sondern auch sehen l\u00e4sst.<\/p>\n<p>Unkomplizierte Technik<\/p>\n<p>Vielf\u00e4ltige Anschlussm\u00f6glichkeiten und die gro\u00dfe Auswahl an Musikquellen machen PRIMUS zu einem wahren Tausendsassa in Ihrem Wohnzimmer. Grosse Auswahl muss aber nicht gleich komplizierte Bedienung bedeuten. Einfache Einrichtung, praktische Direktwahltasten und ein Kopfh\u00f6rerausgang an der Front, Bedienung per Smartphone oder Fernbedienung sowie eine Vielzahl voreingestellter Equalizer lassen Sie das PRIMUS einfach und schnell bedienen.<\/p>\n<p>Grosse Auswahl<\/p>\n<p>H\u00f6ren Sie Ihre Lieblingsmusik via Internetradio, DAB+ Digitalradio, per Bluetooth von Ihrem Tablet und Smartphone oder aus Ihrer auf dem USB-Stick gespeicherten Musiksammlung. Greifen Sie auf \u00fcber 25.000 nationale und internationale Internet-Radiostationen und Podcasts zu, geben Sie ihre Lieblingsst\u00fccke bequem \u00fcber WLAN oder Bluetooth wieder und streamen Sie \u00fcber integrierte Dienste wie Spotify Connect, Amazon Music, TIDAL, Napster, Deezer und Qobuz direkt auf dem PRIMUS.<\/p>\n","protected":false},"excerpt":{"rendered":"<p>PRODUKTHIGHLIGHTS<br \/>\nHochqualitatives 2-Wege Audio-System mit integriertem und kraftvollem Subwoofer<br \/>\nStr\u00f6mungsoptimiertes Bassreflexrohr f\u00fcr ein sensationelles Klangerlebnis<br \/>\nSoftwareoptimierter digitaler Soundprozessor (DSP) der neuesten Generation<br \/>\nZugriff auf zahlreiche Streamingdienste wie Spotify Connect, TIDAL, Napster, Amazon Music, Qobuz, Deezer<br \/>\nZugriff auf \u00fcber 25.000 Internet Radio-Stationen und Podcasts weltweit<br \/>\nQualcom m aptX\u2122 Bluetooth\u00ae zur kabellosen Musikwiedergabe in h\u00f6chster Qualit\u00e4t<br \/>\nBidirektionale Bluetooth\u00ae Verbindung f\u00fcr kabellose Bluetooth\u00ae Kopfh\u00f6rer<\/p>\n","protected":false},"featured_media":7664,"comment_status":"closed","ping_status":"closed","template":"","meta":[],"product_brand":[225],"product_cat":[33,50],"product_tag":[],"class_list":{"0":"post-7655","1":"product","2":"type-product","3":"status-publish","4":"has-post-thumbnail","6":"product_brand-sonoro","7":"product_cat-audio-stationaer","8":"product_cat-hifi-anlage-micro-midi","9":"product_shipping_class-lieferung-basic-audio","11":"first","12":"onbackorder","13":"taxable","14":"shipping-taxable","15":"purchasable","16":"product-type-variable","17":"has-default-attributes","18":"rtwpvg-product"},"_links":{"self":[{"href":"https:\/\/spuehler-tv.ch\/onlineshop\/wp-json\/wp\/v2\/product\/7655","targetHints":{"allow":["GET"]}}],"collection":[{"href":"https:\/\/spuehler-tv.ch\/onlineshop\/wp-json\/wp\/v2\/product"}],"about":[{"href":"https:\/\/spuehler-tv.ch\/onlineshop\/wp-json\/wp\/v2\/types\/product"}],"replies":[{"embeddable":true,"href":"https:\/\/spuehler-tv.ch\/onlineshop\/wp-json\/wp\/v2\/comments?post=7655"}],"wp:featuredmedia":[{"embeddable":true,"href":"https:\/\/spuehler-tv.ch\/onlineshop\/wp-json\/wp\/v2\/media\/7664"}],"wp:attachment":[{"href":"https:\/\/spuehler-tv.ch\/onlineshop\/wp-json\/wp\/v2\/media?parent=7655"}],"wp:term":[{"taxonomy":"product_brand","embeddable":true,"href":"https:\/\/spuehler-tv.ch\/onlineshop\/wp-json\/wp\/v2\/product_brand?post=7655"},{"taxonomy":"product_cat","embeddable":true,"href":"https:\/\/spuehler-tv.ch\/onlineshop\/wp-json\/wp\/v2\/product_cat?post=7655"},{"taxonomy":"product_tag","embeddable":true,"href":"https:\/\/spuehler-tv.ch\/onlineshop\/wp-json\/wp\/v2\/product_tag?post=7655"}],"curies":[{"name":"wp","href":"https:\/\/api.w.org\/{rel}","templated":true}]}}