{"id":7634,"date":"2021-07-13T12:02:22","date_gmt":"2021-07-13T12:02:22","guid":{"rendered":"https:\/\/spuehler-tv.ch\/onlineshop\/?post_type=product&#038;p=7634"},"modified":"2026-01-06T17:24:31","modified_gmt":"2026-01-06T16:24:31","slug":"fritz-phone-c6-avm-funk-ip-dect-telefon-2","status":"publish","type":"product","link":"https:\/\/spuehler-tv.ch\/onlineshop\/produkt\/fritz-phone-c6-avm-funk-ip-dect-telefon-2\/","title":{"rendered":"Fritz! Phone C6 (AVM) &#8211; Funk IP\/DECT Telefon"},"content":{"rendered":"<div class=\"mb-15\">\n<p>Mit dem Schnurlostelefon FRITZ!Fon C6 Black f\u00fcr die FRITZ!Box erweitert AVM die FRITZ!Fon-Reihe um eine neue Farbvariante des Spitzenmodells FRITZ!Fon C6. FRITZ!Fon C6 Black zeichnet sich durch ein ergonomisches und modernes Design, ausgefeilte Komfortfunktionen, bestechende Akustikeigenschaften und ein brillantes Farbdisplay aus.<\/p>\n<p><strong>HD-Telefonie, Internetdienste und Smarthome-Steuerung<br \/>\n<\/strong>FRITZ!Fon C6 Black \u00fcberzeugt durch ein beeindruckendes Klangbild (High Definition) sowie zahlreiche Internetdienste wie den Empfang von E-Mails, Internetradio, News-Feeds, Podcasts und den Wetterbildschirm. Auch f\u00fcr Smarthome-Anwendungen, wie das Schalten von Ger\u00e4ten mithilfe der intelligenten Steckdosen FRITZ!DECT 200\/210 und zur Steuerung der smarten Lampe FRITZ!DECT 500 sowie des Heizk\u00f6rperreglers FRITZ!DECT 301 kann das FRITZ!Fon eingesetzt werden. Das brillante Farbdisplay (180 ppi), eine beleuchtete Tastatur sowie die intuitive Men\u00fcf\u00fchrung unterst\u00fctzen den Anwender bei der Telefonie, Navigation und der Nutzung der Dienste.<\/p>\n<p><strong>Umfangreiche Komfortfunktionen<br \/>\n<\/strong>FRITZ!Fon C6 Black beherrscht s\u00e4mtliche aus der Produktreihe bekannten Komfortmerkmale und stellt im Zusammenspiel mit einer FRITZ!Box bis zu 5 digitale Anrufbeantworter, eine \u00fcbersichtliche Anrufliste sowie Telefonb\u00fccher mit bis zu 300 Eintr\u00e4gen bereit. Eingegangene Anrufe, Nachrichten auf dem Anrufbeantworter, E-Mails und Software-Updates werden an das FRITZ!Fon per Display und MWI-Taste signalisiert und sind auf Knopfdruck verf\u00fcgbar. F\u00fcr l\u00e4ngere Akkulaufzeiten sorgen ein extra ausdauernder Akku, das smarte Energiemanagement sowie ein sensibler Helligkeitssensor, der die Beleuchtung von Display und Tastatur je nach Umgebungslicht anpasst. Der integrierte Bewegungssensor weckt das Telefon aus dem Standby, wenn der Nutzer es in die Hand nimmt.<\/p>\n<p><strong>FRITZ!Box als idealer Partner<br \/>\n<\/strong>Alle FRITZ!Box-Modelle mit integrierter DECT-Basisstation &#8211; egal ob f\u00fcr DSL, Kabel oder LTE &#8211; sind ideal f\u00fcr das FRITZ!Fon C6 Black geeignet. Die FRITZ!Box stellt s\u00e4mtliche Datendienste und Komfortfunktionen f\u00fcr das FRITZ!Fon zur Verf\u00fcgung. Einstellungen werden bequem \u00fcber die FRITZ!Box-Benutzeroberfl\u00e4che vorgenommen. Alle Sprach-, Audio- und Steuerdaten werden \u00fcber den robusten DECT-Funk sicher verschl\u00fcsselt \u00fcbertragen. Bei aktiviertem DECT Eco Mode schalten die FRITZ!Box und die Handger\u00e4te den DECT-Funk im Standy-by-Betrieb vollst\u00e4ndig ab.<\/p>\n<\/div>\n<p class=\"h4\">PRODUKT-HIGHLIGHTS<\/p>\n<div class=\"marketing-texts-tab mb-15\">\n<ul>\n<li>Komfort-Schnurlostelefon mit intuitiver Men\u00fcf\u00fchrung f\u00fcr alle FRITZ!Box-Modelle mit DECT-Basisstation<\/li>\n<li>Brillante HD-Telefonie, Full-Duplex-Freisprechen,<\/li>\n<li>\u00dcbersichtliche Men\u00fcs auf hochwertigem Farbdisplay (180 ppi), 240 x 320 Pixel, 262.000 Farben<\/li>\n<li>Nutzung von Internetdiensten: E-Mails, Webradio, Feeds, Podcasts sowie Live Bild von Webcams<\/li>\n<li>Steuerung von FRITZ!Box-Funktionen, z.B. WLAN-Schaltung, Smarthome-Anwendungen, Wiedergabefunktion des Mediaservers<\/li>\n<li>Komfort-Funktionen wie Klingelt\u00f6ne und Hintergrundbilder einfach \u00fcber die FRITZ!Box-Oberfl\u00e4che verwalten<\/li>\n<li>Bis zu 16 Stunden Gespr\u00e4chszeit, bis zu 12 Tage Stand-by,<\/li>\n<li>Telefonb\u00fccher f\u00fcr bis zu 300 Eintr\u00e4ge, Online-Telefonbuch verf\u00fcgbar<\/li>\n<li>Mehrere Anrufbeantworter mit Men\u00fcsteuerung und Fernabfrage,<\/li>\n<\/ul>\n<\/div>\n<div class=\"mb-15 desc\">FRITZ!Fon C6 zeichnet sich durch ein ergonomisches und modernes Design, ausgefeilte Komfortfunktionen, bestechende Akustikeigenschaften und ein brillantes Farbdisplay aus. FRITZ!Fon C6 \u00fcberzeugt durch ein beeindruckendes Klangbild (High Definition) sowie zahlreiche Internetdienste wie den Empfang von E-Mails, Internetradio, News-Feeds und Podcasts. Auch f\u00fcr Smarthome-Anwendungen, wie das Schalten von Ger\u00e4ten mithilfe der intelligenten Steckdose FRITZ!DECT 200\/210, oder zur Steuerung des Heizk\u00f6rperreglers FRITZ!DECT 301 kann das FRITZ!Fon eingesetzt werden. Das brillante Farbdisplay (180 ppi), eine beleuchtete Tastatur sowie die intuitive Men\u00fcf\u00fchrung unterst\u00fctzen den Anwender bei der Telefonie, Navigation und Nutzung der Dienste. FRITZ!Fon C6 beherrscht s\u00e4mtliche aus der Produktreihe bekannten Komfortmerkmale und stellt im Zusammenspiel mit einer FRITZ!Box bis zu 5 digitale Anrufbeantworter, eine \u00fcbersichtliche Anrufliste sowie Telefonb\u00fccher mit bis zu 300 Eintr\u00e4gen bereit. Eingegangene Anrufe, Nachrichten auf dem Anrufbeantworter, E-Mails und Software-Updates werden an das FRITZ!Fon per Display und MWI-Taste signalisiert und sind auf Knopfdruck verf\u00fcgbar. F\u00fcr l\u00e4ngere Akkulaufzeiten sorgen der vergr\u00f6sserte Akku, ein smartes Energiemanagement sowie ein sensibler Helligkeitssensor, der die Beleuchtung von Display und Tastatur je nach Umgebungslicht anpasst. Der integrierte Bewegungssensor weckt das Telefon aus dem Standby, wenn der Nutzer es in die Hand nimmt. Alle FRITZ!Box-Modelle mit integrierter DECT-Basisstation egal ob f\u00fcr DSL, Kabel oder LTE sind ideal f\u00fcr das FRITZ!Fon C6 geeignet. Die FRITZ!Box stellt s\u00e4mtliche Datendienste und Komfortfunktionen f\u00fcr das FRITZ!Fon zur Verf\u00fcgung. Einstellungen k\u00f6nnen bequem \u00fcber die FRITZ!Box-Benutzeroberfl\u00e4che vorgenommen werden.<\/div>\n","protected":false},"excerpt":{"rendered":"<ul>\n<li>Komfort-Schnurlostelefon mit intuitiver Men\u00fcf\u00fchrung f\u00fcr alle FRITZ!Box-Modelle mit DECT-Basisstation<\/li>\n<li>Brillante HD-Telefonie, Full-Duplex-Freisprechen,<\/li>\n<li>\u00dcbersichtliche Men\u00fcs auf hochwertigem Farbdisplay (180 ppi), 240 x 320 Pixel, 262.000 Farben<\/li>\n<li>Nutzung von Internetdiensten: E-Mails, Webradio, Feeds, Podcasts sowie Live Bild von Webcams<\/li>\n<\/ul>\n","protected":false},"featured_media":7639,"comment_status":"closed","ping_status":"closed","template":"","meta":[],"product_brand":[242],"product_cat":[142],"product_tag":[],"class_list":{"0":"post-7634","1":"product","2":"type-product","3":"status-publish","4":"has-post-thumbnail","6":"product_brand-fritz","7":"product_cat-festnetz-telefonie","8":"product_shipping_class-lieferung-basic-audio","10":"first","11":"onbackorder","12":"taxable","13":"shipping-taxable","14":"purchasable","15":"product-type-variable","16":"has-default-attributes","17":"rtwpvg-product"},"_links":{"self":[{"href":"https:\/\/spuehler-tv.ch\/onlineshop\/wp-json\/wp\/v2\/product\/7634","targetHints":{"allow":["GET"]}}],"collection":[{"href":"https:\/\/spuehler-tv.ch\/onlineshop\/wp-json\/wp\/v2\/product"}],"about":[{"href":"https:\/\/spuehler-tv.ch\/onlineshop\/wp-json\/wp\/v2\/types\/product"}],"replies":[{"embeddable":true,"href":"https:\/\/spuehler-tv.ch\/onlineshop\/wp-json\/wp\/v2\/comments?post=7634"}],"wp:featuredmedia":[{"embeddable":true,"href":"https:\/\/spuehler-tv.ch\/onlineshop\/wp-json\/wp\/v2\/media\/7639"}],"wp:attachment":[{"href":"https:\/\/spuehler-tv.ch\/onlineshop\/wp-json\/wp\/v2\/media?parent=7634"}],"wp:term":[{"taxonomy":"product_brand","embeddable":true,"href":"https:\/\/spuehler-tv.ch\/onlineshop\/wp-json\/wp\/v2\/product_brand?post=7634"},{"taxonomy":"product_cat","embeddable":true,"href":"https:\/\/spuehler-tv.ch\/onlineshop\/wp-json\/wp\/v2\/product_cat?post=7634"},{"taxonomy":"product_tag","embeddable":true,"href":"https:\/\/spuehler-tv.ch\/onlineshop\/wp-json\/wp\/v2\/product_tag?post=7634"}],"curies":[{"name":"wp","href":"https:\/\/api.w.org\/{rel}","templated":true}]}}