{"id":7582,"date":"2021-05-14T11:40:38","date_gmt":"2021-05-14T11:40:38","guid":{"rendered":"https:\/\/spuehler-tv.ch\/onlineshop\/?post_type=product&#038;p=7582"},"modified":"2026-01-06T16:47:13","modified_gmt":"2026-01-06T15:47:13","slug":"ir1450we-soundmaster-unterbau-kueche-internetradio","status":"publish","type":"product","link":"https:\/\/spuehler-tv.ch\/onlineshop\/produkt\/ir1450we-soundmaster-unterbau-kueche-internetradio\/","title":{"rendered":"IR1450WE (Soundmaster) &#8211; Unterbau (K\u00fcche) Internetradio"},"content":{"rendered":"<h2 class=\"ProductDescription-Title\">Soundmaster K\u00fcchenradio IR1450WE Weiss<\/h2>\n<h3 class=\"ProductDescription-Subtitle\">Internetradio f\u00fcr K\u00fcchenunterbau oder als Standger\u00e4t verwendbar<\/h3>\n<div class=\"ProductDescription-BulletPoints\">\n<ul class=\"cds-List cds-List--Bulleted\">\n<li>Internetradio: \u00dcber 26.000 Radiosender streamen, sortiert nach Genres, L\u00e4ndern und Popularit\u00e4t<\/li>\n<li>Musik Netzwerkplayer \u2013 DLNA und UPNP<\/li>\n<li>Montagesatz f\u00fcr K\u00fcchenunterbau inklusive \u2013 Auch als Standger\u00e4t verwendbar<\/li>\n<li>2.8&#8243; TFT Farbdisplay, K\u00fcchentimer, Sleep Timer, Schlummerfunktion, Uhrzeit mit 2 Alarmzeiten und Wettervorhersage<\/li>\n<li>Fernbedienung<\/li>\n<\/ul>\n<\/div>\n","protected":false},"excerpt":{"rendered":"<p>Das Ideale K\u00fcchenradio &#8211; Ersatz f\u00fcr UKW K\u00fcchenradio<\/p>\n","protected":false},"featured_media":7587,"comment_status":"open","ping_status":"closed","template":"","meta":[],"product_brand":[227],"product_cat":[33],"product_tag":[],"class_list":{"0":"post-7582","1":"product","2":"type-product","3":"status-publish","4":"has-post-thumbnail","6":"product_brand-soundmaster","7":"product_cat-audio-stationaer","8":"product_shipping_class-lieferung-basic-audio","10":"first","11":"instock","12":"taxable","13":"shipping-taxable","14":"purchasable","15":"product-type-simple"},"_links":{"self":[{"href":"https:\/\/spuehler-tv.ch\/onlineshop\/wp-json\/wp\/v2\/product\/7582","targetHints":{"allow":["GET"]}}],"collection":[{"href":"https:\/\/spuehler-tv.ch\/onlineshop\/wp-json\/wp\/v2\/product"}],"about":[{"href":"https:\/\/spuehler-tv.ch\/onlineshop\/wp-json\/wp\/v2\/types\/product"}],"replies":[{"embeddable":true,"href":"https:\/\/spuehler-tv.ch\/onlineshop\/wp-json\/wp\/v2\/comments?post=7582"}],"wp:featuredmedia":[{"embeddable":true,"href":"https:\/\/spuehler-tv.ch\/onlineshop\/wp-json\/wp\/v2\/media\/7587"}],"wp:attachment":[{"href":"https:\/\/spuehler-tv.ch\/onlineshop\/wp-json\/wp\/v2\/media?parent=7582"}],"wp:term":[{"taxonomy":"product_brand","embeddable":true,"href":"https:\/\/spuehler-tv.ch\/onlineshop\/wp-json\/wp\/v2\/product_brand?post=7582"},{"taxonomy":"product_cat","embeddable":true,"href":"https:\/\/spuehler-tv.ch\/onlineshop\/wp-json\/wp\/v2\/product_cat?post=7582"},{"taxonomy":"product_tag","embeddable":true,"href":"https:\/\/spuehler-tv.ch\/onlineshop\/wp-json\/wp\/v2\/product_tag?post=7582"}],"curies":[{"name":"wp","href":"https:\/\/api.w.org\/{rel}","templated":true}]}}