{"id":7393,"date":"2021-02-04T13:29:50","date_gmt":"2021-02-04T13:29:50","guid":{"rendered":"https:\/\/spuehler-tv.ch\/onlineshop\/?post_type=product&#038;p=7393"},"modified":"2026-01-06T17:30:46","modified_gmt":"2026-01-06T16:30:46","slug":"dlan-magic-1-wifi-mini-einzeladapter-ch-devolo-powerline-adapter","status":"publish","type":"product","link":"https:\/\/spuehler-tv.ch\/onlineshop\/produkt\/dlan-magic-1-wifi-mini-einzeladapter-ch-devolo-powerline-adapter\/","title":{"rendered":"Magic 1 WiFi Mini Einzeladapter CH (Devolo) &#8211; Powerline Adapter Erweiterung"},"content":{"rendered":"<p><span style=\"color: #ff0000;\"><strong>ACHTUNG! Ben\u00f6tigt bereits ein vorhandenes Devolo dLAN Magic Hauptger\u00e4t! Dies ist eine Erweiterung\u2026 ACHTUNG!<\/strong><\/span><\/p>\n<p class=\"product-tab-title mb-30\">Artikeldetails f\u00fcr Devolo Magic 1 WiFi mini (weiss)<\/p>\n<div class=\"mb-15\">Digitalen Lifestyle in jeder Hinsicht bietet der devolo Magic 1 WiFi mini. Mit dem kompakten Adapter im Mini-Design optimieren oder erweitern Sie ganz einfach Ihr Heimnetzwerk. Das dank Mesh-Funktion und G.hn-Technologie auch zukunftssicher ist. Dabei f\u00fcgt sich der Magic 1 WiFi mini unauff\u00e4llig in die Umgebung ein und zeigt seine Gr\u00f6\u00dfe nur da, wo es drauf ankommt. Die Powerline-Technologie sorgt f\u00fcr eine stabile Verbindung bei Geschwindigkeiten von bis zu 1200 Mbit\/s, auch \u00fcber weite Strecken. F\u00fcr zuverl\u00e4ssiges Internet \u00fcberall im Haus. Der Fast Ethernet Port bietet Anschluss f\u00fcr Smart-TV, PC oder Drucker. Machen Sie den Schritt in die Zukunft schon heute &#8211; mit dem Magic 1 WiFi mini von devolo.<\/div>\n<p class=\"h4\">PRODUKT-HIGHLIGHTS<\/p>\n<div class=\"marketing-texts-tab mb-15\">\n<ul>\n<li>Unkompliziert und unauff\u00e4llig: Mit seinem kompakten Design h\u00e4lt sich der kleinste Magic-Adapter diskret im Hintergrund \u2013 und stellt seine starke Leistung in den Vordergrund<\/li>\n<li>Smarte Mesh-Vernetzung: F\u00fcr eine fl\u00e4chendeckend stabile Verbindung mit bis zu 1200 Mbit\/s \u00fcber Powerline<\/li>\n<li>Stabil \u00fcber die Stromleitung: Innovatives Mesh-WLAN und bew\u00e4hrte Powerline-Technologie bringen Sie nahtlos mit der st\u00e4rksten Verbindung ins Internet<\/li>\n<li>Plug &amp; Play: Einfach in die Steckdose stecken \u2013 sekundenschnell verbindet sich der Adapter auf Knopfdruck mit Ihrem Magic-Netzwerk und ist sofort betriebsbereit<\/li>\n<li>Findet schnell Anschluss: 1 LAN Ethernet Port (10\/100 Mbit\/s),<\/li>\n<li>Smart &amp; einfach: Steuerung der Adapter \u00fcber die devolo Home Network App m\u00f6glich<\/li>\n<li>Effiziente Arbeit: Nutzt alle drei Adern im Stromnetz f\u00fcr hohe Performance und Stabilit\u00e4t<\/li>\n<li>Sichere Verschl\u00fcsselung per Knopfdruck: 128 Bit AES f\u00fcr die Powerline-Verbindung<\/li>\n<li>Praktische Zusatzfunktionen: Kindersicherung, Gast-WLAN, Zeitsteuerung und Config-Sync sind integriert<\/li>\n<\/ul>\n<\/div>\n<div class=\"mb-15 desc\">Der Magic 1 WiFi mini bietet ein zuverl\u00e4ssiges und stabiles Internet-Signal &#8211; genau dort, wo Sie es brauchen. So macht das Serien-Streamen garantiert mehr Freude und auch das Arbeiten im Home Office geht entspannter von der Hand. devolo Magic nutzt die innovative G.hn-Technologie, die h\u00f6chste \u00dcbertragungs-Geschwindigkeiten bietet. Volle Leistung spielen die Ger\u00e4te daher nur in einer reinen G.hn-Umgebung aus, wenn keine anderen PLC-Adapter parallel verwendet werden. Sobald Sie das 1 WiFi mini Starter Kit auspacken, geht es ganz schnell. Bringen Sie die Adapter an freien Steckdosen an und verbinden Sie einen davon \u00fcber LAN mit Ihrem Router. Jetzt k\u00f6nnen Sie die Sekunden z\u00e4hlen: Die Magic-Adapter verbinden sich von allein miteinander und sind sofort einsatzbereit. Vorteile im \u00dcberblick. Schnelle Installation: Adapter einstecken &#8211; fertig. Die Synchronisation der einzelnen Magic-Adapter erfolgt automatisch. Bauen Sie sich was auf. Ihr Mesh-Netzwerk l\u00e4sst sich problemlos um weitere Magic-Adapter von devolo erweitern. Komfortabel: Steuern Sie Ihre Adapter ganz einfach \u00fcber die devolo Home Network App. Hier kann jeder surfen: Einfach einzurichtende Kindersicherung und G\u00e4ste-WLAN.<\/div>\n","protected":false},"excerpt":{"rendered":"<p><strong>Kein schw\u00e4chelndes WiFi-Signal und keine Verbindungsabbr\u00fcche mehr, daf\u00fcr stabiles WLAN im ganzen Haus das erm\u00f6glicht der kleinste Magic Adapter von devolo mit einem Knopfdruck!<\/strong><\/p>\n<p>Die Magic 1 WiFi mini -Adapter wandeln das Internetsignal aus der Steckdose in ein WiFi-Signal um und werden so zu praktischen Hotspots. Dabei verteilen die dezenten Adapter via Powerline-Technologie nicht nur Ihr Internetsignal \u00fcber die Stromleitung im ganzen Haus, sondern vereinen sich von ganz allein zu einem Mesh-Netzwerk. Bei Mesh-WLAN teilen sich alle WiFi-Sender dasselbe Netzwerk, inklusive Netzwerk-Namen und -passwort. Sobald Sie sich einmal ins WLAN-Netz eingew\u00e4hlt haben, kann sich Ihr mobiles Endger\u00e4t immer automatisch mit dem n\u00e4chstgelegenen Router oder Magic-Adapter verbinden.<\/p>\n","protected":false},"featured_media":7394,"comment_status":"closed","ping_status":"closed","template":"","meta":[],"product_brand":[243],"product_cat":[61],"product_tag":[],"class_list":{"0":"post-7393","1":"product","2":"type-product","3":"status-publish","4":"has-post-thumbnail","6":"product_brand-devolo","7":"product_cat-powerline","8":"product_shipping_class-lieferung-basic-audio","10":"first","11":"onbackorder","12":"taxable","13":"shipping-taxable","14":"purchasable","15":"product-type-simple"},"_links":{"self":[{"href":"https:\/\/spuehler-tv.ch\/onlineshop\/wp-json\/wp\/v2\/product\/7393","targetHints":{"allow":["GET"]}}],"collection":[{"href":"https:\/\/spuehler-tv.ch\/onlineshop\/wp-json\/wp\/v2\/product"}],"about":[{"href":"https:\/\/spuehler-tv.ch\/onlineshop\/wp-json\/wp\/v2\/types\/product"}],"replies":[{"embeddable":true,"href":"https:\/\/spuehler-tv.ch\/onlineshop\/wp-json\/wp\/v2\/comments?post=7393"}],"wp:featuredmedia":[{"embeddable":true,"href":"https:\/\/spuehler-tv.ch\/onlineshop\/wp-json\/wp\/v2\/media\/7394"}],"wp:attachment":[{"href":"https:\/\/spuehler-tv.ch\/onlineshop\/wp-json\/wp\/v2\/media?parent=7393"}],"wp:term":[{"taxonomy":"product_brand","embeddable":true,"href":"https:\/\/spuehler-tv.ch\/onlineshop\/wp-json\/wp\/v2\/product_brand?post=7393"},{"taxonomy":"product_cat","embeddable":true,"href":"https:\/\/spuehler-tv.ch\/onlineshop\/wp-json\/wp\/v2\/product_cat?post=7393"},{"taxonomy":"product_tag","embeddable":true,"href":"https:\/\/spuehler-tv.ch\/onlineshop\/wp-json\/wp\/v2\/product_tag?post=7393"}],"curies":[{"name":"wp","href":"https:\/\/api.w.org\/{rel}","templated":true}]}}