{"id":7391,"date":"2021-02-04T12:54:57","date_gmt":"2021-02-04T12:54:57","guid":{"rendered":"https:\/\/spuehler-tv.ch\/onlineshop\/?post_type=product&#038;p=7391"},"modified":"2026-01-06T17:30:46","modified_gmt":"2026-01-06T16:30:46","slug":"dlan-magic-1-wifi-mini-starterkit-ch-devolo-powerline-adapter","status":"publish","type":"product","link":"https:\/\/spuehler-tv.ch\/onlineshop\/produkt\/dlan-magic-1-wifi-mini-starterkit-ch-devolo-powerline-adapter\/","title":{"rendered":"Magic 1 WiFi Mini Starterkit CH (Devolo) &#8211; Powerline Adapter"},"content":{"rendered":"<section id=\"c74032\" class=\"default container iconlist mb-6\">\n<div class=\"row img_right-text-left\">\n<div class=\"col-md-6 d-flex align-content-stretch flex-wrap aligner\">\n<div class=\"flex pr-lg-5\">\n<div class=\"d-flex mb-3\">\n<header>\n<h2 class=\"\">Produktdetails<\/h2>\n<\/header>\n<\/div>\n<div class=\"iconlist\" data-mh=\"sameHeight-TI-74032\">\n<p><strong>Der Magic 1 WiFi mini bietet ein zuverl\u00e4ssiges und stabiles Internet-Signal \u2013 genau dort, wo Sie es brauchen. Praktisch: Mit seinem kompakten Design f\u00e4llt der Adapter \u00fcberhaupt nicht auf \u2013 seine Power hingegen sp\u00fcren Sie st\u00e4ndig. So macht das Serien-Streamen garantiert mehr Freude und auch das Arbeiten im Home Office geht entspannter von der Hand.<\/strong><\/p>\n<p>&nbsp;<\/p>\n<p><em>devolo Magic Adapter sind mit allen Routern, Netzwerkger\u00e4ten, devolo Magic-Adaptern und vom HomeGrid Forum zertifizierten Produkten kompatibel. dLAN\u00ae\u00a0<span class=\"tips\" data-tippy-html=\"#devoloOverlay55622\" data-tippy=\"\"><a href=\"https:\/\/www.devolo.ch\/glossar\/powerline-netzwerk\" rel=\"noopener\">Powerline-Adapter<\/a><\/span>\u00a0und andere\u00a0<span class=\"tips\" data-tippy-html=\"#devoloOverlay54651\" data-tippy=\"\"><a href=\"https:\/\/www.devolo.ch\/glossar\/homeplug\" rel=\"noopener\">HomePlug<\/a><\/span>\u00a0AV-Produkte einschliesslich des devolo Outdoor WiFi Powerline-Adapter werden nicht unterst\u00fctzt.<\/em><\/p>\n<\/div>\n<\/div>\n<\/div>\n<div class=\"col-md-6 pl-xl-0\">\n<div class=\"image-wrapper loaded\"><img decoding=\"async\" class=\"b-lazy b-loaded\" src=\"https:\/\/www.devolo.ch\/fileadmin\/_processed_\/9\/2\/csm_Meassurements_Comparison_Magic_mini_Creditcard_1200x652px_88e9b35bf1.png\" alt=\"\" \/><\/div>\n<\/div>\n<\/div>\n<\/section>\n<section id=\"c74028\" class=\"bg-lightOP mb-0\">\n<div class=\"container\">\n<div class=\"row text-center\">\n<div class=\"col-md-12 \">\n<div class=\"flex\">\n<div class=\"mb-3\">\n<header>\n<h2 class=\"\">State-of-the-Art-Technologie: G.hn<\/h2>\n<\/header>\n<\/div>\n<div class=\"iconlist\" data-mh=\"sameHeight-TI-74028\">\n<p>Mit den G.hn-Chips der zweiten Generation bieten wir State-of-the-Art Technologie. G.hn ist ein neuer technischer Standard, der eine deutliche Geschwindigkeitssteigerung in der\u00a0<span class=\"tips\" data-tippy-html=\"#devoloOverlay52247\" data-tippy=\"\"><a href=\"https:\/\/www.devolo.ch\/glossar\/datenuebertragungsrate\" rel=\"noopener\">Daten\u00fcbertragungsrate<\/a><\/span>\u00a0mit sich bringt und zur besseren Internetstabilit\u00e4t beitr\u00e4gt. So k\u00f6nnen Sie sich schon heute zur\u00fccklehnen und auf das Entertainment-Angebot der Zukunft freuen \u2013 die Basis daf\u00fcr haben Sie mit den Magic Adaptern schon im Haus.<\/p>\n<\/div>\n<\/div>\n<\/div>\n<\/div>\n<\/div>\n<\/section>\n<section id=\"c74027\"><\/section>\n<section id=\"c74026\" class=\"bg-light pt-5 pb-5 mb-0\">\n<div class=\"container\">\n<div class=\"row \">\n<div class=\"col-md-4 \">\n<section id=\"c74024\" class=\"default container iconlist mb-6\">\n<div class=\"row text-center\">\n<div class=\"col-md-12 mb-5\">\n<div class=\"image-wrapper loaded\"><img decoding=\"async\" class=\"b-lazy b-loaded\" src=\"https:\/\/www.devolo.ch\/fileadmin\/_processed_\/d\/b\/csm_shutterstock_1324957286_1200x800px_86426dc1f0.jpg\" alt=\"\" \/><\/div>\n<\/div>\n<div class=\"col-md-12 \">\n<div class=\"flex\">\n<div class=\"mb-3\">\n<header>\n<h3 class=\"\">UHD-Streaming<\/h3>\n<\/header>\n<\/div>\n<div class=\"iconlist\" data-mh=\"sameHeight-TI-Grid-74026\">\n<p>Schon bald wird es die ersten Film-Streaming-Angebote mit 8k-Aufl\u00f6sung geben.<\/p>\n<\/div>\n<div class=\"textImageButton mt-4\"><a id=\"74024\" class=\"btn btn-primary\" href=\"https:\/\/www.devolo.ch\/streaming\" rel=\"noopener\">Mehr zu Streaming<\/a><\/div>\n<\/div>\n<\/div>\n<\/div>\n<\/section>\n<\/div>\n<div class=\"col-md-4 \">\n<section id=\"c74023\" class=\"default container iconlist mb-6\">\n<div class=\"row text-center\">\n<div class=\"col-md-12 mb-5\">\n<div class=\"image-wrapper loaded\"><img decoding=\"async\" class=\"b-lazy b-loaded\" src=\"https:\/\/www.devolo.ch\/fileadmin\/_processed_\/8\/8\/csm_Fotolia_212623866_L_1200x800px_8f6c7fe332.jpg\" alt=\"\" \/><\/div>\n<\/div>\n<div class=\"col-md-12 \">\n<div class=\"flex\">\n<div class=\"mb-3\">\n<header>\n<h3 class=\"\">Cloud Gaming<\/h3>\n<\/header>\n<\/div>\n<div class=\"iconlist\" data-mh=\"sameHeight-TI-Grid-74026\">\n<p>Im Gaming-Bereich geht der Trend immer weiter weg von der klassischen Spielkonsole hin zum kompletten Streaming \u00fcber externe Server.<\/p>\n<\/div>\n<div class=\"textImageButton mt-4\"><a id=\"74023\" class=\"btn btn-primary\" href=\"https:\/\/www.devolo.ch\/cloud-gaming\" rel=\"noopener\">Mehr zu Cloud Gaming<\/a><\/div>\n<\/div>\n<\/div>\n<\/div>\n<\/section>\n<\/div>\n<div class=\"col-md-4 \">\n<section id=\"c74025\" class=\"default container iconlist mb-6\">\n<div class=\"row text-center\">\n<div class=\"col-md-12 mb-5\">\n<div class=\"image-wrapper loaded\"><img decoding=\"async\" class=\"b-lazy b-loaded\" src=\"https:\/\/www.devolo.ch\/fileadmin\/_processed_\/3\/5\/csm_Fotolia_193831165_XL_1200x800_760bdd4429.jpg\" alt=\"\" \/><\/div>\n<\/div>\n<div class=\"col-md-12 \">\n<div class=\"flex\">\n<div class=\"mb-3\">\n<header>\n<h3 class=\"\">Bestens gewappnet f\u00fcr modernes Entertaining<\/h3>\n<\/header>\n<\/div>\n<div class=\"iconlist\" data-mh=\"sameHeight-TI-Grid-74026\">\n<p>Doch wenn Sie einen ultrahochaufl\u00f6senden Film oder ein Spiel mit High End-Grafik ruckelfrei streamen m\u00f6chten, brauchen Sie eine entsprechend schnelle\u00a0<span class=\"tips\" data-tippy-html=\"#devoloOverlay52227\" data-tippy=\"\"><a href=\"https:\/\/www.devolo.ch\/glossar\/datenuebertragungsrate\" rel=\"noopener\">Daten\u00fcbertragungsrate<\/a><\/span>. Mit dem Magic 1 WiFi mini und anderen Magic-Adaptern sind Sie f\u00fcr modernes Entertainment bestens gewappnet.<\/p>\n<\/div>\n<\/div>\n<\/div>\n<\/div>\n<\/section>\n<\/div>\n<\/div>\n<\/div>\n<\/section>\n<section id=\"c74721\"><\/section>\n<section id=\"c74031\" class=\"bg-lightOP mb-0\">\n<section class=\"container mb-0\">\n<div id=\"Tab74031\" class=\"HorizontalTab HorizontalTab_1 tabs_hor_1\">\n<ul class=\"resp-tabs-list hor_1\">\n<li class=\"tabs-1 resp-tab-item hor_1 resp-tab-active\" role=\"tab\" aria-controls=\"hor_1_tab_item-0\"><span class=\"tabs-text\">Starter Kit<\/span><\/li>\n<li class=\"tabs-1 resp-tab-item hor_1\" role=\"tab\" aria-controls=\"hor_1_tab_item-1\"><span class=\"tabs-text\">Beliebige Erweiterung<\/span><\/li>\n<\/ul>\n<div class=\"resp-tabs-container hor_1\">\n<div class=\"fc-tab-1 resp-tab-content hor_1 resp-tab-content-active\" aria-labelledby=\"hor_1_tab_item-0\">\n<section id=\"c74030\" class=\"default container iconlist mb-6\">\n<div class=\"row img_right-text-left\">\n<div class=\"col-md-6 d-flex align-content-stretch flex-wrap aligner\">\n<div class=\"flex pr-lg-5\">\n<div class=\"d-flex mb-3\">\n<header>\n<h2 class=\"\">Installation<\/h2>\n<\/header>\n<\/div>\n<div class=\"iconlist\" data-mh=\"sameHeight-TI-Grid-74031\">\n<p>Sobald Sie das 1 WiFi mini Starter Kit auspacken, geht es ganz schnell. Bringen Sie die Adapter an freien Steckdosen an und verbinden Sie einen davon \u00fcber LAN mit Ihrem Router. Jetzt k\u00f6nnen Sie die Sekunden z\u00e4hlen: Die Magic-Adapter verbinden sich von allein miteinander und sind sofort einsatzbereit.<\/p>\n<p>&nbsp;<\/p>\n<p><a class=\"btn btn-outline-primary\" href=\"https:\/\/www.devolo.ch\/fileadmin\/Web-Content\/DE\/products\/hnw\/magic-1-wifi-mini\/documents\/ch-de\/40082_Installflyer_Magic_WiFi_mini_SK_web_002.pdf\" rel=\"noopener\">Zur Anleitung<\/a><\/p>\n<\/div>\n<\/div>\n<\/div>\n<div class=\"col-md-6 pl-xl-0 dvyoutube dvyoutube--video-embed\"><iframe loading=\"lazy\" id=\"dvyoutube-video\" class=\"dvyoutube__embed\" src=\"https:\/\/www.youtube-nocookie.com\/embed\/2BOqIePyVkk?wmode=opaque&amp;modestbranding=0&amp;rel=0&amp;showinfo=0&amp;autohide=1&amp;cc=0&amp;enablejsapi=1&amp;origin=https%3A%2F%2Fwww.devolo.ch\" width=\"640px\" height=\"480px\" frameborder=\"0\" allowfullscreen=\"allowfullscreen\" data-gtm-yt-inspected-2251328_7=\"true\" data-mce-fragment=\"1\"><\/iframe><\/div>\n<\/div>\n<\/section>\n<\/div>\n<\/div>\n<\/div>\n<\/section>\n<\/section>\n<section id=\"c74022\" class=\"bg-light pt-5 pb-5 mt-0 mb-6\">\n<div class=\"container\">\n<div class=\"row text-center\">\n<div class=\"col-md-12 \">\n<div class=\"flex\">\n<div class=\"mb-3\">\n<header>\n<h3 class=\"\">Intuitiv. Einfach. Kostenlos. Jetzt downloaden!<\/h3>\n<\/header>\n<\/div>\n<div class=\"iconlist\" data-mh=\"sameHeight-TI-74022\">\n<p>Mit dem besten Netz am Start! Fantastisch individuell und traumhaft einfach. Die neue\u00a0<strong>devolo Home Network App<\/strong>\u00a0macht m\u00f6glich, was bisher nur Experten vorbehalten war \u2013 f\u00fcr Jede und Jeden, zu jeder Zeit. Einfach downloaden und loslegen. Die neue devolo Home Network App ist mit allen devolo Magic-WiFi-Adaptern kompatibel. Sie ist sowohl f\u00fcr iOS-Ger\u00e4te als auch f\u00fcr Ger\u00e4te mit dem Android-Betriebssystem erh\u00e4ltlich.\u00a0<a href=\"https:\/\/www.devolo.ch\/internet-ueberall-zuhause\/home-network-app\" rel=\"noopener\">Mehr erfahren&#8230;<\/a><br \/>\n<a class=\"icons icon-google-play-badge_DE\" href=\"https:\/\/play.google.com\/store\/apps\/details?id=com.devolo.dlan2\" target=\"_blank\" rel=\"noopener\">https:\/\/play.google.com\/store\/apps\/details?id=com.devolo.dlan2<\/a>\u00a0<a class=\"icons icon-app_store_badge_DE\" href=\"https:\/\/itunes.apple.com\/de\/app\/home-network\/id1377542036?mt=8\" target=\"_blank\" rel=\"noopener\">https:\/\/itunes.apple.com\/de\/app\/home-network\/id1377542036?mt=8<\/a><\/p>\n<\/div>\n<\/div>\n<\/div>\n<\/div>\n<\/div>\n<\/section>\n<section id=\"c74020\" class=\"default container iconlist mb-6\">\n<div class=\"row img_left-text-right\">\n<div class=\"col-md-6 pr-xl-0\">\n<div class=\"image-wrapper loaded\"><img decoding=\"async\" class=\"b-lazy b-loaded\" src=\"https:\/\/www.devolo.ch\/fileadmin\/_processed_\/1\/2\/csm_dev_Magic1WiFi_mini_ApplicationScenario_Imagepictures_v2_1200x880px_a37f42c872.png\" alt=\"\" \/><\/div>\n<\/div>\n<div class=\"col-md-6 d-flex align-content-stretch flex-wrap aligner\">\n<div class=\"flex pr-lg-5\">\n<div class=\"d-flex mb-3\">\n<header>\n<h2 class=\" h3\">Innovative Technologie<\/h2>\n<\/header>\n<\/div>\n<div class=\"iconlist\" data-mh=\"sameHeight-TI-74020\">\n<p>Bewegen Sie sich frei in Ihrem Zuhause \u2013 nervige Netzwerk-Wechsel geh\u00f6ren dank\u00a0<a href=\"https:\/\/www.devolo.de\/technologien\/mesh\" target=\"_blank\" rel=\"noopener\">Mesh-Technologie<\/a>\u00a0der Vergangenheit an. Netzwerkname und -passwort sind bei allen WiFi-Sendern\/Access Points identisch und Ihr Ger\u00e4t verbindet sich ganz automatisch mit der st\u00e4rksten Signalquelle.<\/p>\n<p>&nbsp;<\/p>\n<p>Zus\u00e4tzlich verf\u00fcgen Magic 1 WiFi mini-Adapter \u00fcber einen\u00a0<strong>Fast Ethernet Port<\/strong>\u00a0(10\/100 Mbit\/s), um beispielsweise den Smart-TV \u00fcber LAN mit dem Internet zu verbinden.<\/p>\n<\/div>\n<\/div>\n<\/div>\n<\/div>\n<\/section>\n<section id=\"c74019\"><\/section>\n<section id=\"c74018\" class=\"container mb-6\">\n<div class=\"akkordeon-modul-icons m-auto\">\n<div class=\"p-3\">\n<h2 class=\"text-center\"><strong>Vorteile im \u00dcberblick<\/strong><\/h2>\n<\/div>\n<div class=\"d-flex justify-content-center mb-3\">\n<div class=\"col-lg-4 col-md-6 col-sm-12 col-xs-12 p-md-5 iconlist\">\n<ul class=\"checklist-content\">\n<li>Schnelle Installation: Adapter einstecken \u2013 fertig. Die Synchronisation der einzelnen Magic-Adapter erfolgt automatisch.<\/li>\n<li>Bauen Sie sich was auf! Ihr Mesh-Netzwerk l\u00e4sst sich problemlos um weitere Magic-Adapter von devolo erweitern.<\/li>\n<\/ul>\n<\/div>\n<div class=\"col-lg-4 col-md-6 col-sm-12 col-xs-12 p-md-5 iconlist\">\n<ul class=\"checklist-content\">\n<li>Komfortabel: Steuern Sie Ihre Adapter ganz einfach \u00fcber die devolo Home Network App.<\/li>\n<li>Hier kann jeder surfen: Einfach einzurichtende Kindersicherung und G\u00e4ste-WLAN<\/li>\n<\/ul>\n<\/div>\n<\/div>\n<div class=\"list-colapse\"><\/div>\n<\/div>\n<\/section>\n<section id=\"c74017\" class=\"bg-light pt-5 pb-5 mb-0\">\n<div class=\"container\">\n<div class=\"row img_right-text-left\">\n<div class=\"col-md-6 d-flex align-content-stretch flex-wrap aligner\">\n<div class=\"flex pr-lg-5\">\n<div class=\"d-flex mb-3\">\n<header>\n<h2 class=\"\">Vertrauen Sie dem Weltmarktf\u00fchrer<\/h2>\n<\/header>\n<\/div>\n<div class=\"iconlist\" data-mh=\"sameHeight-TI-74017\">\n<p>devolo geh\u00f6rt zu den weltweit f\u00fchrenden Herstellen von dLAN- und WiFi-Produkten. Seit 2002 entwickeln wir unsere Technik st\u00e4ndig weiter, um unseren Kunden ein zukunftstr\u00e4chtiges Online-Erlebnis im gesamten Haus zu bieten. \u00dcber 40 Millionen unserer Adapter sind mittlerweile im Einsatz \u2013 und es werden st\u00e4ndig mehr. M\u00f6glich sind solche Zahlen nur, weil wir gegen\u00fcber unseren Kunden halten, was wir versprechen. \u00dcberzeugen Sie sich selbst!<\/p>\n<\/div>\n<\/div>\n<\/div>\n<div class=\"col-md-6 pl-xl-0\">\n<div class=\"image-wrapper loaded\"><img decoding=\"async\" class=\"b-lazy b-loaded\" src=\"https:\/\/www.devolo.ch\/fileadmin\/_processed_\/1\/3\/csm_Collage_Mini_Magic_CH_344b9b3bed.png\" alt=\"\" \/><\/div>\n<\/div>\n<\/div>\n<\/div>\n<\/section>\n<section id=\"c74016\"><\/section>\n<section id=\"c74015\" class=\"bg-light pt-5 pb-5 mt-0 mb-0\">\n<div class=\"container\">\n<section class=\"container content-table iconlist\">\n<div class=\"row\">\n<div class=\"col-md-4 col-xs-12\">\n<h5>Der Magic 1 WiFi mini ist perfekt geeignet f\u00fcr folgende Endger\u00e4te:<\/h5>\n<\/div>\n<div class=\"col-md-4 col-xs-12 cols\">\n<ul>\n<li>Drucker<\/li>\n<li>Computer<\/li>\n<li>Spielekonsole<\/li>\n<li>Smart TV<\/li>\n<\/ul>\n<\/div>\n<div class=\"col-md-4 col-sm-12 cols\">\n<ul>\n<li>Smartphone<\/li>\n<li>Tablet<\/li>\n<li>Laptop<\/li>\n<\/ul>\n<\/div>\n<hr \/>\n<div class=\"col-md-4 col-xs-12\">\n<h5>Unterst\u00fctzte Betriebssysteme<\/h5>\n<\/div>\n<div class=\"col-md-4 col-xs-12 cols\">\n<ul>\n<li>ab Android 5.0<\/li>\n<li>ab Windows 7<\/li>\n<li>ab Mac OS X 10.9<\/li>\n<\/ul>\n<div class=\"col-md-4 col-xs-12\">\n<h5>Starter Kit<\/h5>\n<\/div>\n<div class=\"col-md-4 col-xs-12 cols\">\n<ul>\n<li>1x devolo MAGIC 1 WiFi mini\u00a0Adapter<\/li>\n<li>1x devolo MAGIC 1 LAN\u00a0Adapter<\/li>\n<\/ul>\n<\/div>\n<div class=\"col-md-4 col-sm-12 cols\">\n<ul>\n<li>1x Installationsanleitung<\/li>\n<li>1x Ethernet Kabel (2m)<\/li>\n<\/ul>\n<\/div>\n<\/div>\n<\/div>\n<\/section>\n<\/div>\n<\/section>\n<p>&nbsp;<\/p>\n","protected":false},"excerpt":{"rendered":"<p><strong>Kein schw\u00e4chelndes WiFi-Signal und keine Verbindungsabbr\u00fcche mehr, daf\u00fcr stabiles WLAN im ganzen Haus das erm\u00f6glicht der kleinste Magic Adapter von devolo mit einem Knopfdruck!<\/strong><\/p>\n<p>Die Magic 1 WiFi mini -Adapter wandeln das Internetsignal aus der Steckdose in ein WiFi-Signal um und werden so zu praktischen Hotspots. Dabei verteilen die dezenten Adapter via Powerline-Technologie nicht nur Ihr Internetsignal \u00fcber die Stromleitung im ganzen Haus, sondern vereinen sich von ganz allein zu einem Mesh-Netzwerk. Bei Mesh-WLAN teilen sich alle WiFi-Sender dasselbe Netzwerk, inklusive Netzwerk-Namen und -passwort. Sobald Sie sich einmal ins WLAN-Netz eingew\u00e4hlt haben, kann sich Ihr mobiles Endger\u00e4t immer automatisch mit dem n\u00e4chstgelegenen Router oder Magic-Adapter verbinden.<\/p>\n","protected":false},"featured_media":7392,"comment_status":"closed","ping_status":"closed","template":"","meta":[],"product_brand":[243],"product_cat":[61],"product_tag":[],"class_list":{"0":"post-7391","1":"product","2":"type-product","3":"status-publish","4":"has-post-thumbnail","6":"product_brand-devolo","7":"product_cat-powerline","8":"product_shipping_class-lieferung-basic-audio","10":"first","11":"instock","12":"taxable","13":"shipping-taxable","14":"purchasable","15":"product-type-simple"},"_links":{"self":[{"href":"https:\/\/spuehler-tv.ch\/onlineshop\/wp-json\/wp\/v2\/product\/7391","targetHints":{"allow":["GET"]}}],"collection":[{"href":"https:\/\/spuehler-tv.ch\/onlineshop\/wp-json\/wp\/v2\/product"}],"about":[{"href":"https:\/\/spuehler-tv.ch\/onlineshop\/wp-json\/wp\/v2\/types\/product"}],"replies":[{"embeddable":true,"href":"https:\/\/spuehler-tv.ch\/onlineshop\/wp-json\/wp\/v2\/comments?post=7391"}],"wp:featuredmedia":[{"embeddable":true,"href":"https:\/\/spuehler-tv.ch\/onlineshop\/wp-json\/wp\/v2\/media\/7392"}],"wp:attachment":[{"href":"https:\/\/spuehler-tv.ch\/onlineshop\/wp-json\/wp\/v2\/media?parent=7391"}],"wp:term":[{"taxonomy":"product_brand","embeddable":true,"href":"https:\/\/spuehler-tv.ch\/onlineshop\/wp-json\/wp\/v2\/product_brand?post=7391"},{"taxonomy":"product_cat","embeddable":true,"href":"https:\/\/spuehler-tv.ch\/onlineshop\/wp-json\/wp\/v2\/product_cat?post=7391"},{"taxonomy":"product_tag","embeddable":true,"href":"https:\/\/spuehler-tv.ch\/onlineshop\/wp-json\/wp\/v2\/product_tag?post=7391"}],"curies":[{"name":"wp","href":"https:\/\/api.w.org\/{rel}","templated":true}]}}