{"id":7197,"date":"2020-09-03T13:33:15","date_gmt":"2020-09-03T13:33:15","guid":{"rendered":"https:\/\/spuehler-tv.ch\/onlineshop\/?post_type=product&#038;p=7197"},"modified":"2026-01-06T16:52:27","modified_gmt":"2026-01-06T15:52:27","slug":"technibox-uhd-s-technisat-uhd-satelliten-receiver","status":"publish","type":"product","link":"https:\/\/spuehler-tv.ch\/onlineshop\/produkt\/technibox-uhd-s-technisat-uhd-satelliten-receiver\/","title":{"rendered":"DIGIPLUS UHD S (Technisat) &#8211; UHD Satelliten-Receiver"},"content":{"rendered":"<h2 class=\"font150\">Top-Ausstattung<\/h2>\n<div class=\"grid grid--full grid--extrawide\">\n<div class=\"grid__item one-whole\">\n<ul class=\"checkList circle font90 lineheight100 more-space05\">\n<li>UHD\/4K-Receiver<\/li>\n<li>TwinTuner f\u00fcr Sat-Fernsehen (DVB-S\/S2)<\/li>\n<li>DVRready: Digitaler Videorekorder auf USB-Datentr\u00e4ger oder Netzwerkspeicher (NAS)<\/li>\n<li>Timeshift (in Verbindung mit einem externen Speichermedium)<\/li>\n<li>ISIO-Internet: Zugriff auf Mediatheken, ISIO-Apps und HbbTV<\/li>\n<\/ul>\n<\/div>\n<div class=\"grid__item one-whole\">\n<ul class=\"checkList circle font90 lineheight100 more-space05\">\n<li>Pay-TV-f\u00e4hig \u00fcber CI+<\/li>\n<li>Multimedia-Streaming im Heimnetzwerk (\u00fcber UPnP)<\/li>\n<li>Integrierte WLAN-Konnektivit\u00e4t 802.11a\/b\/g\/n\/ac (2,4 \/ 5 GHz)<\/li>\n<li>Steuerung per CONNECT-App<\/li>\n<\/ul>\n<p><span style=\"color: #ff0000;\"><strong>exkl. Viaccess Modul + SRG Karte wird separat ben\u00f6tigt f\u00fcr die Schweizer Programme!<\/strong><\/span><\/p>\n<\/div>\n<\/div>\n","protected":false},"excerpt":{"rendered":"<p>Wenn Sie in den Genuss von 4K-Inhalten kommen wollen, dann ist die DIGIPLUS UHD S die perfekte Erg\u00e4nzung f\u00fcr Ihr UHD-TV-Ger\u00e4t. Der Satellitenreceiver verf\u00fcgt \u00fcber einen TwinTuner f\u00fcr DVB-S\/S2 f\u00fcr das gleichzeitige Anschauen und Aufnehmen zweier verschiedener Programme. Die Aufnahmen k\u00f6nnen Sie dann ganz flexibel auf USB-Datentr\u00e4gern oder im Netzwerk (NAS) ablegen. Die DIGIPLUS UHD S spielt zudem UHD-Videodateien aus dem Netzwerk oder von USB-Datentr\u00e4gern ab. Der Receiver ist im Netzwerk als UPnP-Client und Server einsetzbar und wird so zu einer perfekten Multimediazentrale. So streamen Sie Live-Inhalte auf ein Multimedia-Ger\u00e4t mit dem passenden, UPnP-f\u00e4higen Mediaplayer. Der smarte Receiver erm\u00f6glicht \u00fcber die ISIO-Internet-Technologie Zugriff auf Mediatheken, ISIO-Apps oder HbbTV. Dank der TechniSat CONNECT-App steuern Sie die DIGIPLUS UHD S ganz einfach nicht nur zuhause, sondern k\u00f6nnen auch unterwegs jederzeit auf den Receiver zugreifen, um z. B. neue Aufnahmen zu programmieren.<\/p>\n<p>&nbsp;<\/p>\n","protected":false},"featured_media":7198,"comment_status":"closed","ping_status":"closed","template":"","meta":[],"product_brand":[230],"product_cat":[63],"product_tag":[],"class_list":{"0":"post-7197","1":"product","2":"type-product","3":"status-publish","4":"has-post-thumbnail","6":"product_brand-technisat","7":"product_cat-satellitenreceiver-dvb-s","8":"product_shipping_class-lieferung-basic-audio","10":"first","11":"onbackorder","12":"taxable","13":"shipping-taxable","14":"purchasable","15":"product-type-simple"},"_links":{"self":[{"href":"https:\/\/spuehler-tv.ch\/onlineshop\/wp-json\/wp\/v2\/product\/7197","targetHints":{"allow":["GET"]}}],"collection":[{"href":"https:\/\/spuehler-tv.ch\/onlineshop\/wp-json\/wp\/v2\/product"}],"about":[{"href":"https:\/\/spuehler-tv.ch\/onlineshop\/wp-json\/wp\/v2\/types\/product"}],"replies":[{"embeddable":true,"href":"https:\/\/spuehler-tv.ch\/onlineshop\/wp-json\/wp\/v2\/comments?post=7197"}],"wp:featuredmedia":[{"embeddable":true,"href":"https:\/\/spuehler-tv.ch\/onlineshop\/wp-json\/wp\/v2\/media\/7198"}],"wp:attachment":[{"href":"https:\/\/spuehler-tv.ch\/onlineshop\/wp-json\/wp\/v2\/media?parent=7197"}],"wp:term":[{"taxonomy":"product_brand","embeddable":true,"href":"https:\/\/spuehler-tv.ch\/onlineshop\/wp-json\/wp\/v2\/product_brand?post=7197"},{"taxonomy":"product_cat","embeddable":true,"href":"https:\/\/spuehler-tv.ch\/onlineshop\/wp-json\/wp\/v2\/product_cat?post=7197"},{"taxonomy":"product_tag","embeddable":true,"href":"https:\/\/spuehler-tv.ch\/onlineshop\/wp-json\/wp\/v2\/product_tag?post=7197"}],"curies":[{"name":"wp","href":"https:\/\/api.w.org\/{rel}","templated":true}]}}