{"id":7162,"date":"2020-07-20T08:37:06","date_gmt":"2020-07-20T08:37:06","guid":{"rendered":"https:\/\/spuehler-tv.ch\/onlineshop\/?post_type=product&#038;p=7162"},"modified":"2026-01-06T15:18:24","modified_gmt":"2026-01-06T14:18:24","slug":"five-sonos-multiroom-lautsprecher","status":"publish","type":"product","link":"https:\/\/spuehler-tv.ch\/onlineshop\/produkt\/five-sonos-multiroom-lautsprecher\/","title":{"rendered":"FIVE (Sonos) &#8211; Multiroom Lautsprecher"},"content":{"rendered":"<div class=\"mb-15\">\n<p>Genie\u00dfe Musik und mehr auf unvergleichliche Art und Weise mit dem Five, unserem leistungsst\u00e4rksten Speaker f\u00fcr Sound in Studioqualit\u00e4t &#8211; perfekt abgestimmt vom namhaften Produzenten Giles Martin. Erlebe tiefen Bass sowie eine ultrabreite Klangb\u00fchne. Steuere den Five ganz einfach \u00fcber die Sonos App oder Apple AirPlay 2 und verbinde ihn \u00fcber den Audioeingang mit deinem Plattenspieler oder anderen Wiedergabeger\u00e4ten.<\/p>\n<p><strong>Einzigartiges Akustikdesign<\/strong><\/p>\n<p>Der Five enth\u00e4lt drei High Excursion Tieft\u00f6ner in einem abgedichteten Geh\u00e4use f\u00fcr einen tiefen Bass ohne Hall und Echo. Die beiden pr\u00e4zise gewinkelten, seitlichen Hocht\u00f6ner sorgen f\u00fcr eine ultrabreite Klangb\u00fchne, der Hocht\u00f6ner in der Mitte optimiert die Stimmwiedergabe.<\/p>\n<p><strong>Einstecken und abspielen<\/strong><\/p>\n<p>Verbinde deinen Plattenspieler, CD-Player oder ein anderes Ger\u00e4t \u00fcber den 3,5-mm-Audioeingang direkt mit dem Five.<\/p>\n<p><strong>Smarter Stereo Sound<\/strong><\/p>\n<p>Wenn er horizontal platziert ist, trennt der Five automatisch die linken und rechten Kan\u00e4le f\u00fcr einen beeindruckenden Stereo Sound. Wenn du zwei Speaker in vertikaler Position kombinierst, wechseln diese jeweils automatisch auf Mono Sound f\u00fcr eine detailliertere Stereo-Trennung und eine noch breitere Klangb\u00fchne.<\/p>\n<\/div>\n<p class=\"h4\">PRODUKT-HIGHLIGHTS<\/p>\n<div class=\"marketing-texts-tab mb-15\">\n<ul>\n<li>HiFi Sound in Studioqualit\u00e4t,<\/li>\n<li>Unterst\u00fctzt High-Resolution Audio,<\/li>\n<li>Einfache Einrichtung uns Steuerung \u00fcber die Sonos App,<\/li>\n<li>Streamen \u00fcber WLAN oder direkt von deinem iPhone, iPad oder Mac via AirPlay 2<\/li>\n<li>Analoger Audioeingang zum Verbinden mit einem Plattenspieler oder jedem anderen Abspielger\u00e4t<\/li>\n<li>Vielseitiges Design mit intelligenter Orientierungserkennung,<\/li>\n<li>Zwei Sonos Five f\u00fcr noch beeindruckenderen Stereo-Sound,<\/li>\n<\/ul>\n<\/div>\n<div class=\"mb-15 desc\">\n<p>Verkaufsstart 10.06.2020<\/p>\n<p><strong>Maximaler Sound<br \/>\n<\/strong>Unser leistungsst\u00e4rkster Speaker f\u00fcr Sound in Studioqualit\u00e4t<\/p>\n<p>Erlebe kristallklaren, raumf\u00fcllenden Sound f\u00fcr Musikstreaming, Vinyl und mehr. Steuerung ganz einfach per App und Apple AirPlay 2.<\/p>\n<p><strong>Wir pr\u00e4sentieren den Sonos Five<br \/>\n<\/strong>Ein neuer Look<br \/>\nAusgew\u00e4hlte Details und eine monochrome Oberfl\u00e4che sorgen f\u00fcr ein innovatives Design.<\/p>\n<p>Die neueste Technologie<br \/>\nNoch mehr Speicherplatz und h\u00f6here Rechenleistung sorgen f\u00fcr maximale Leistung.<\/p>\n<p><strong>Tiefer Bass<br \/>\n<\/strong>Das einzigartige Akustikdesign des Five besteht aus drei High Excursion Tieft\u00f6nern in einem abgedichteten Geh\u00e4use, das Hall und Echo verhindert.<\/p>\n<p><strong>Smarter Stereo Sound<br \/>\n<\/strong>Horizontal<br \/>\nIn horizontaler Position trennt der Five automatisch die linken und rechten Kan\u00e4le und sorgt somit f\u00fcr beeindruckenden Stereo Sound.<\/p>\n<p>Vertikal<br \/>\nWenn du zwei Speaker kombinierst, stellen sich diese intelligent auf Mono ein, um eine unglaublich detaillierte Stereo-Trennung und eine noch breitere Klangb\u00fchne zu erreichen.<\/p>\n<p><strong>Einstecken und abspielen<br \/>\n<\/strong>Verbinde deinen Plattenspieler, CD-Player, Projektor oder ein anderes Ger\u00e4t \u00fcber die 3,5-mm-Buchse direkt mit dem Five.<\/p>\n<p>Masse (H x B x T) 203 x 364 x 154 mm<\/p>\n<p>Oberfl\u00e4che Mattes Weiss oder Mattes Schwarz<\/p>\n<p>Status-LED<br \/>\nZeigt die Stromversorgung und den Verbindungsstatus an.<\/p>\n<p>Umfangreiche Touch-Steuerung<br \/>\nDurch Antippen startest du die Wiedergabe, h\u00e4ltst sie an, regulierst die Lautst\u00e4rke oder schaltest die Mikrofone stumm. Swipe nach rechts, um zum n\u00e4chsten Track zu springen, oder nach links, um den vorherigen Track abzuspielen.<\/p>\n<\/div>\n","protected":false},"excerpt":{"rendered":"<ul>\n<li>HiFi Sound in Studioqualit\u00e4t,<\/li>\n<li>Unterst\u00fctzt High-Resolution Audio,<\/li>\n<li>Einfache Einrichtung uns Steuerung \u00fcber die Sonos App,<\/li>\n<li>Streamen \u00fcber WLAN oder direkt von deinem iPhone, iPad oder Mac via AirPlay 2<\/li>\n<\/ul>\n","protected":false},"featured_media":7167,"comment_status":"closed","ping_status":"closed","template":"","meta":[],"product_brand":[218],"product_cat":[54],"product_tag":[],"class_list":{"0":"post-7162","1":"product","2":"type-product","3":"status-publish","4":"has-post-thumbnail","6":"product_brand-sonos","7":"product_cat-multiroom","8":"product_shipping_class-lieferung-basic-audio","10":"first","11":"instock","12":"taxable","13":"shipping-taxable","14":"purchasable","15":"product-type-variable","16":"has-default-attributes","17":"rtwpvg-product"},"_links":{"self":[{"href":"https:\/\/spuehler-tv.ch\/onlineshop\/wp-json\/wp\/v2\/product\/7162","targetHints":{"allow":["GET"]}}],"collection":[{"href":"https:\/\/spuehler-tv.ch\/onlineshop\/wp-json\/wp\/v2\/product"}],"about":[{"href":"https:\/\/spuehler-tv.ch\/onlineshop\/wp-json\/wp\/v2\/types\/product"}],"replies":[{"embeddable":true,"href":"https:\/\/spuehler-tv.ch\/onlineshop\/wp-json\/wp\/v2\/comments?post=7162"}],"wp:featuredmedia":[{"embeddable":true,"href":"https:\/\/spuehler-tv.ch\/onlineshop\/wp-json\/wp\/v2\/media\/7167"}],"wp:attachment":[{"href":"https:\/\/spuehler-tv.ch\/onlineshop\/wp-json\/wp\/v2\/media?parent=7162"}],"wp:term":[{"taxonomy":"product_brand","embeddable":true,"href":"https:\/\/spuehler-tv.ch\/onlineshop\/wp-json\/wp\/v2\/product_brand?post=7162"},{"taxonomy":"product_cat","embeddable":true,"href":"https:\/\/spuehler-tv.ch\/onlineshop\/wp-json\/wp\/v2\/product_cat?post=7162"},{"taxonomy":"product_tag","embeddable":true,"href":"https:\/\/spuehler-tv.ch\/onlineshop\/wp-json\/wp\/v2\/product_tag?post=7162"}],"curies":[{"name":"wp","href":"https:\/\/api.w.org\/{rel}","templated":true}]}}