{"id":6988,"date":"2020-04-22T06:16:04","date_gmt":"2020-04-22T06:16:04","guid":{"rendered":"https:\/\/spuehler-tv.ch\/onlineshop\/?post_type=product&#038;p=6988"},"modified":"2026-01-06T17:19:53","modified_gmt":"2026-01-06T16:19:53","slug":"signature-507-magnat-hifi-stand-lautsprecher","status":"publish","type":"product","link":"https:\/\/spuehler-tv.ch\/onlineshop\/produkt\/signature-507-magnat-hifi-stand-lautsprecher\/","title":{"rendered":"Signature 507 (Magnat) &#8211; HiFi Stand-Lautsprecher &#8211; Paar"},"content":{"rendered":"<div class=\"mb-15\">\n<p><strong>Das Topmodell mit 4-Wege Best\u00fcckung<\/strong><\/p>\n<p>Die Signature 507 ist zwar ebenso schlank wie die 505, aber 1030 mm ein St\u00fcck h\u00f6her. Der Gr\u00f6\u00dfengewinn ist dem verwendeten doppelten Tieft\u00f6ner geschuldet, sodass die 507 neben einem 170 mm gro\u00dfen Tiefmittelt\u00f6ner \u00fcber gleich zwei ebenso gro\u00dfe Tieft\u00f6ner verf\u00fcgt und entsprechend tiefere Frequenzen wiedergeben kann. Nat\u00fcrlich besitztauch sie das Hi-Res zertifizierte Doppelhochtonmodul mit zwei fmax-.<\/p>\n<p>Die Frontplatte mit ihren integrierten Schallf\u00fchrungen optimiertauch hier das Abstrahlverhalten zus\u00e4tzlich. Wie alle Lautsprecher der Signature 500 Baureihe kommen auch hiersolideste Anschlussterminals zum Einsatz, die nicht nurdie Verwendung bester Kabel, sondern auch den Bi-Wiring bzw. Bi-Amping-Betrieberm\u00f6glichen. Die 507 eignet sich selbstverst\u00e4ndlich sowohl als Stereolautsprecher als auch als Frontkanal in einem Heimkinosystem.<\/p>\n<\/div>\n<p class=\"h4\">Produkt-Highlights<\/p>\n<div class=\"marketing-texts-tab mb-15\">\n<ul>\n<li>4 Wege Bassreflex Lautsprecher,<\/li>\n<li>Best\u00fcckung: 2 x 170 mm Tieft\u00f6ner, 170 mm Mittelt\u00f6ner, 30mm Hochtonkalotte, 20mm Superhocht\u00f6ner<\/li>\n<li>Belastbarkeit (RMS\/MAX.): 200 \/ 350 Watt,<\/li>\n<li>Impedanz: 4 &#8211; 8 Ohm,<\/li>\n<li>Frequenzbereich: 23 \u2013 53.000 Hz,<\/li>\n<li>Empfohlene Verst\u00e4rkerleistung: Ab 30 W,<\/li>\n<li>Wirkungsgrad (2.8V\/1M): 92 dB,<\/li>\n<li>Abmessung (inkl. Spikes &amp; Standfu\u00df): 286 x 1070 x 332 mm,<\/li>\n<li>Gewicht: 18,8 kg,<\/li>\n<\/ul>\n<\/div>\n<div class=\"mb-15 desc\"><strong>Lautsprecher &#8211; Signature 507<br \/>\n<\/strong>Paar<\/p>\n<ul>\n<li>Hi-Res zertifiziertes Doppelhochtonmodul mit zwei fmax-Kalotten<\/li>\n<li>4-Wege-Lautsprecher mit Bassreflextechnik<\/li>\n<li>Klippel-optimierter Tiefmittelt\u00f6ner und Tieft\u00f6ner<\/li>\n<li>Bel\u00fcftete Schwingspuleneinheit f\u00fcr maximale Belastbarkeit und Dynamik<\/li>\n<li>Spikes zur sicheren Aufstellung und akustischen Entkopplung<\/li>\n<\/ul>\n<p>Das Topmodell mit 4-Wege Best\u00fcckung<br \/>\nDie Signature 507 ist zwar ebenso schlank wie die 505, aber 1030 mm ein St\u00fcck h\u00f6her. Der Gr\u00f6\u00dfengewinn ist dem verwendeten doppelten Tieft\u00f6ner geschuldet, sodass die 507 neben einem 170 mm gro\u00dfen Tiefmittelt\u00f6ner \u00fcber gleich zwei ebenso gro\u00dfe Tieft\u00f6ner verf\u00fcgt und entsprechend tiefere Frequenzen wiedergeben kann. Nat\u00fcrlich besitzt auch sie das Hi-Res zertifizierte Doppelhochtonmodul mit zwei fmax-. Die Frontplatte mit ihren integrierten Schallf\u00fchrungen optimiert auch hier das Abstrahlverhalten zus\u00e4tzlich. Wie alle Lautsprecher der Signature 500 Baureihe kommen auch hier solideste Anschlussterminals zum Einsatz, die nicht nur die Verwendung bester Kabel, sondern auch den Bi-Wiring bzw. Bi-Amping-Betrieb erm\u00f6glichen. Die 507 eignet sich selbstverst\u00e4ndlich sowohl als Stereolautsprecher als auch als Frontkanal in einem Heimkinosystem.<\/p>\n<\/div>\n","protected":false},"excerpt":{"rendered":"<ul>\n<li>4 Wege Bassreflex Lautsprecher,<\/li>\n<li>Best\u00fcckung: 2 x 170 mm Tieft\u00f6ner, 170 mm Mittelt\u00f6ner, 30mm Hochtonkalotte, 20mm Superhocht\u00f6ner<\/li>\n<li>Belastbarkeit (RMS\/MAX.): 200 \/ 350 Watt,<\/li>\n<li>Impedanz: 4 &#8211; 8 Ohm,<\/li>\n<li>Frequenzbereich: 23 \u2013 53.000 Hz,<\/li>\n<\/ul>\n","protected":false},"featured_media":6995,"comment_status":"closed","ping_status":"closed","template":"","meta":[],"product_brand":[240],"product_cat":[69],"product_tag":[],"class_list":{"0":"post-6988","1":"product","2":"type-product","3":"status-publish","4":"has-post-thumbnail","6":"product_brand-magnat","7":"product_cat-standlautsprecher-hifi","8":"product_shipping_class-lieferung-basic-audio","10":"first","11":"onbackorder","12":"taxable","13":"shipping-taxable","14":"purchasable","15":"product-type-variable","16":"has-default-attributes","17":"rtwpvg-product"},"_links":{"self":[{"href":"https:\/\/spuehler-tv.ch\/onlineshop\/wp-json\/wp\/v2\/product\/6988","targetHints":{"allow":["GET"]}}],"collection":[{"href":"https:\/\/spuehler-tv.ch\/onlineshop\/wp-json\/wp\/v2\/product"}],"about":[{"href":"https:\/\/spuehler-tv.ch\/onlineshop\/wp-json\/wp\/v2\/types\/product"}],"replies":[{"embeddable":true,"href":"https:\/\/spuehler-tv.ch\/onlineshop\/wp-json\/wp\/v2\/comments?post=6988"}],"wp:featuredmedia":[{"embeddable":true,"href":"https:\/\/spuehler-tv.ch\/onlineshop\/wp-json\/wp\/v2\/media\/6995"}],"wp:attachment":[{"href":"https:\/\/spuehler-tv.ch\/onlineshop\/wp-json\/wp\/v2\/media?parent=6988"}],"wp:term":[{"taxonomy":"product_brand","embeddable":true,"href":"https:\/\/spuehler-tv.ch\/onlineshop\/wp-json\/wp\/v2\/product_brand?post=6988"},{"taxonomy":"product_cat","embeddable":true,"href":"https:\/\/spuehler-tv.ch\/onlineshop\/wp-json\/wp\/v2\/product_cat?post=6988"},{"taxonomy":"product_tag","embeddable":true,"href":"https:\/\/spuehler-tv.ch\/onlineshop\/wp-json\/wp\/v2\/product_tag?post=6988"}],"curies":[{"name":"wp","href":"https:\/\/api.w.org\/{rel}","templated":true}]}}