{"id":419,"date":"2019-11-06T10:01:54","date_gmt":"2019-11-06T10:01:54","guid":{"rendered":"https:\/\/spuehler-tv.ch\/onlineshop\/?post_type=product&#038;p=419"},"modified":"2026-01-06T15:18:24","modified_gmt":"2026-01-06T14:18:24","slug":"boost-sonos-stabiles-audio-multiroom-wlan","status":"publish","type":"product","link":"https:\/\/spuehler-tv.ch\/onlineshop\/produkt\/boost-sonos-stabiles-audio-multiroom-wlan\/","title":{"rendered":"Boost (Sonos) &#8211; Stabiles Audio Multiroom WLAN"},"content":{"rendered":"<p>Der BOOST ist bis zu doppelt so leistungsstark wie die BRIDGE und bietet eine Wireless-Leistung der Extraklasse. So erh\u00e4ltst du auch in schwierigeren Wireless-Umgebungen eine unvergleichliche Zuverl\u00e4ssigkeit. Manchmal ist das WLAN zuhause einfach nicht stabil. Manchmal konkurrieren zu viele Ger\u00e4te um die Bandbreite und legen so das ganze Netzwerk lahm. Und manchmal ist es einfach schwierig, das Signal in entfernte R\u00e4ume zu \u00fcbertragen. Falls dir eines dieser WLAN-Probleme bekannt vorkommt, kann dir der Boost helfen, Musik fehlerfrei \u00fcber dein Sonos System zu streamen. Der Boost erzeugt ein separates Netzwerk nur f\u00fcr Sonos, damit du zuhause \u00fcberall Musik ohne Unterbrechungen geniessen kannst. Mit diesem separaten Netzwerk eliminiert der Boost St\u00f6rungen durch andere Ger\u00e4te, die sich in deinem WLAN befinden. Der Boost hat drei interne Antennen, die in alle Richtungen senden &#8211; selbst durch W\u00e4nde und Decken. So sorgt er daf\u00fcr, dass die Musik in allen R\u00e4umen bei dir zuhause ankommt, egal wie weit sie auseinander liegen. Schliesse ihn an den Strom an. Verbinde ihn mit deinem Router \u00fcber das mitgelieferte Ethernet-Kabel. Konfiguriere alles \u00fcber die Sonos App. Fertig. Du brauchst nicht zwingend einen Boost f\u00fcr dein Sonos System. Aber es ist gut zu wissen, dass er da ist, falls du ihn brauchst.<\/p>\n","protected":false},"excerpt":{"rendered":"<p>Der BOOST ist bis zu doppelt so leistungsstark wie die BRIDGE und bietet eine Wireless-Leistung der Extraklasse. So erh\u00e4ltst du auch in schwierigeren Wireless-Umgebungen eine unvergleichliche Zuverl\u00e4ssigkeit. Manchmal ist das WLAN zuhause einfach nicht stabil. Manchmal konkurrieren zu viele Ger\u00e4te um die Bandbreite und legen so das ganze Netzwerk lahm. Und manchmal ist es einfach [&hellip;]<\/p>\n","protected":false},"featured_media":420,"comment_status":"closed","ping_status":"closed","template":"","meta":[],"product_brand":[218],"product_cat":[54],"product_tag":[],"class_list":{"0":"post-419","1":"product","2":"type-product","3":"status-publish","4":"has-post-thumbnail","6":"product_brand-sonos","7":"product_cat-multiroom","8":"product_shipping_class-lieferung-basic-audio","10":"first","11":"instock","12":"taxable","13":"shipping-taxable","14":"purchasable","15":"product-type-simple"},"_links":{"self":[{"href":"https:\/\/spuehler-tv.ch\/onlineshop\/wp-json\/wp\/v2\/product\/419","targetHints":{"allow":["GET"]}}],"collection":[{"href":"https:\/\/spuehler-tv.ch\/onlineshop\/wp-json\/wp\/v2\/product"}],"about":[{"href":"https:\/\/spuehler-tv.ch\/onlineshop\/wp-json\/wp\/v2\/types\/product"}],"replies":[{"embeddable":true,"href":"https:\/\/spuehler-tv.ch\/onlineshop\/wp-json\/wp\/v2\/comments?post=419"}],"wp:featuredmedia":[{"embeddable":true,"href":"https:\/\/spuehler-tv.ch\/onlineshop\/wp-json\/wp\/v2\/media\/420"}],"wp:attachment":[{"href":"https:\/\/spuehler-tv.ch\/onlineshop\/wp-json\/wp\/v2\/media?parent=419"}],"wp:term":[{"taxonomy":"product_brand","embeddable":true,"href":"https:\/\/spuehler-tv.ch\/onlineshop\/wp-json\/wp\/v2\/product_brand?post=419"},{"taxonomy":"product_cat","embeddable":true,"href":"https:\/\/spuehler-tv.ch\/onlineshop\/wp-json\/wp\/v2\/product_cat?post=419"},{"taxonomy":"product_tag","embeddable":true,"href":"https:\/\/spuehler-tv.ch\/onlineshop\/wp-json\/wp\/v2\/product_tag?post=419"}],"curies":[{"name":"wp","href":"https:\/\/api.w.org\/{rel}","templated":true}]}}