{"id":1755,"date":"2019-12-03T09:15:49","date_gmt":"2019-12-03T09:15:49","guid":{"rendered":"https:\/\/spuehler-tv.ch\/onlineshop\/?post_type=product&#038;p=1755"},"modified":"2026-01-06T15:39:42","modified_gmt":"2026-01-06T14:39:42","slug":"rs2000-sennheiser-kinnbuegel-tv-funkkopfhoerer","status":"publish","type":"product","link":"https:\/\/spuehler-tv.ch\/onlineshop\/produkt\/rs2000-sennheiser-kinnbuegel-tv-funkkopfhoerer\/","title":{"rendered":"RS2000 (Sennheiser) &#8211; Kinnb\u00fcgel TV Funkkopfh\u00f6rer"},"content":{"rendered":"<div class=\"highlight\">\n<div class=\"highlight-text\">\n<div>\n<h3>Das + f\u00fcr Ihr Klangerlebnis<\/h3>\n<p>Mit dem RS 2000 liefert Ihr Fernseher gro\u00dfartige Sennheiser Klangqualit\u00e4t. Stellen Sie die Rechts-\/Links-Balance so ein, wie es f\u00fcr Sie angenehm ist. Dann lassen Sie Ihre Ohren von klarer Sprachqualit\u00e4t und lebendiger Musikwiedergabe verw\u00f6hnen.<\/p>\n<\/div>\n<\/div>\n<div class=\"highlight-img aspect-1-1\"><\/div>\n<\/div>\n<div class=\"highlight\">\n<div class=\"highlight-text\">\n<div>\n<h3>Das + f\u00fcr Ihre Freiheit<\/h3>\n<p>Das RS 2000 befreit Sie von der Einschr\u00e4nkung des Kabels und gibt Ihnen die M\u00f6glichkeit, sich im einem Radius von bis zu 50 m frei zu bewegen. Dank einer Akkulaufzeit von bis zu 9 Stunden, sind Sie auch f\u00fcr lange TV-Abende gut ger\u00fcstet. Und weil das RS 2000 extrem leicht ist, k\u00f6nnen Sie diese Freiheiten auch wirklich genie\u00dfen.<\/p>\n<\/div>\n<\/div>\n<div class=\"highlight-img aspect-1-1\"><\/div>\n<\/div>\n<div class=\"highlight\">\n<div class=\"highlight-text\">\n<div>\n<h3>Das + f\u00fcr Ihren Komfort und einfache Bedienung<\/h3>\n<p>Konzentrieren Sie sich auf Ihr TV-Programm, nicht auf Ihr Audio-Ger\u00e4t: Das RS 2000 l\u00e4sst sich besonders einfach bedienen und passt zu allen analogen TV-Tonausg\u00e4ngen. Besonderen Tragekomfort bietet es durch sein Kinnb\u00fcgel-Design: Es \u00fcbt keinerlei Druck auf Ohren oder Schl\u00e4fen aus, was speziell f\u00fcr Brillentr\u00e4ger angenehm ist. Und wenn das RS 2000 nicht benutzt wird, schaltet es sich einfach aus. Automatisch.<\/p>\n<\/div>\n<\/div>\n<div class=\"highlight-img aspect-1-1\"><\/div>\n<\/div>\n<div class=\"highlight\">\n<div class=\"highlight-text\">\n<div>\n<h3>Das + f\u00fcr den Stil<\/h3>\n<p>Das RS 2000 besitzt eine kompakte, elegante Basis-Station, die Ihrer Heimanlage stilvoll erg\u00e4nzt. Die Basis-Station ist zugleich eine smarte Ladestation. Hier wird der H\u00f6rer\/Empf\u00e4nger platzsparend horizontal abgelegt, w\u00e4hrend der langlebige integrierte Akku aufl\u00e4dt.<\/p>\n<\/div>\n<\/div>\n<\/div>\n","protected":false},"excerpt":{"rendered":"<table class=\"table table-striped\">\n<tbody>\n<tr>\n<td>Produktname<\/td>\n<td>RS 2000<\/td>\n<td><\/td>\n<td><\/td>\n<td><\/td>\n<td><\/td>\n<td><\/td>\n<\/tr>\n<tr>\n<td>Trageart<\/td>\n<td>In-Ear, Kinnb\u00fcgel<\/td>\n<td><\/td>\n<td><\/td>\n<td><\/td>\n<td><\/td>\n<td><\/td>\n<\/tr>\n<tr>\n<td>Reichweite<\/td>\n<td>bis zu 50 m<\/td>\n<td><\/td>\n<td><\/td>\n<td><\/td>\n<td><\/td>\n<td><\/td>\n<\/tr>\n<tr>\n<td>Akkulaufzeit<\/td>\n<td>bis zu 9 Stunden<\/td>\n<td><\/td>\n<td><\/td>\n<td><\/td>\n<td><\/td>\n<td><\/td>\n<\/tr>\n<tr>\n<td>Ladezeit<\/td>\n<td>bis zu 3 Stunden<br \/>\nFast charging: ca. 30 Minuten<br \/>\nLadezeit f\u00fcr 2 Stunden Betriebszeit<\/td>\n<td><\/td>\n<td><\/td>\n<td><\/td>\n<td><\/td>\n<td><\/td>\n<\/tr>\n<tr>\n<td>Audio-\u00dcbertragungsbereich<\/td>\n<td>15 hz bis 16 kHz<\/td>\n<td><\/td>\n<td><\/td>\n<td><\/td>\n<td><\/td>\n<td><\/td>\n<\/tr>\n<tr>\n<td>Frequenz (\u00dcbertragung)<\/td>\n<td>2,4 &#8211; 2,48 GHz<\/td>\n<td><\/td>\n<td><\/td>\n<td><\/td>\n<td><\/td>\n<td><\/td>\n<\/tr>\n<tr>\n<td>Anschlussstecker<\/td>\n<td>Netzteil: gerader Stecker \/Gelb (Eingangsspannungsbereich: 0,15 bis 4,0 Vpk),<br \/>\nTV Klinkenstecker: 1 gerader und ein gewinkelter Stecker \/ Blau Analogeingang: 3,5-mm-Stereo-Klinkenbuchse<\/td>\n<td><\/td>\n<td><\/td>\n<td><\/td>\n<td><\/td>\n<td><\/td>\n<\/tr>\n<tr>\n<td>Kabell\u00e4nge<\/td>\n<td><\/td>\n<td><\/td>\n<td><\/td>\n<td><\/td>\n<td><\/td>\n<td><\/td>\n<\/tr>\n<tr>\n<td>Gewicht<\/td>\n<td>H\u00f6rer: ca. 60g<br \/>\nSender: 230g<\/td>\n<td><\/td>\n<\/tr>\n<\/tbody>\n<\/table>\n","protected":false},"featured_media":1756,"comment_status":"closed","ping_status":"closed","template":"","meta":[],"product_brand":[221],"product_cat":[57],"product_tag":[],"class_list":{"0":"post-1755","1":"product","2":"type-product","3":"status-publish","4":"has-post-thumbnail","6":"product_brand-sennheiser","7":"product_cat-kopfhoerer-hoerhilfen","9":"first","10":"onbackorder","11":"taxable","12":"shipping-taxable","13":"purchasable","14":"product-type-simple"},"_links":{"self":[{"href":"https:\/\/spuehler-tv.ch\/onlineshop\/wp-json\/wp\/v2\/product\/1755","targetHints":{"allow":["GET"]}}],"collection":[{"href":"https:\/\/spuehler-tv.ch\/onlineshop\/wp-json\/wp\/v2\/product"}],"about":[{"href":"https:\/\/spuehler-tv.ch\/onlineshop\/wp-json\/wp\/v2\/types\/product"}],"replies":[{"embeddable":true,"href":"https:\/\/spuehler-tv.ch\/onlineshop\/wp-json\/wp\/v2\/comments?post=1755"}],"wp:featuredmedia":[{"embeddable":true,"href":"https:\/\/spuehler-tv.ch\/onlineshop\/wp-json\/wp\/v2\/media\/1756"}],"wp:attachment":[{"href":"https:\/\/spuehler-tv.ch\/onlineshop\/wp-json\/wp\/v2\/media?parent=1755"}],"wp:term":[{"taxonomy":"product_brand","embeddable":true,"href":"https:\/\/spuehler-tv.ch\/onlineshop\/wp-json\/wp\/v2\/product_brand?post=1755"},{"taxonomy":"product_cat","embeddable":true,"href":"https:\/\/spuehler-tv.ch\/onlineshop\/wp-json\/wp\/v2\/product_cat?post=1755"},{"taxonomy":"product_tag","embeddable":true,"href":"https:\/\/spuehler-tv.ch\/onlineshop\/wp-json\/wp\/v2\/product_tag?post=1755"}],"curies":[{"name":"wp","href":"https:\/\/api.w.org\/{rel}","templated":true}]}}