{"id":11670,"date":"2026-04-21T11:51:37","date_gmt":"2026-04-21T10:51:37","guid":{"rendered":"https:\/\/spuehler-tv.ch\/onlineshop\/?post_type=product&#038;p=11670"},"modified":"2026-04-21T11:51:39","modified_gmt":"2026-04-21T10:51:39","slug":"retro-boombox-medion-boombox-mit-radio-dab-ukw-cd-tape-usb-aux-bluetooth","status":"publish","type":"product","link":"https:\/\/spuehler-tv.ch\/onlineshop\/produkt\/retro-boombox-medion-boombox-mit-radio-dab-ukw-cd-tape-usb-aux-bluetooth\/","title":{"rendered":"Retro Boombox (Medion) &#8211; Boombox mit Radio (DAB+\/UKW) CD, Tape, USB, Aux, Bluetooth"},"content":{"rendered":"<p class=\"bpaUxEdV\">Tauchen Sie ein in die Zeit der Neonfarben und der pulsierenden Musik und geniessen Sie dabei modernste Technologie. Erleben Sie kabellose Freiheit und verbinden Sie Ihr Smartphone oder Tablet ganz einfach per Bluetooth mit der Boombox. Ob auf der Schulter getragen oder im Raum stehend \u2013 mit der 80&#8217;s Retro Boombox k\u00f6nnen Sie Ihre Party im Retro-Stil rocken. Spielen Sie Ihre alten CDs ab oder geniessen Sie MP3-Dateien. Aber das ist noch nicht alles, denn das integrierte Kassettendeck bringt 100% 80er Nostalgie zur\u00fcck! Damit Sie immer auf dem Laufenden sind, haben wir ein DAB+\/PLL UKW-Radio integriert. So empfangen Sie Ihre Lieblingssender in glasklarer Qualit\u00e4t und rocken durch die Jahrzehnte. Alle wichtigen Informationen werden \u00fcbersichtlich auf dem LCD-Display angezeigt. Die Bedienung ist einfach und intuitiv, so dass Sie sich voll und ganz auf die Musik und die kultige Optik der 80&#8217;s Retro Boombox konzentrieren k\u00f6nnen. Holen Sie sich die kompakte Musikanlage im Stil der 80er Jahre und erleben Sie die perfekte Kombination aus Retro-Charme und modernster Technik. Geniessen Sie die Freiheit der kabellosen Musik\u00fcbertragung, die Wiederbelebung Ihrer alten CDs und Mixtapes und all die modernen Features, die diese Boombox zu einem absoluten Must-Have machen.<\/p>\n<div class=\"bpal7mZx bpaafGAx\">\n<h4 class=\"bpaGB85U bpawap8R bpauc3pA\">Satter Sound<\/h4>\n<p>Dieses Lautsprechersystem mit separaten Hoch- und Tieft\u00f6nern bietet eine beeindruckende Musikleistung von 2 x 10 Watt RMS. Es erm\u00f6glicht ein klares, ausgewogenes Klangerlebnis, das jedes Detail Ihrer Lieblingsmusik hervorhebt. Die individuelle Ansteuerung der Hoch- und Tieft\u00f6ner sorgt f\u00fcr eine pr\u00e4zise Audiowiedergabe, die in jeder Umgebung \u00fcberzeugt. Ganz gleich, ob Sie fetzige Beats oder sanfte Melodien bevorzugen, das Lautsprechersystem verspricht ein unvergessliches H\u00f6rerlebnis.<\/p>\n<\/div>\n<div class=\"bpal7mZx bpaafGAx\">\n<h4 class=\"bpaGB85U bpawap8R bpauc3pA\">Vielf\u00e4ltige Wiedergabem\u00f6glichkeite<\/h4>\n<p>Die 80er Jahre Retro Boombox ist mit einem USB-Port und einem MicroSD-Kartensteckplatz ausgestattet, um Musik von verschiedenen Massenspeichern abzuspielen. So haben Sie die Freiheit, Ihre Lieblingshits von einer Vielzahl von Quellen zu geniessen, sei es von USB-Sticks, Speicherkarten oder anderen kompatiblen Ger\u00e4ten.<\/p>\n<\/div>\n<div class=\"bpal7mZx bpaafGAx\">\n<h4 class=\"bpaGB85U bpawap8R bpauc3pA\">Audiokonservierung leicht gemacht<\/h4>\n<p>Die 80er Jahre Retro Boombox bietet eine umfangreiche Aufnahmefunktion, mit der Sie Ihre Musiksammlung bewahren und erweitern k\u00f6nnen. Sie k\u00f6nnen nicht nur Musik von Radio, CD oder Kassette auf USB oder MicroSD-Karte \u00fcbertragen, sondern auch Radio- oder CD-Inhalte auf Kassette aufnehmen. Mit dieser vielseitigen Funktion k\u00f6nnen Sie Ihre Lieblingsmusik auf jedem beliebigen Medium speichern und geniesse<\/p>\n<\/div>\n<div class=\"bpal7mZx bpaafGAx\">\n<h4 class=\"bpaGB85U bpawap8R bpauc3pA\">Sie sind der Star<\/h4>\n<p>Mit gleich zwei Mikrofonanschl\u00fcssen er\u00f6ffnet Ihnen die 80er Jahre Retro Boombox ein breites Spektrum an kreativen M\u00f6glichkeiten. Ob Karaoke \u00fcben, besondere Ansagen machen oder einfach eine spontane Performance hinlegen \u2013 diese Boombox bietet die Plattform daf\u00fcr. Und sollte mal kein Mikrofon zur Hand sein, sorgt das eingebaute Mikro f\u00fcr sofortige Unterst\u00fctzung.<\/p>\n<\/div>\n<div class=\"bpal7mZx bpaafGAx\">\n<h4 class=\"bpaGB85U bpawap8R bpauc3pA\">Stilvoll und praktisch<\/h4>\n<p>Wie das Original besticht die 80er Jahre Retro Boombox durch ihr schlankes Geh\u00e4use und den praktischen Tragegriff. Ob im Wohnzimmer, im Schlafzimmer oder im Freien \u2013 die Boombox ist immer und \u00fcberall dabei.<\/p>\n<\/div>\n<div class=\"bpal7mZx bpaafGAx\">\n<h4 class=\"bpaGB85U bpawap8R bpauc3pA\">Kraftvoller Bass auf Knopfdruck<\/h4>\n<p>Der X-Bass-Modus verleiht Ihrem Sound eine kraftvolle Tiefe, die Ihre Musik in einem neuen Licht erscheinen l\u00e4sst. Ganz gleich, ob Sie die B\u00e4sse intensiv erleben m\u00f6chten oder die tiefen T\u00f6ne bevorzugen, mit dieser Funktion k\u00f6nnen Sie den Sound ganz nach Ihren W\u00fcnschen gestalten und an verschiedene Musikrichtungen anpassen.<\/p>\n<\/div>\n<p><iframe loading=\"lazy\" title=\"MEDION LIFE P66538 80\u2018 Retro-Boombox\" width=\"980\" height=\"551\" src=\"https:\/\/www.youtube.com\/embed\/FtpfSXMezZE?feature=oembed\" frameborder=\"0\" allow=\"accelerometer; autoplay; clipboard-write; encrypted-media; gyroscope; picture-in-picture; web-share\" referrerpolicy=\"strict-origin-when-cross-origin\" allowfullscreen><\/iframe><\/p>\n","protected":false},"excerpt":{"rendered":"<ul class=\"bpaB8acr bpaYQOAB\">\n<li class=\"bpavkRfc\">UKW-Radio DAB+\/PLL mit 20 Senderspeichern<\/li>\n<li class=\"bpavkRfc\">Bluetooth 5.3 f\u00fcr kabellose Musik\u00fcbertragung vom Smartphone oder Tablet-PC<\/li>\n<li class=\"bpavkRfc\">Fronteinschub CD\/MP3-Player mit Repeat- und Random-Funktion<\/li>\n<li class=\"bpavkRfc\">Kassettendeck mit Auto Stop System, Soft Eject Kassettenfach und Aufnahmefunktion<\/li>\n<li class=\"bpavkRfc\">Wiedergabe von MP3-Musikdateien von USB-Stick oder Micro SD-Karte<\/li>\n<li class=\"bpavkRfc\">X Bass-Funktion mit Bass\/H\u00f6hen-Equalizer<\/li>\n<\/ul>\n","protected":false},"featured_media":11671,"comment_status":"open","ping_status":"closed","template":"","meta":[],"product_brand":[],"product_cat":[174,173,171,58,52],"product_tag":[],"class_list":{"0":"post-11670","1":"product","2":"type-product","3":"status-publish","4":"has-post-thumbnail","6":"product_cat-portabel-audio","7":"product_cat-cd-spieler-portabel","8":"product_cat-kassettenspieler","9":"product_cat-bluetooth-speaker-portabel","10":"product_cat-audio-portabel","12":"first","13":"instock","14":"taxable","15":"shipping-taxable","16":"purchasable","17":"product-type-variable","18":"has-default-attributes","19":"rtwpvg-product"},"_links":{"self":[{"href":"https:\/\/spuehler-tv.ch\/onlineshop\/wp-json\/wp\/v2\/product\/11670","targetHints":{"allow":["GET"]}}],"collection":[{"href":"https:\/\/spuehler-tv.ch\/onlineshop\/wp-json\/wp\/v2\/product"}],"about":[{"href":"https:\/\/spuehler-tv.ch\/onlineshop\/wp-json\/wp\/v2\/types\/product"}],"replies":[{"embeddable":true,"href":"https:\/\/spuehler-tv.ch\/onlineshop\/wp-json\/wp\/v2\/comments?post=11670"}],"wp:featuredmedia":[{"embeddable":true,"href":"https:\/\/spuehler-tv.ch\/onlineshop\/wp-json\/wp\/v2\/media\/11671"}],"wp:attachment":[{"href":"https:\/\/spuehler-tv.ch\/onlineshop\/wp-json\/wp\/v2\/media?parent=11670"}],"wp:term":[{"taxonomy":"product_brand","embeddable":true,"href":"https:\/\/spuehler-tv.ch\/onlineshop\/wp-json\/wp\/v2\/product_brand?post=11670"},{"taxonomy":"product_cat","embeddable":true,"href":"https:\/\/spuehler-tv.ch\/onlineshop\/wp-json\/wp\/v2\/product_cat?post=11670"},{"taxonomy":"product_tag","embeddable":true,"href":"https:\/\/spuehler-tv.ch\/onlineshop\/wp-json\/wp\/v2\/product_tag?post=11670"}],"curies":[{"name":"wp","href":"https:\/\/api.w.org\/{rel}","templated":true}]}}