{"id":11640,"date":"2026-02-12T11:55:57","date_gmt":"2026-02-12T10:55:57","guid":{"rendered":"https:\/\/spuehler-tv.ch\/onlineshop\/?post_type=product&#038;p=11640"},"modified":"2026-02-12T11:57:31","modified_gmt":"2026-02-12T10:57:31","slug":"fullmotion-ultra-slim-premium-hama-wandhalterung-neig-schwenkbar","status":"publish","type":"product","link":"https:\/\/spuehler-tv.ch\/onlineshop\/produkt\/fullmotion-ultra-slim-premium-hama-wandhalterung-neig-schwenkbar\/","title":{"rendered":"Fullmotion Ultra Slim Premium (Hama) &#8211; Wandhalterung Neig + Schwenkbar"},"content":{"rendered":"<section id=\"selas\">\n<div class=\"row itemDetail-seals\">\n<div class=\"column small-12\">\n<div class=\"row align-middle padding-bottom-3\">\n<div class=\"column medium-6 small-12 seal-image-container\"><img decoding=\"async\" src=\"https:\/\/business.ch.hama.com\/images\/pim\/seals\/qc-hama-germany-576x384.webp\" alt=\"Qualit\u00e4t nach deutschen Ma\u00dfst\u00e4ben\" width=\"470\" \/><\/div>\n<div class=\"column medium-6 small-12 seal-text-container\">\n<div class=\"h1 margin-bottom-1\">Qualit\u00e4t nach deutschen Ma\u00dfst\u00e4ben<\/div>\n<div>Vom Erstmuster bis zur Serienreife: Unsere Produkte durchlaufen strenge und umfassende Qualit\u00e4tskontrollen, sowohl gesteuert als auch durchgef\u00fchrt in Deutschland. So gew\u00e4hrleisten wir die Einhaltung aller Vorgaben, Richtlinien und Normen \u2013 und erf\u00fcllen h\u00f6chste Anspr\u00fcche.<\/div>\n<\/div>\n<\/div>\n<\/div>\n<\/div>\n<\/section>\n<section id=\"features\" class=\"modules modules-blockText\">\n<div class=\"row\">\n<div class=\"column\">\n<h2 class=\"margin-bottom-2\">Highlights<\/h2>\n<\/div>\n<\/div>\n<div class=\"row small-up-1 medium-up-2 large-up-3\">\n<div class=\"column margin-bottom-3\">\n<h3>Extrem flaches Profil mit 2,3 cm<\/h3>\n<p>Ultra slim und unauff\u00e4llig: Mit dem geringen Wandabstand von 2,3 cm f\u00fcgt sich die TV-Halterung unauff\u00e4llig in die Wohnwelt ein, spart Platz und l\u00e4sst Ihnen alle Freir\u00e4ume der Raumgestaltung<\/p>\n<\/div>\n<div class=\"column margin-bottom-3\">\n<h3>Voll bewegliche Fernsehhalterung<\/h3>\n<p>F\u00fcr den perfekten Blickwinkel: Diese Fernsehhalterung passt sich Ihren individuellen Bed\u00fcrfnissen an \u2013 ob schwenkbar, neigbar, ausziehbar \u2013 so funktioniert Home Entertainment<\/p>\n<\/div>\n<div class=\"column margin-bottom-3\">\n<h3>Bis 90&#8243; und 50 kg<\/h3>\n<p>Extrem belastbar: stabile Bauweise mit Doppelarm erm\u00f6glicht eine sichere Befestigung von TV-Ger\u00e4ten mit einem Gewicht von bis zu 50 kg und Bildschirmdiagonale bis 90 Zoll<\/p>\n<\/div>\n<div class=\"column margin-bottom-3\">\n<h3>Ideal f\u00fcr superflache TV-Ger\u00e4te<\/h3>\n<p>Innovativ konstruiert: das Design der Wandhalterung ist auf ultraflache TV-Ger\u00e4te abgestimmt und eignet sich perfekt f\u00fcr besonders flache Bildschirme wie z.B. OLED-Fernseher<\/p>\n<\/div>\n<div class=\"column margin-bottom-3\">\n<h3>Integriertes Kabelmanagement<\/h3>\n<p>F\u00fcr ein ordentliches Wohnambiente: Das Kabelmanagement f\u00fchrt die Kabel aufger\u00e4umt hinter dem Fernseher entlang \u2013 das vermeidet Kabelsalat und ist platzsparend, zus\u00e4tzlich sch\u00fctzt die Kabelf\u00fchrung durch Zugentlastung das Kabel vor Kabelbruch<\/p>\n<\/div>\n<div class=\"column margin-bottom-3\">\n<h3>TV-Befestigung mit VESA-Norm<\/h3>\n<p>Zuverl\u00e4ssige Befestigung von TV-Ger\u00e4ten mit VESA-Norm von 200&#215;200 bis 600&#215;400<\/p>\n<\/div>\n<div class=\"column margin-bottom-3\">\n<h3>Inklusive Montagematerial<\/h3>\n<p>Alles dabei: Mit dem vielf\u00e4ltigen Montagezubeh\u00f6r inkl. hochwertiger Fischer-D\u00fcbel k\u00f6nnen Sie sofort loslegen<\/p>\n<\/div>\n<div class=\"column margin-bottom-3\">\n<h3>Bohrschablone zum Anzeichnen der Bohrl\u00f6cher<\/h3>\n<p>Dank Bohrschablone einfaches Anzeichnen der Bohrl\u00f6cher, ohne die Halterung an die Wand anlegen zu m\u00fcssen<\/p>\n<\/div>\n<div class=\"column margin-bottom-3\">\n<h3>Inklusive Wasserwaage<\/h3>\n<p>Inklusive Wasserwaage f\u00fcr einfache und schnelle Montage<\/p>\n<\/div>\n<div class=\"column margin-bottom-3\">\n<h3>Nachtr\u00e4gliches Ausrichten<\/h3>\n<p>Wurde die TV-Wandhalterung leicht schief montiert, kann die Position des TVs nachtr\u00e4glich um einige Grad waagerecht korrigiert werden<\/p>\n<\/div>\n<div class=\"column margin-bottom-3\">\n<h3>Gepr\u00fcfte Qualit\u00e4t<\/h3>\n<p>Gehen Sie auf Nummer sicher mit unserer gepr\u00fcften Sicherheit und 10 Jahren Garantie: anspruchsvolle Belastungs-, Stabilit\u00e4ts- und Funktionstests garantieren hohe Qualit\u00e4tsstandards<\/p>\n<\/div>\n<div class=\"column margin-bottom-3\">\n<h3>FSC<\/h3>\n<p>FSC-zertifiziert: Papier, Pappe und Kartonage unserer Verpackung stammen aus kontrollierten, zertifizierten Quellen<\/p>\n<\/div>\n<div class=\"column margin-bottom-3\">\n<h3>Plastikfrei<\/h3>\n<p>Verpackung mit gutem Gewissen: Unsere Verpackung ist zu 100 % plastikfrei \u2013 so reduzieren wir Plastikm\u00fcll<\/p>\n<\/div>\n<\/div>\n<\/section>\n","protected":false},"excerpt":{"rendered":"<p>Setzen Sie Ihren High-End-Fernseher richtig in Szene mit unserer Weltneuheit: Diese superflache und gleichzeitig vollbewegliche Wandhalterung macht aus Ihrem TV ein Gem\u00e4lde. Ein Blickfang f\u00fcr die Technik, ein durchdachtes Konzept f\u00fcr Ihre Wohnraumgestaltung!<\/p>\n","protected":false},"featured_media":11641,"comment_status":"open","ping_status":"closed","template":"","meta":[],"product_brand":[224],"product_cat":[71,157,156],"product_tag":[],"class_list":{"0":"post-11640","1":"product","2":"type-product","3":"status-publish","4":"has-post-thumbnail","6":"product_brand-hama","7":"product_cat-zubehoer","8":"product_cat-moebel-halterungen-staender","9":"product_cat-wandhalterungen","11":"first","12":"instock","13":"taxable","14":"shipping-taxable","15":"purchasable","16":"product-type-simple"},"_links":{"self":[{"href":"https:\/\/spuehler-tv.ch\/onlineshop\/wp-json\/wp\/v2\/product\/11640","targetHints":{"allow":["GET"]}}],"collection":[{"href":"https:\/\/spuehler-tv.ch\/onlineshop\/wp-json\/wp\/v2\/product"}],"about":[{"href":"https:\/\/spuehler-tv.ch\/onlineshop\/wp-json\/wp\/v2\/types\/product"}],"replies":[{"embeddable":true,"href":"https:\/\/spuehler-tv.ch\/onlineshop\/wp-json\/wp\/v2\/comments?post=11640"}],"wp:featuredmedia":[{"embeddable":true,"href":"https:\/\/spuehler-tv.ch\/onlineshop\/wp-json\/wp\/v2\/media\/11641"}],"wp:attachment":[{"href":"https:\/\/spuehler-tv.ch\/onlineshop\/wp-json\/wp\/v2\/media?parent=11640"}],"wp:term":[{"taxonomy":"product_brand","embeddable":true,"href":"https:\/\/spuehler-tv.ch\/onlineshop\/wp-json\/wp\/v2\/product_brand?post=11640"},{"taxonomy":"product_cat","embeddable":true,"href":"https:\/\/spuehler-tv.ch\/onlineshop\/wp-json\/wp\/v2\/product_cat?post=11640"},{"taxonomy":"product_tag","embeddable":true,"href":"https:\/\/spuehler-tv.ch\/onlineshop\/wp-json\/wp\/v2\/product_tag?post=11640"}],"curies":[{"name":"wp","href":"https:\/\/api.w.org\/{rel}","templated":true}]}}