{"id":11621,"date":"2026-02-03T14:03:41","date_gmt":"2026-02-03T13:03:41","guid":{"rendered":"https:\/\/spuehler-tv.ch\/onlineshop\/?post_type=product&#038;p=11621"},"modified":"2026-02-03T14:03:41","modified_gmt":"2026-02-03T13:03:41","slug":"moment-charge-pure-radiowecker-dab-mit-wireless-qi-ladestation","status":"publish","type":"product","link":"https:\/\/spuehler-tv.ch\/onlineshop\/produkt\/moment-charge-pure-radiowecker-dab-mit-wireless-qi-ladestation\/","title":{"rendered":"Moment Charge (Pure) &#8211; Radiowecker DAB+ mit Wireless (QI) Ladestation"},"content":{"rendered":"<div class=\"details__headline\">\n<p class=\"bpaUxEdV\"><span style=\"font-size: 1.41575em;\">Moment Charge als White Noise Ger\u00e4t<\/span><\/p>\n<div class=\"bpal7mZx bpaafGAx\">\n<p>Nat\u00fcrliche Kl\u00e4nge begleiten Sie in den Schlaf. Geniessen Sie die beruhigende Wirkung der vielen Naturger\u00e4usche von Moment Charge, die perfekt sind, um am Ende eines langen Tages zu entspannen, wenn Ihre Gedanken noch rasen. Von weissem Rauschen bis hin zu Umgebungsger\u00e4uschen \u2013 Moment Charge schafft eine ruhige Umgebung f\u00fcr erholsame N\u00e4chte.<\/p>\n<\/div>\n<div class=\"bpal7mZx bpaafGAx\">\n<h4 class=\"bpaGB85U bpawap8R bpauc3pA\">Moment Charge ist auch eine dimmbare Nachtlampe<\/h4>\n<p>Das dimmbare Hintergrundlicht von Moment Charge bietet eine sanfte Unterst\u00fctzung in der Nacht und verbessert Ihr Schlaferlebnis. Passen Sie die Helligkeit an Ihre Vorlieben an und geniessen Sie ruhiges Aufwachen mit der Sonnenaufgangsfunktion, die die Lichtintensit\u00e4t schrittweise erh\u00f6ht.<\/p>\n<\/div>\n<div class=\"bpal7mZx bpaafGAx\">\n<h4 class=\"bpaGB85U bpawap8R bpauc3pA\">Den Wecker zu stellen dauert nur einen Moment<\/h4>\n<p>Mit 10 anpassbaren Alarmen und endlosen Kombinationsm\u00f6glichkeiten k\u00f6nnen Sie mit Moment Charge Ihre Weckroutinen m\u00fchelos einstellen. Das Display zeigt die n\u00e4chste Weckzeit an, ist vollst\u00e4ndig dimmbar und sorgt so f\u00fcr einen ungest\u00f6rten Schlaf. Zur Sicherheit gibt es mehrere Backup-Alarme, einschliesslich einer Notfallbatterie, die daf\u00fcr sorgen, dass Sie trotz Stromausfall p\u00fcnktlich aufwachen. Und im Zweifelsfall wird der n\u00e4chste Alarm immer angezeigt, sodass man nicht durch das Men\u00fc navigieren muss.<\/p>\n<\/div>\n<div class=\"bpal7mZx bpaafGAx\">\n<h4 class=\"bpaGB85U bpawap8R bpauc3pA\">M\u00fcheloses kabelloses Laden<\/h4>\n<p>Moment Charge verf\u00fcgt \u00fcber ein fortschrittliches, kabelloses Ladepad, mit dem Sie Ihr Smartphone m\u00fchelos aufladen k\u00f6nnen. Legen Sie Ihr Ger\u00e4t einfach auf das integrierte Pad, so ben\u00f6tigen Sie keine zus\u00e4tzlichen Kabel und Ihr Nachttisch bleibt ordentlich und aufger\u00e4umt. Wenn Sie ein zweites Ger\u00e4t, z. B. Ihre Kopfh\u00f6rer, aufladen m\u00f6chten, k\u00f6nnen Sie das \u00fcber ein USB-Ladekabel tun.<\/p>\n<\/div>\n<\/div>\n<div class=\"details__column\">\n<div class=\"detail__block--wrapper\"><\/div>\n<div class=\"detail__block--wrapper\">\n<div class=\"detail__block\" data-feature-code=\"classificationCatalog\/1.0\/0060057804.ep60052802\"><span class=\"detail__title\">Breite:<\/span>\u00a0<span class=\"detail__desc\">15.5 cm<\/span><\/div>\n<\/div>\n<div class=\"detail__block--wrapper\">\n<div class=\"detail__block\" data-feature-code=\"classificationCatalog\/1.0\/0000000098.ep60064328\"><span class=\"detail__title\">H\u00f6he:<\/span>\u00a0<span class=\"detail__desc\">11.5 cm<\/span><\/div>\n<div class=\"detail__block\" data-feature-code=\"classificationCatalog\/1.0\/0000000098.tiefeincm\"><span class=\"detail__title\">Tiefe:<\/span>\u00a0<span class=\"detail__desc\">16 cm<\/span><\/div>\n<div class=\"detail__block\" data-feature-code=\"classificationCatalog\/1.0\/0000000098.gewichtinkg\"><span class=\"detail__title\">Gewicht:<\/span>\u00a0<span class=\"detail__desc\">0.699 kg<\/span><\/div>\n<\/div>\n<\/div>\n","protected":false},"excerpt":{"rendered":"<p>Moment Charge ist der moderne Audio-Begleiter f\u00fcr ges\u00fcndere Schlafroutinen, Konzentration und erholsame Momente. Der 10-Watt-Lautsprecher ist mit DAB+, UKW und Bluetooth ausgestattet und bietet ausserdem entspannende Kl\u00e4nge wie White Noise und Hintergrundger\u00e4usche. Neben dem Nachtlicht ist ein praktisches, kabelloses Ladeger\u00e4t integriert. Moment Charge weckt sanft mit personalisierten Alarmen, hat eine Stromausfall-Batterie verbaut und bietet eine Uhr, die man auf Wunsch vollst\u00e4ndig dimmen kann.<\/p>\n","protected":false},"featured_media":11627,"comment_status":"open","ping_status":"closed","template":"","meta":[],"product_brand":[233],"product_cat":[20,33,82],"product_tag":[],"class_list":{"0":"post-11621","1":"product","2":"type-product","3":"status-publish","4":"has-post-thumbnail","6":"product_brand-pure","7":"product_cat-audio-geraete","8":"product_cat-audio-stationaer","9":"product_cat-radiowecker","11":"first","12":"instock","13":"taxable","14":"shipping-taxable","15":"purchasable","16":"product-type-variable","17":"has-default-attributes","18":"rtwpvg-product"},"_links":{"self":[{"href":"https:\/\/spuehler-tv.ch\/onlineshop\/wp-json\/wp\/v2\/product\/11621","targetHints":{"allow":["GET"]}}],"collection":[{"href":"https:\/\/spuehler-tv.ch\/onlineshop\/wp-json\/wp\/v2\/product"}],"about":[{"href":"https:\/\/spuehler-tv.ch\/onlineshop\/wp-json\/wp\/v2\/types\/product"}],"replies":[{"embeddable":true,"href":"https:\/\/spuehler-tv.ch\/onlineshop\/wp-json\/wp\/v2\/comments?post=11621"}],"wp:featuredmedia":[{"embeddable":true,"href":"https:\/\/spuehler-tv.ch\/onlineshop\/wp-json\/wp\/v2\/media\/11627"}],"wp:attachment":[{"href":"https:\/\/spuehler-tv.ch\/onlineshop\/wp-json\/wp\/v2\/media?parent=11621"}],"wp:term":[{"taxonomy":"product_brand","embeddable":true,"href":"https:\/\/spuehler-tv.ch\/onlineshop\/wp-json\/wp\/v2\/product_brand?post=11621"},{"taxonomy":"product_cat","embeddable":true,"href":"https:\/\/spuehler-tv.ch\/onlineshop\/wp-json\/wp\/v2\/product_cat?post=11621"},{"taxonomy":"product_tag","embeddable":true,"href":"https:\/\/spuehler-tv.ch\/onlineshop\/wp-json\/wp\/v2\/product_tag?post=11621"}],"curies":[{"name":"wp","href":"https:\/\/api.w.org\/{rel}","templated":true}]}}