{"id":11579,"date":"2026-01-15T15:54:43","date_gmt":"2026-01-15T14:54:43","guid":{"rendered":"https:\/\/spuehler-tv.ch\/onlineshop\/?post_type=product&#038;p=11579"},"modified":"2026-01-29T08:40:25","modified_gmt":"2026-01-29T07:40:25","slug":"color-laserjet-pro-mfp-3302fdw-hp-multifunktions-laser-drucker","status":"publish","type":"product","link":"https:\/\/spuehler-tv.ch\/onlineshop\/produkt\/color-laserjet-pro-mfp-3302fdw-hp-multifunktions-laser-drucker\/","title":{"rendered":"Color LaserJet Pro MFP 3302fdw (HP) &#8211; Multifunktions Laser Drucker"},"content":{"rendered":"<p data-end=\"301\" data-start=\"0\">HP Color Laserjet Pro MFP 3302fdw<br \/>\n&#8211;\u00a0<strong data-end=\"358\" data-start=\"337\">Drucktechnologie:<\/strong>\u00a0Laser (farbig)<br \/>\n&#8211;\u00a0<strong data-end=\"382\" data-start=\"367\">Funktionen:<\/strong>\u00a0Drucken, Scannen, Kopieren, Faxen<br \/>\n&#8211;\u00a0<strong data-end=\"444\" data-start=\"419\">Druckgeschwindigkeit:<\/strong>\u00a0bis zu 25 Seiten pro Minute in Schwarzweiss und Farbe<br \/>\n&#8211;\u00a0<strong data-end=\"519\" data-start=\"500\">Druckaufl\u00f6sung:<\/strong>\u00a0Bis zu 600 x 600 dpi<br \/>\n&#8211;\u00a0<strong data-end=\"573\" data-start=\"543\">automatischer Duplexdruck:<\/strong>\u00a0Ja<br \/>\n&#8211;\u00a0<strong data-end=\"591\" data-start=\"579\">Scanner:<\/strong>\u00a0Flachbett mit automatischem Dokumenteneinzug (ADF) f\u00fcr bis zu 50 Blatt, Duplex-Scan-Unterst\u00fctzung<br \/>\n&#8211;\u00a0<strong data-end=\"712\" data-start=\"692\">Papierkapazit\u00e4t:<\/strong>\u00a0250-Blatt-Papierkassette, Mehrzweckzuf\u00fchrung vorn (1 Blatt)<br \/>\n&#8211;\u00a0<strong data-end=\"784\" data-start=\"763\">Ausgabekapazit\u00e4t:<\/strong>\u00a0bis zu 100 Blatt<br \/>\n&#8211;\u00a0<strong data-end=\"816\" data-start=\"804\">Display:<\/strong>\u00a010,9 cm Farb-Touchscreen<br \/>\n&#8211;\u00a0<strong data-end=\"857\" data-start=\"844\">Speicher:<\/strong>\u00a0512 MB<br \/>\n&#8211;\u00a0<strong data-end=\"885\" data-start=\"867\">Konnektivit\u00e4t:<\/strong>\u00a0USB, Ethernet, WLAN, Wi-Fi Direct, Unterst\u00fctzung f\u00fcr mobiles Drucken (Apple AirPrint\u2122, Mopria\u2122, Android-Druckdienst-Plugin)<br \/>\n&#8211;\u00a0<b>Lieferumfang:<\/b>\u00a0inklusive 4 Startertoner (Reichweite schwarz ca. 600 Seiten, cyan ca. 500 Seiten, gelb ca. 500 Seiten, magenta ca. 500 Seiten)<br \/>\n&#8211;\u00a0<b>Neuger\u00e4t<\/b>\u00a0mit 2 Jahren Garantie<\/p>\n<p data-end=\"301\" data-start=\"0\"><strong data-end=\"1039\" data-start=\"1011\">Abmessungen und Gewicht<br \/>\n&#8211;\u00a0<\/strong><strong data-end=\"1054\" data-start=\"1043\">Breite:<\/strong>\u00a041,8 cm<br \/>\n&#8211;\u00a0<strong data-end=\"1075\" data-start=\"1065\">Tiefe:<\/strong>\u00a042,0 cm<br \/>\n&#8211;\u00a0<strong data-end=\"1095\" data-start=\"1086\">H\u00f6he:<\/strong>\u00a034,2 cm<br \/>\n&#8211;\u00a0<strong data-end=\"1118\" data-start=\"1106\">Gewicht:<\/strong>\u00a017,1 kg<\/p>\n<p data-end=\"1278\" data-start=\"1128\">Der HP Color LaserJet Pro MFP 3302fdw ist ein multifunktionaler Farblaserdrucker, der f\u00fcr Arbeitsgruppen in Unternehmen entwickelt wurde. Er bietet schnelles, hochwertiges beidseitiges Drucken und Scannen sowie Kopier- und Faxfunktionen in einem kompakten Design.<\/p>\n<p>Dieser Drucker ist nur f\u00fcr die Verwendung mit Druckpatronen vorgesehen, die \u00fcber einen neuen oder wiederverwendeten HP-Chip verf\u00fcgen. Er nutzt dynamische Sicherheitsmassnahmen, um Druckpatronen zu blockieren, die einen nicht von HP stammenden Chip aufweisen. Regelm\u00e4ssige Firmware-Updates erhalten die Wirksamkeit dieser Massnahmen aufrecht und blockieren Druckpatronen, die zuvor funktioniert haben. Ein wiederverwendeter HP-Chip erm\u00f6glicht die Verwendung von wiederverwendeten, wiederaufbereiteten und wiederbef\u00fcllten Druckpatronen.<\/p>\n","protected":false},"excerpt":{"rendered":"<ul class=\"cds-List cds-AttributesList cds-List--Piped cds-AttributesList--WithPadding ProductData-Attributes\">\n<li>Funktionen: Drucken, Kopieren, Faxen, Scannen (Flachbett- und ADF-Scanner)<\/li>\n<li>Druckt bis zu 25 Seiten\/Min. in schwarzweiss und Farbe<\/li>\n<li>250 Blatt Standard-Papierzuf\u00fchrung, 50 Blatt Duplex ADF<\/li>\n<li>USB 2.0 (Host und Client), 1000 Mbps LAN, WLAN, automatische Duplexfunktion<\/li>\n<li>10.92 cm Farb-Touchscreen, Flachbett- und ADF-Scanner<\/li>\n<li>Mobiles Drucken \u00fcber \u00abHP Smart App\u00bb, \u00abAirPrint\u00bb, \u00abMopria\u00bb<\/li>\n<\/ul>\n","protected":false},"featured_media":11580,"comment_status":"open","ping_status":"closed","template":"","meta":[],"product_brand":[244],"product_cat":[199,200,226,143],"product_tag":[],"class_list":{"0":"post-11579","1":"product","2":"type-product","3":"status-publish","4":"has-post-thumbnail","6":"product_brand-hp","7":"product_cat-drucker","8":"product_cat-laserdrucker","9":"product_cat-sale","10":"product_cat-austellungsgeraete-spezialangebote","12":"first","13":"instock","14":"sale","15":"taxable","16":"shipping-taxable","17":"purchasable","18":"product-type-simple"},"_links":{"self":[{"href":"https:\/\/spuehler-tv.ch\/onlineshop\/wp-json\/wp\/v2\/product\/11579","targetHints":{"allow":["GET"]}}],"collection":[{"href":"https:\/\/spuehler-tv.ch\/onlineshop\/wp-json\/wp\/v2\/product"}],"about":[{"href":"https:\/\/spuehler-tv.ch\/onlineshop\/wp-json\/wp\/v2\/types\/product"}],"replies":[{"embeddable":true,"href":"https:\/\/spuehler-tv.ch\/onlineshop\/wp-json\/wp\/v2\/comments?post=11579"}],"wp:featuredmedia":[{"embeddable":true,"href":"https:\/\/spuehler-tv.ch\/onlineshop\/wp-json\/wp\/v2\/media\/11580"}],"wp:attachment":[{"href":"https:\/\/spuehler-tv.ch\/onlineshop\/wp-json\/wp\/v2\/media?parent=11579"}],"wp:term":[{"taxonomy":"product_brand","embeddable":true,"href":"https:\/\/spuehler-tv.ch\/onlineshop\/wp-json\/wp\/v2\/product_brand?post=11579"},{"taxonomy":"product_cat","embeddable":true,"href":"https:\/\/spuehler-tv.ch\/onlineshop\/wp-json\/wp\/v2\/product_cat?post=11579"},{"taxonomy":"product_tag","embeddable":true,"href":"https:\/\/spuehler-tv.ch\/onlineshop\/wp-json\/wp\/v2\/product_tag?post=11579"}],"curies":[{"name":"wp","href":"https:\/\/api.w.org\/{rel}","templated":true}]}}