{"id":11577,"date":"2026-01-15T15:06:36","date_gmt":"2026-01-15T14:06:36","guid":{"rendered":"https:\/\/spuehler-tv.ch\/onlineshop\/?post_type=product&#038;p=11577"},"modified":"2026-04-02T12:05:44","modified_gmt":"2026-04-02T11:05:44","slug":"repeater-1700-fritz-wlan-mesh-erweiterung","status":"publish","type":"product","link":"https:\/\/spuehler-tv.ch\/onlineshop\/produkt\/repeater-1700-fritz-wlan-mesh-erweiterung\/","title":{"rendered":"Repeater 1700 (FRITZ!) \u2013 WLAN MESH Erweiterung &#8211; WiFi 7"},"content":{"rendered":"<p>Der FRITZ! Repeater 1700 ist ein leistungsstarker WLAN-Repeater, der entwickelt wurde, um die Reichweite Ihres Heimnetzwerks schnell und effizient zu erweitern. Mit Unterst\u00fctzung f\u00fcr WLAN Mesh Wi-Fi 7 erm\u00f6glicht er Geschwindigkeiten von bis zu 2.880 MBit\/s im 5 GHz-Band und 688 MBit\/s im 2,4 GHz-Band. Der Repeater ist mit einem Gigabit-LAN-Anschluss ausgestattet, der eine stabile Verbindung f\u00fcr netzwerkf\u00e4hige Ger\u00e4te wie Set-Top-Boxen und Spielekonsolen bietet. Die einfache Einrichtung erfolgt per Tastendruck \u00fcber die WPS-Funktion, wodurch er nahtlos in bestehende Netzwerke integriert werden kann. Zudem \u00fcbernimmt der Repeater automatisch alle wichtigen Einstellungen der FRITZ!Box, was die Nutzung noch komfortabler macht. Die LED-Anzeige ist dimm- und abschaltbar, was zus\u00e4tzliche Flexibilit\u00e4t bei der Nutzung bietet. Der FRITZ! Repeater 1700 ist kompatibel mit allen g\u00e4ngigen WLAN-Routern und eignet sich ideal f\u00fcr den Indoor-Einsatz.<\/p>\n","protected":false},"excerpt":{"rendered":"<ul class=\"yVWuFvzC\">\n<li class=\"yVWuFvzD yVWuFvzE yVWuFvzF\">Unterst\u00fctzt WLAN Mesh Wi-Fi 7 f\u00fcr hohe Geschwindigkeiten<\/li>\n<li class=\"yVWuFvzD yVWuFvzE yVWuFvzF\">Gigabit-LAN-Anschluss f\u00fcr kabelgebundene Ger\u00e4te<\/li>\n<li class=\"yVWuFvzD yVWuFvzE yVWuFvzF\">Einfache Einrichtung per WPS-Tastendruck<\/li>\n<li class=\"yVWuFvzD yVWuFvzE yVWuFvzF\">Automatische \u00dcbernahme der FRITZ!Box-Einstellungen<\/li>\n<li class=\"yVWuFvzD yVWuFvzE yVWuFvzF\">LED-Anzeige dimm- und abschaltbar.<\/li>\n<\/ul>\n","protected":false},"featured_media":11578,"comment_status":"open","ping_status":"closed","template":"","meta":[],"product_brand":[242],"product_cat":[21,65],"product_tag":[],"class_list":{"0":"post-11577","1":"product","2":"type-product","3":"status-publish","4":"has-post-thumbnail","6":"product_brand-fritz","7":"product_cat-it-produkte","8":"product_cat-mesh-repeater","10":"first","11":"instock","12":"taxable","13":"shipping-taxable","14":"purchasable","15":"product-type-simple"},"_links":{"self":[{"href":"https:\/\/spuehler-tv.ch\/onlineshop\/wp-json\/wp\/v2\/product\/11577","targetHints":{"allow":["GET"]}}],"collection":[{"href":"https:\/\/spuehler-tv.ch\/onlineshop\/wp-json\/wp\/v2\/product"}],"about":[{"href":"https:\/\/spuehler-tv.ch\/onlineshop\/wp-json\/wp\/v2\/types\/product"}],"replies":[{"embeddable":true,"href":"https:\/\/spuehler-tv.ch\/onlineshop\/wp-json\/wp\/v2\/comments?post=11577"}],"wp:featuredmedia":[{"embeddable":true,"href":"https:\/\/spuehler-tv.ch\/onlineshop\/wp-json\/wp\/v2\/media\/11578"}],"wp:attachment":[{"href":"https:\/\/spuehler-tv.ch\/onlineshop\/wp-json\/wp\/v2\/media?parent=11577"}],"wp:term":[{"taxonomy":"product_brand","embeddable":true,"href":"https:\/\/spuehler-tv.ch\/onlineshop\/wp-json\/wp\/v2\/product_brand?post=11577"},{"taxonomy":"product_cat","embeddable":true,"href":"https:\/\/spuehler-tv.ch\/onlineshop\/wp-json\/wp\/v2\/product_cat?post=11577"},{"taxonomy":"product_tag","embeddable":true,"href":"https:\/\/spuehler-tv.ch\/onlineshop\/wp-json\/wp\/v2\/product_tag?post=11577"}],"curies":[{"name":"wp","href":"https:\/\/api.w.org\/{rel}","templated":true}]}}