{"id":11546,"date":"2026-01-08T08:58:01","date_gmt":"2026-01-08T07:58:01","guid":{"rendered":"https:\/\/spuehler-tv.ch\/onlineshop\/?post_type=product&#038;p=11546"},"modified":"2026-01-08T08:58:02","modified_gmt":"2026-01-08T07:58:02","slug":"platinum-automatic-eas-sonoro-halbautomatischer-plattenspieler-mit-line-out-bluetooth-usb","status":"publish","type":"product","link":"https:\/\/spuehler-tv.ch\/onlineshop\/produkt\/platinum-automatic-eas-sonoro-halbautomatischer-plattenspieler-mit-line-out-bluetooth-usb\/","title":{"rendered":"PLATINUM AUTOMATIC EAS (Sonoro) &#8211; Halbautomatischer Plattenspieler mit Line-OUT \/ Bluetooth \/ USB"},"content":{"rendered":"<p>Der Platinum EAS ist ein halb-automatischer Plattenspieler, der klassische Vinylwiedergabe mit moderner Technologie verbindet. Ausgestattet mit einem Riemenantrieb und einem Plattenteller aus Aluminiumguss gew\u00e4hrleistet er eine besonders pr\u00e4zise und vibrationsfreie Klangwiedergabe. Durch den integrierten Phono-Vorverst\u00e4rker reduziert der Platinum EAS den Kabelbedarf und erm\u00f6glicht den direkten Anschluss an aktive Lautsprecher. Alternativ l\u00e4sst sich mit einem Umschalter ein externer Verst\u00e4rker nutzen. Moderne Bluetooth-Konnektivit\u00e4t mit Qualcomm aptX HD erlaubt die drahtlose \u00dcbertragung an kompatible Lautsprecher, w\u00e4hrend ein USB-Anschluss die Digitalisierung von Schallplatten auf PC oder Mac erm\u00f6glicht.<\/p>\n<p>Der Plattenspieler punktet mit einer komfortablen Abschaltautomatik, die den Tonarm nach dem letzten Track anhebt und den Plattenteller stoppt, um das Vinyl zu schonen. F\u00fcr audiophile Nutzer bietet der Bajonett-Anschluss des Headshells die M\u00f6glichkeit, den Tonabnehmer flexibel zu wechseln. Weitere technische Highlights sind der optisch gesteuerte Gleichstrommotor, ein h\u00f6henverstellbarer Tonarm mit reibungsarmen Pr\u00e4zisionslagern sowie vergoldete Cinch-Anschl\u00fcsse, die eine verlustfreie Signal\u00fcbertragung gew\u00e4hrleisten.<\/p>\n<p>Mit seiner Kombination aus elegantem Design, modernster Technik und praktischen Funktionen richtet sich der Platinum EAS sowohl an Vinyl-Einsteiger als auch an erfahrene Audiophile.<\/p>\n","protected":false},"excerpt":{"rendered":"<ul>\n<li>Halb-Automatik (inkl. Endabschaltung)<\/li>\n<li>Riemenantrieb<\/li>\n<li>Ortofon 2M Red Tonabnehmer<\/li>\n<li>Aluminiumguss-Plattenteller<\/li>\n<li>Eingebauter Phono-Vorverst\u00e4rker<\/li>\n<li>Vergoldete Cinch-Anschl\u00fcsse<\/li>\n<li>Bluetooth Qualcomm aptX HD<\/li>\n<li>USB-Anschluss und A\/D-Wandler<\/li>\n<li>Optisch kontrollierter Gleichstrommotor<\/li>\n<li>H\u00f6henverstellbarer Tonarm<\/li>\n<li>Headshell mit Bajonett-Anschluss<\/li>\n<\/ul>\n","protected":false},"featured_media":11553,"comment_status":"open","ping_status":"closed","template":"","meta":[],"product_brand":[225],"product_cat":[20,73],"product_tag":[],"class_list":{"0":"post-11546","1":"product","2":"type-product","3":"status-publish","4":"has-post-thumbnail","6":"product_brand-sonoro","7":"product_cat-audio-geraete","8":"product_cat-plattenspieler","10":"first","11":"onbackorder","12":"taxable","13":"shipping-taxable","14":"purchasable","15":"product-type-variable","16":"has-default-attributes","17":"rtwpvg-product"},"_links":{"self":[{"href":"https:\/\/spuehler-tv.ch\/onlineshop\/wp-json\/wp\/v2\/product\/11546","targetHints":{"allow":["GET"]}}],"collection":[{"href":"https:\/\/spuehler-tv.ch\/onlineshop\/wp-json\/wp\/v2\/product"}],"about":[{"href":"https:\/\/spuehler-tv.ch\/onlineshop\/wp-json\/wp\/v2\/types\/product"}],"replies":[{"embeddable":true,"href":"https:\/\/spuehler-tv.ch\/onlineshop\/wp-json\/wp\/v2\/comments?post=11546"}],"wp:featuredmedia":[{"embeddable":true,"href":"https:\/\/spuehler-tv.ch\/onlineshop\/wp-json\/wp\/v2\/media\/11553"}],"wp:attachment":[{"href":"https:\/\/spuehler-tv.ch\/onlineshop\/wp-json\/wp\/v2\/media?parent=11546"}],"wp:term":[{"taxonomy":"product_brand","embeddable":true,"href":"https:\/\/spuehler-tv.ch\/onlineshop\/wp-json\/wp\/v2\/product_brand?post=11546"},{"taxonomy":"product_cat","embeddable":true,"href":"https:\/\/spuehler-tv.ch\/onlineshop\/wp-json\/wp\/v2\/product_cat?post=11546"},{"taxonomy":"product_tag","embeddable":true,"href":"https:\/\/spuehler-tv.ch\/onlineshop\/wp-json\/wp\/v2\/product_tag?post=11546"}],"curies":[{"name":"wp","href":"https:\/\/api.w.org\/{rel}","templated":true}]}}