{"id":11530,"date":"2026-01-07T10:00:40","date_gmt":"2026-01-07T09:00:40","guid":{"rendered":"https:\/\/spuehler-tv.ch\/onlineshop\/?post_type=product&#038;p=11530"},"modified":"2026-01-07T10:00:41","modified_gmt":"2026-01-07T09:00:41","slug":"avaton-sonoro-kompaktes-stereo-musiksystem-mit-integriertem-subwoofer","status":"publish","type":"product","link":"https:\/\/spuehler-tv.ch\/onlineshop\/produkt\/avaton-sonoro-kompaktes-stereo-musiksystem-mit-integriertem-subwoofer\/","title":{"rendered":"AVATON (Sonoro) &#8211; Kompaktes Stereo-Musiksystem mit integriertem Subwoofer"},"content":{"rendered":"<p>Klangstark und kompakt. Dieses kompakte Stereo-Musiksystem bietet herausragende Klangqualit\u00e4t in kompakter Bauweise und satten, ausgewogenen Sound, der Ihre Lieblingsmusik zum Leben erweckt. Das All-in-one-System vereint alle wichtigen Funktionen, sodass keine zus\u00e4tzlichen Ger\u00e4te ben\u00f6tigt werden. Zudem profitiert es von bew\u00e4hrter Technologie aus dem MEISTERST\u00dcCK (Gen. 2) \u2013 h\u00f6chste Anspr\u00fcche an Klang und Verarbeitung. AVATON ist ideal f\u00fcr alle, die ein kompaktes, hochwertiges Musiksystem mit Fokus auf vielseitige Streamingservices und digitale Konnektivit\u00e4t suchen.<\/p>\n<p>SOUND. DESIGNED. Im Geh\u00e4use von AVATON arbeiten ein kraftvoller Subwoofer sowie vier Hochleistungslautsprecher. Die Dynamic Bass-Funktion sorgt f\u00fcr eine optimierte Basswiedergabe und ein perfekt ausbalancierten, kr\u00e4ftigen Klang im 2.1-System. Das hochwertige Holzgeh\u00e4use verleiht AVATON eine edle Optik und reduziert Resonanzen, was Klangqualit\u00e4t und \u00c4sthetik verbessert. Das Design vereint klassische Elemente mit moderner \u00c4sthetik und spiegelt die Anspr\u00fcche des German Audio Design wider. Nat\u00fcrlich gestaltet und entwickelt in Deutschland \u2013 Vielfalt in einem System.<\/p>\n<p>Vielfalt an Musik Unbegrenzter Musikgenuss dank DAB+, UKW, Internetradio, Podcasts und zahlreiche Streamingdienste wie Spotify, Tidal, Qobuz, Deezer, Amazon Music sowie UPnP\/DLNA-Funktionen. So k\u00f6nnen Lieblingsinhalte flexibel und in bester Qualit\u00e4t direkt auf AVATON abgespielt werden. Vielf\u00e4ltige Anschlussm\u00f6glichkeiten f\u00fcr alle Ger\u00e4te, inklusive HDMI-ARC, das die Integration eines Fernsehers f\u00fcr ein verbessertes Klangerlebnis erleichtert.<\/p>\n<p>Vielf\u00e4ltige Bedienm\u00f6glichkeiten Eine neue, verbesserte Benutzerf\u00fchrung und ein 4-Zoll-Display machen die Bedienung direkt am Ger\u00e4t mit Direktwahltasten oder der neuen Fernbedienung intuitiver. Zus\u00e4tzlich steuerbar \u00fcber die sonoro audio App und nahtlose Integration in verschiedene Smart-Home-Systeme.<\/p>\n","protected":false},"excerpt":{"rendered":"<ul>\n<li>Stereo-Musiksystem mit Subwoofer<\/li>\n<li>4 Zoll Display<\/li>\n<li>HDMI-ARC<\/li>\n<li>3D Sound + Dynamic Bass Funktion<\/li>\n<li>Smart Home Ready<\/li>\n<\/ul>\n","protected":false},"featured_media":11542,"comment_status":"open","ping_status":"closed","template":"","meta":[],"product_brand":[225],"product_cat":[20,33,50],"product_tag":[],"class_list":{"0":"post-11530","1":"product","2":"type-product","3":"status-publish","4":"has-post-thumbnail","6":"product_brand-sonoro","7":"product_cat-audio-geraete","8":"product_cat-audio-stationaer","9":"product_cat-hifi-anlage-micro-midi","11":"first","12":"onbackorder","13":"taxable","14":"shipping-taxable","15":"purchasable","16":"product-type-variable","17":"has-default-attributes","18":"rtwpvg-product"},"_links":{"self":[{"href":"https:\/\/spuehler-tv.ch\/onlineshop\/wp-json\/wp\/v2\/product\/11530","targetHints":{"allow":["GET"]}}],"collection":[{"href":"https:\/\/spuehler-tv.ch\/onlineshop\/wp-json\/wp\/v2\/product"}],"about":[{"href":"https:\/\/spuehler-tv.ch\/onlineshop\/wp-json\/wp\/v2\/types\/product"}],"replies":[{"embeddable":true,"href":"https:\/\/spuehler-tv.ch\/onlineshop\/wp-json\/wp\/v2\/comments?post=11530"}],"wp:featuredmedia":[{"embeddable":true,"href":"https:\/\/spuehler-tv.ch\/onlineshop\/wp-json\/wp\/v2\/media\/11542"}],"wp:attachment":[{"href":"https:\/\/spuehler-tv.ch\/onlineshop\/wp-json\/wp\/v2\/media?parent=11530"}],"wp:term":[{"taxonomy":"product_brand","embeddable":true,"href":"https:\/\/spuehler-tv.ch\/onlineshop\/wp-json\/wp\/v2\/product_brand?post=11530"},{"taxonomy":"product_cat","embeddable":true,"href":"https:\/\/spuehler-tv.ch\/onlineshop\/wp-json\/wp\/v2\/product_cat?post=11530"},{"taxonomy":"product_tag","embeddable":true,"href":"https:\/\/spuehler-tv.ch\/onlineshop\/wp-json\/wp\/v2\/product_tag?post=11530"}],"curies":[{"name":"wp","href":"https:\/\/api.w.org\/{rel}","templated":true}]}}