{"id":11515,"date":"2026-01-06T13:25:23","date_gmt":"2026-01-06T12:25:23","guid":{"rendered":"https:\/\/spuehler-tv.ch\/onlineshop\/?post_type=product&#038;p=11515"},"modified":"2026-01-06T17:32:09","modified_gmt":"2026-01-06T16:32:09","slug":"officejet-pro-9125e-hp-multifunktions-allinone-tintenstrahldrucker","status":"publish","type":"product","link":"https:\/\/spuehler-tv.ch\/onlineshop\/produkt\/officejet-pro-9125e-hp-multifunktions-allinone-tintenstrahldrucker\/","title":{"rendered":"Officejet Pro 9125e (HP) &#8211; Multifunktions-AllinOne-Tintenstrahldrucker"},"content":{"rendered":"<h2 class=\"ProductDescription-Title\">HP Multifunktionsdrucker OfficeJet Pro 9125e All-in-One<\/h2>\n<h3 class=\"ProductDescription-Subtitle\">4-in-1 Multifunktionsdrucker zum Drucken, Scannen, Kopieren und Faxen mit praktischer ADF f\u00fcr 35 Blatt<\/h3>\n<p class=\"ProductDescription-Lead\">HP OfficeJet Pro 9125e All-in-One-Drucker. Drucktechnologie: Thermal Inkjet, Drucken: Farbdruck, Maximale Aufl\u00f6sung: 4800 x 1200 dpi, Druckgeschwindigkeit (Farbe, normale Qualit\u00e4t, A4\/US Letter): 18 Seiten pro Minute. Kopieren: Farbkopieren, Max. Aufl\u00f6sung: 600 x 600 dpi. Scannen: Farbscan, Optische Scan-Aufl\u00f6sung: 1200 x 1200 dpi. Faxen: Farbfaxen. Duplexfunktion: Drucken, Scannen, Faxen. Maximale Papiergr\u00f6sse der ISO A-Serie: A4. WLAN. Direktdruck. Produktfarbe: Grau<\/p>\n<div class=\"ProductDescription-Paragraph\">\n<h4 class=\"ProductDescription-ParagraphTitle\">Ein Kraftpaket, das mehr Produktivit\u00e4t f\u00fcr Ihr Unternehmen bringt<\/h4>\n<p>Mit einem HP OfficeJet Pro Drucker, der mit einem 250-Seiten-Zufuhrfach ausgestattet ist, sind auch grosse Druckvolumen kein Problem. Keine langen Wartezeiten mehr am Drucker mit einem automatischen Dokumenteneinzug, der beidseitiges Scannen erm\u00f6glicht. Beschleunigen Sie Ihre Druckvorg\u00e4nge mit einem schnellen Tintenstrahldrucker, der bis zu 22 Seiten pro Minute druckt. Scannen\/drucken\/kopieren aus Ihrem Cloud-Speicher wie Google Drive oder OneDrive mit der benutzerfreundlichsten Druck-App.<\/p>\n<\/div>\n<div class=\"ProductDescription-Paragraph\">\n<h4 class=\"ProductDescription-ParagraphTitle\">Unsere beste Technologie f\u00fcr eine stabile und sichere Verbindung<\/h4>\n<p>Unser zuverl\u00e4ssigstes Wi-Fi Dual-Band mit Selbstheilungsfunktion das sich automatisch wieder verbindet, sorgt daf\u00fcr, dass Sie immer eine stabile Verbindung haben. Sch\u00fctzen Sie Ihr Netzwerk mit HP Wolf Pro Security vor Cyber-Bedrohungen. Vertrauen Sie auf L\u00f6sungen, die sich gemeinsam mit Ihnen weiterentwickeln, von der zuverl\u00e4ssigsten A4 Marke.<\/p>\n<\/div>\n<div class=\"ProductDescription-Paragraph\">\n<h4 class=\"ProductDescription-ParagraphTitle\">Immer druckbereit. Stets bestens mit HP Tinte versorgt.<\/h4>\n<p>Mit einem HP Instant Ink-Abonnement k\u00f6nnen Sie sich die Tinte direkt nach Hause liefern lassen, bevor Ihnen die Tinte ausgeht. Sparen Sie bis zu 70% mit Instant Ink. Melden Sie sich an, um bereits ab 1.49 monatlich automatische Tintenlieferungen zu erhalten. Mit der Sicherheit, den Tarif jederzeit flexibel kostenfrei \u00e4ndern oder k\u00fcndigen zu k\u00f6nnen.<\/p>\n<\/div>\n<div class=\"ProductDescription-Paragraph\">\n<h4 class=\"ProductDescription-ParagraphTitle\">Mehr Innovationen durch 40% recyceltem Kunststoff<\/h4>\n<p>W\u00e4hlen Sie Drucker, die zu mindestens 40% aus recyceltem Kunststoff hergestellt wurden. F\u00fcr jede Seite, die Sie drucken, tr\u00e4gt HP im gleichen Umfang zum Schutz, zur Wiederaufforstung und zur verantwortungsvollen Bewirtschaftung von W\u00e4ldern bei. Recyceln Sie Ihre Original HP Druckerpatronen nach Gebrauch kostenlos \u00fcber das HP Planet Partners Programm.<\/p>\n<\/div>\n<div class=\"ProductDescription-Paragraph\">\n<h4 class=\"ProductDescription-ParagraphTitle\">Papiersparender Duplexdruck<\/h4>\n<p>Schonen Sie die Umwelt und Ihr Budget: Dieser Drucker verf\u00fcgt \u00fcber eine integrierte Duplexeinheit. So sparen Sie Papier, indem Sie dieses schnell und ohne manuelles Wenden beidseitig bedrucken.<\/p>\n<\/div>\n<div class=\"ProductDescription-Paragraph\">\n<h4 class=\"ProductDescription-ParagraphTitle\">Drahtlose Netzwerkanbindung<\/h4>\n<p>Integrieren Sie den Drucker drahtlos in Ihr lokales Netzwerk und verwenden Sie ihn gemeinsam \u2013 ganz ohne Kabelsalat. Das integrierte WLAN-Modul macht es m\u00f6glich.<\/p>\n<\/div>\n<div class=\"ProductDescription-Paragraph\">\n<h4 class=\"ProductDescription-ParagraphTitle\">LAN-Anschluss<\/h4>\n<p>Dieser Drucker besitzt einen LAN-Anschluss, mit dem Sie ihn unkompliziert in Ihr Netzwerk einbinden und gemeinsam verwenden.<\/p>\n<\/div>\n","protected":false},"excerpt":{"rendered":"<p>HP Multifunktionsdrucker OfficeJet Pro 9125e All-in-One 4-in-1 Multifunktionsdrucker zum Drucken, Scannen, Kopieren und Faxen mit praktischer ADF f\u00fcr 35 Blatt HP OfficeJet Pro 9125e All-in-One-Drucker. Drucktechnologie: Thermal Inkjet, Drucken: Farbdruck, Maximale Aufl\u00f6sung: 4800 x 1200 dpi, Druckgeschwindigkeit (Farbe, normale Qualit\u00e4t, A4\/US Letter): 18 Seiten pro Minute. Kopieren: Farbkopieren, Max. Aufl\u00f6sung: 600 x 600 dpi. Scannen: [&hellip;]<\/p>\n","protected":false},"featured_media":11516,"comment_status":"open","ping_status":"closed","template":"","meta":[],"product_brand":[244],"product_cat":[199,201],"product_tag":[],"class_list":{"0":"post-11515","1":"product","2":"type-product","3":"status-publish","4":"has-post-thumbnail","6":"product_brand-hp","7":"product_cat-drucker","8":"product_cat-tintenstrahldrucker-mfp","10":"first","11":"instock","12":"taxable","13":"shipping-taxable","14":"purchasable","15":"product-type-simple"},"_links":{"self":[{"href":"https:\/\/spuehler-tv.ch\/onlineshop\/wp-json\/wp\/v2\/product\/11515","targetHints":{"allow":["GET"]}}],"collection":[{"href":"https:\/\/spuehler-tv.ch\/onlineshop\/wp-json\/wp\/v2\/product"}],"about":[{"href":"https:\/\/spuehler-tv.ch\/onlineshop\/wp-json\/wp\/v2\/types\/product"}],"replies":[{"embeddable":true,"href":"https:\/\/spuehler-tv.ch\/onlineshop\/wp-json\/wp\/v2\/comments?post=11515"}],"wp:featuredmedia":[{"embeddable":true,"href":"https:\/\/spuehler-tv.ch\/onlineshop\/wp-json\/wp\/v2\/media\/11516"}],"wp:attachment":[{"href":"https:\/\/spuehler-tv.ch\/onlineshop\/wp-json\/wp\/v2\/media?parent=11515"}],"wp:term":[{"taxonomy":"product_brand","embeddable":true,"href":"https:\/\/spuehler-tv.ch\/onlineshop\/wp-json\/wp\/v2\/product_brand?post=11515"},{"taxonomy":"product_cat","embeddable":true,"href":"https:\/\/spuehler-tv.ch\/onlineshop\/wp-json\/wp\/v2\/product_cat?post=11515"},{"taxonomy":"product_tag","embeddable":true,"href":"https:\/\/spuehler-tv.ch\/onlineshop\/wp-json\/wp\/v2\/product_tag?post=11515"}],"curies":[{"name":"wp","href":"https:\/\/api.w.org\/{rel}","templated":true}]}}