{"id":11499,"date":"2025-12-24T09:52:05","date_gmt":"2025-12-24T08:52:05","guid":{"rendered":"https:\/\/spuehler-tv.ch\/onlineshop\/?post_type=product&#038;p=11499"},"modified":"2026-01-06T16:50:43","modified_gmt":"2026-01-06T15:50:43","slug":"rc1-bluesound-multiroom-fernbedienung-blueos","status":"publish","type":"product","link":"https:\/\/spuehler-tv.ch\/onlineshop\/produkt\/rc1-bluesound-multiroom-fernbedienung-blueos\/","title":{"rendered":"RC1 (BlueSound) &#8211; Multiroom Fernbedienung BlueOS"},"content":{"rendered":"<div class=\"container \">\n<nav class=\"tab-navigation\">\n<div id=\"tab-content-product-tabs\" class=\"tab-content\">\n<div id=\"tab-description\" class=\"tab-pane fade  show active\" role=\"tabpanel\" aria-labelledby=\"tab-link-description\">\n<div class=\"desc\">\n<h2><b>BlueSound RC1 &#8211; BlueSound Infrarot-Fernbedienung<\/b><\/h2>\n<p>Mit dem Bluesound RC1 haben Sie bequeme Kontrolle \u00fcber alle Ihre Bluesound Spieler. Die Einrichtung ist einfach, und mit seinem stromlinienf\u00f6rmigen Tastenlayout und den dedizierten Bedienelementen k\u00f6nnen Sie jeden Bluesound Spieler bequem steuern, ohne dass Sie ein Tablett oder Telefon in die Hand nehmen m\u00fcssen.<\/p>\n<p>&nbsp;<\/p>\n<ul>\n<li>Einfaches, ergonomisches Design mit optimierter und dedizierter Player-Steuerung.<\/li>\n<li>Funktioniert sofort nach dem Auspacken mit integrierten IR-Codes f\u00fcr die Bluesound Spieler.<\/li>\n<li>Programmieren Sie bis zu 10 Voreinstellungen, um Ihre Lieblingsmusik mit einer einzigen Ber\u00fchrung zu h\u00f6ren<\/li>\n<li>Unterst\u00fctzt auf Bluesound Gen 2- und Gen 2i-Spielern mit BluOS 3.6.2 oder h\u00f6her.<\/li>\n<li>Verwenden Sie eine Fernbedienung f\u00fcr alle Ihre Spieler, oder reservieren Sie eine f\u00fcr jeden Raum.<\/li>\n<\/ul>\n<h3><b>EINFACHE, OPTIMIERTE STEUERUNG<\/b><\/h3>\n<p>Die Bluesound RC1-Fernbedienung funktioniert sofort nach dem Auspacken, so dass Sie die One-Touch-Steuerung mit Bluesound Spielern im ganzen Haus genie\u00dfen k\u00f6nnen, ohne jegliche Einrichtung oder Programmierung. Von Soundbars und kabellosen Lautsprechern bis hin zu Stereokomponenten und kabellosen Streaming-Verst\u00e4rkern verf\u00fcgt die Bluesound RC1 \u00fcber Bedienelemente f\u00fcr so gut wie alles.<\/p>\n<h3><b>EINFACHE ONE-TOUCH-AKTIONEN<\/b><\/h3>\n<p>Senken Sie die Lautst\u00e4rke, w\u00e4hlen Sie eine Voreinstellung und h\u00f6ren Sie sich Ihre Lieblings-Wiedergabeliste an oder schalten Sie Ihr Bluesound Soundsystem f\u00fcr den Filmabend ein &#8211; alles mit einem Fingertipp. Mit Bluesound den integrierten IR-Steuerungen k\u00f6nnen Sie die Steuerung mit einem Fingertipp direkt nach dem Auspacken genie\u00dfen und ganz einfach das Kommando \u00fcber Ihre gesamte Unterhaltung \u00fcbernehmen. Die einfachsten Bedienelemente, wie Lautst\u00e4rke und Wiedergabe\/Pause, sind vorprogrammiert und f\u00fcr eine einfache Navigation ausgelegt. Dar\u00fcber hinaus k\u00f6nnen Sie die Musik, die Sie am h\u00e4ufigsten h\u00f6ren, vorprogrammieren, wobei bis zu 10 Voreinstellungen unterst\u00fctzt werden.<\/p>\n<h3><b>ARBEITET IM GANZEN HAUS<\/b><\/h3>\n<p>Kontrollieren Sie jedes Bluesound Produkt in jedem Raum. Mit der Bluesound RC1-Fernbedienung k\u00f6nnen Sie Player in verschiedenen R\u00e4umen point-and-control steuern und die Musik im ganzen Haus kontrollieren, ohne dass Sie jedes Mal die BluOS Controller-App auf Ihrem Telefon oder Tablet verwenden m\u00fcssen. Sie zentralisiert die Steuerung aller Bluesound Player und Bedienelemente in einem Ger\u00e4t mit einer einfachen IR-Verbindung, das Ihnen die Freiheit und Flexibilit\u00e4t gibt, Musik auf einzigartige und doch einfache Weise zu steuern.<\/p>\n<h3><b>KEINE EINRICHTUNG ERFORDERLICH<\/b><\/h3>\n<p>Richte die RC1-Fernbedienung einfach auf einen eigenen Bluesound-Streamer, Verst\u00e4rker oder Sprecher, um sie zu geh\u00f6ren. \u00dcber die BluOS-Controller-App auf Ihrem Smartphone, Tablet oder Desktop k\u00f6nnen Sie in wenigen Minuten die 10 Presets konfigurieren.<\/p>\n<p>&nbsp;<\/p>\n<\/div>\n<\/div>\n<\/div>\n<\/nav>\n<\/div>\n<div class=\"container \">\n<div class=\"recommendations d-print-none\">\n<div id=\"slider-xsell\" class=\"slick-slider-other is-not-opc x-sell\"><\/div>\n<\/div>\n<\/div>\n","protected":false},"excerpt":{"rendered":"<p>BlueSound RC1 &#8211; BlueSound Infrarot-Fernbedienung Mit dem Bluesound RC1 haben Sie bequeme Kontrolle \u00fcber alle Ihre Bluesound Spieler. Die Einrichtung ist einfach, und mit seinem stromlinienf\u00f6rmigen Tastenlayout und den dedizierten Bedienelementen k\u00f6nnen Sie jeden Bluesound Spieler bequem steuern, ohne dass Sie ein Tablett oder Telefon in die Hand nehmen m\u00fcssen. &nbsp; Einfaches, ergonomisches Design mit [&hellip;]<\/p>\n","protected":false},"featured_media":11500,"comment_status":"open","ping_status":"closed","template":"","meta":[],"product_brand":[229],"product_cat":[71],"product_tag":[],"class_list":{"0":"post-11499","1":"product","2":"type-product","3":"status-publish","4":"has-post-thumbnail","6":"product_brand-bluesound","7":"product_cat-zubehoer","9":"first","10":"instock","11":"taxable","12":"shipping-taxable","13":"purchasable","14":"product-type-simple"},"_links":{"self":[{"href":"https:\/\/spuehler-tv.ch\/onlineshop\/wp-json\/wp\/v2\/product\/11499","targetHints":{"allow":["GET"]}}],"collection":[{"href":"https:\/\/spuehler-tv.ch\/onlineshop\/wp-json\/wp\/v2\/product"}],"about":[{"href":"https:\/\/spuehler-tv.ch\/onlineshop\/wp-json\/wp\/v2\/types\/product"}],"replies":[{"embeddable":true,"href":"https:\/\/spuehler-tv.ch\/onlineshop\/wp-json\/wp\/v2\/comments?post=11499"}],"wp:featuredmedia":[{"embeddable":true,"href":"https:\/\/spuehler-tv.ch\/onlineshop\/wp-json\/wp\/v2\/media\/11500"}],"wp:attachment":[{"href":"https:\/\/spuehler-tv.ch\/onlineshop\/wp-json\/wp\/v2\/media?parent=11499"}],"wp:term":[{"taxonomy":"product_brand","embeddable":true,"href":"https:\/\/spuehler-tv.ch\/onlineshop\/wp-json\/wp\/v2\/product_brand?post=11499"},{"taxonomy":"product_cat","embeddable":true,"href":"https:\/\/spuehler-tv.ch\/onlineshop\/wp-json\/wp\/v2\/product_cat?post=11499"},{"taxonomy":"product_tag","embeddable":true,"href":"https:\/\/spuehler-tv.ch\/onlineshop\/wp-json\/wp\/v2\/product_tag?post=11499"}],"curies":[{"name":"wp","href":"https:\/\/api.w.org\/{rel}","templated":true}]}}