{"id":11492,"date":"2025-12-24T09:34:00","date_gmt":"2025-12-24T08:34:00","guid":{"rendered":"https:\/\/spuehler-tv.ch\/onlineshop\/?post_type=product&#038;p=11492"},"modified":"2026-01-06T16:50:43","modified_gmt":"2026-01-06T15:50:43","slug":"vault-2i-bluesound-premium-hifi-cd-ripper-verstaerker-streamer-inkl-multiroom-mit-blueos","status":"publish","type":"product","link":"https:\/\/spuehler-tv.ch\/onlineshop\/produkt\/vault-2i-bluesound-premium-hifi-cd-ripper-verstaerker-streamer-inkl-multiroom-mit-blueos\/","title":{"rendered":"Vault 2i (BlueSound) &#8211; Premium HiFi CD-Ripper\/Verst\u00e4rker\/Streamer inkl. Multiroom mit BlueOS"},"content":{"rendered":"<div class=\"container \">\n<nav class=\"tab-navigation\">\n<div id=\"tab-content-product-tabs\" class=\"tab-content\">\n<div id=\"tab-description\" class=\"tab-pane fade  show active\" role=\"tabpanel\" aria-labelledby=\"tab-link-description\">\n<div class=\"desc\">\n<h2><b>BlueSound Vault 2i &#8211; HiRes 2TB-Netzwerkfestplatten-CD-Ripper und -Streamer<\/b><\/h2>\n<p>Rippen. Herunterladen. Speichern. Mit dem VAULT 2i k\u00f6nnen Sie alle Ihre CDs in bitgenaue, hochaufl\u00f6sende Formate rippen oder Ihre vorhandene Musikbibliothek auf die Festplatte des VAULT 2i kopieren. Schlie\u00dfen Sie ihn an Ihr vorhandenes Soundsystem an oder kombinieren Sie ihn mit Aktivlautsprechern und streamen Sie Ihre digitale Musiksammlung in Studioqualit\u00e4t.<\/p>\n<p>&nbsp;<\/p>\n<ul>\n<li>Speichern Sie Tausende von Titeln auf der internen 2-TB-Festplatte des VAULT 2i.<\/li>\n<li>Rippen Sie Ihre CDs mit bitgenauer Pr\u00e4zision.<\/li>\n<li>USB-Anschl\u00fcsse zum Sichern und Wiederherstellen Ihrer pers\u00f6nlichen Musiksammlung.<\/li>\n<li>Innovative 1-GHz-Dual-Core-ARM-Cortex-Prozessoren.<\/li>\n<li>Einfacher Anschluss an das kabelgebundene Heimnetzwerk f\u00fcr reibungsloses Streaming.<\/li>\n<li>Steuern Sie Musik drahtlos mit der intuitiven BluOS Controller-App.<\/li>\n<li>Steuern Sie mit der optionalen Bluesound RC1-Fernbedienung.<\/li>\n<li>Streamen Sie Ihre Musikbibliotheken auf mehrere Bluesound-Player im ganzen Haus.<\/li>\n<li>Verbinden Sie Bluesound mit Ihrem Amazon Echo \u00fcber die Alexa-App und steuern Sie Ihre Player mit dem Sprachassistenten Alexa von Amazon.<\/li>\n<li>Mit AirPlay 2 k\u00f6nnen Sie Musik oder Podcasts von drahtlosen Stereoanlagen im ganzen Haus abspielen \u2013 alles synchron.<\/li>\n<\/ul>\n<hr \/>\n<h3><b>Hochaufl\u00f6sender 2-TB-Netzwerk-CD-Ripper und -Streamer<\/b><\/h3>\n<p>Der VAULT 2i sichert Ihre CD-Sammlung auf einer 2-TB-Festplatte und modernisiert gleichzeitig Ihr Heim-Audiosystem mit seinen Ripping- und Streaming-Funktionen.<\/p>\n<h3><b>Audiodateien f\u00fcr Audiophile<\/b><\/h3>\n<p>Mit seiner ultraleisen, stromsparenden 2-TB-Festplatte rippen Sie mit dem VAULT 2i m\u00fchelos alle Ihre CDs in verlustfreiem, hochaufl\u00f6sendem FLAC, platzsparendem MP3 und allem dazwischen. Dank des USB-Anschlusses k\u00f6nnen Sie direkt auf Ihre Downloads, Ihre iTunes-Bibliothek und andere Inhalte von jedem NAS-Laufwerk zugreifen. Der VAULT 2i bietet Ihnen damit unz\u00e4hlige M\u00f6glichkeiten zur Speicherung Ihrer Musiksammlung.<\/p>\n<h3><b>Kein Computer erforderlich<\/b><\/h3>\n<p>Nach der Einrichtung in Ihrem kabelgebundenen Heimnetzwerk erm\u00f6glicht Ihnen der VAULT 2i den Zugriff auf Ihre gesamte Musikbibliothek, deren Freigabe und das Streamen auf jeden Bluesound-Player \u2013 ganz ohne Computer. Dank des leistungsstarken Dual-Core ARM Cortex A9-Prozessors erm\u00f6glicht der VAULT 2i effektives Multitasking und streamt Musik in mehrere R\u00e4ume mit einwandfreier Wiedergabe.<\/p>\n<h3><b>Die Power von BluOS<\/b><\/h3>\n<p>Steuern Sie Ihren vielseitigsten Musik-Streamer mit der benutzerfreundlichen BluOS Controller App. Mit der M\u00f6glichkeit, Audiodateien von verschiedenen Streaming-Diensten, Internetradiosendern und Podcasts abzuspielen und zu speichern sowie Ihre CDs zu rippen, steuern Sie den VAULT 2i mit nur wenigen Fingertipps auf Ihrem Mobilger\u00e4t oder Tablet. Greifen Sie nahtlos auf Ihre digitale Musikbibliothek zu, teilen Sie sie mit der BluOS Controller App und streamen Sie sie in Studioqualit\u00e4t in mehrere R\u00e4ume Ihres Zuhauses.<\/p>\n<h3><b>Voller Zugriff auf Ihre gesamte Musik<\/b><\/h3>\n<p>Der VAULT 2i nutzt Ihr Heimnetzwerk und l\u00e4sst sich schnell einrichten. Dank fortschrittlicher Gigabit-Ethernet-Konnektivit\u00e4t sorgt der VAULT 2i daf\u00fcr, dass selbst beim Streamen hochaufl\u00f6sender Audiodateien keine Aussetzer oder Verz\u00f6gerungen auftreten. Spielen Sie Musik perfekt synchron oder gleichzeitig auf jedem Bluesound-Lautsprecher in jedem Raum. Dank zahlreicher analoger und digitaler Ein- und Ausg\u00e4nge l\u00e4sst sich der VAULT 2i auch an Ihre vorhandenen Aktivlautsprecher anschlie\u00dfen und bringt Ihre Musik auf das n\u00e4chste Level.<\/p>\n<h3><b>Musik per Sprache steuern<\/b><\/h3>\n<p>Mit den F\u00e4higkeiten und der Unterst\u00fctzung f\u00fcr Amazon Alexa und Apple Siri k\u00f6nnen Sie Ihren Bluesound Player ganz einfach mit der entsprechenden App verbinden und Ihre pers\u00f6nlichen Musikbibliotheken, Streaming-Dienste und mehr mit einfachen, optimierten Befehlen freih\u00e4ndig per Sprache steuern. W\u00e4hlen Sie einen Titel, spielen Sie Ihre Lieblingsplaylist ab, pausieren oder \u00fcberspringen Sie einen Song und sagen Sie sogar, in welchem \u200b\u200bRaum Sie Musik h\u00f6ren m\u00f6chten. Die Sprachsteuerung ist eine schnelle und einfache M\u00f6glichkeit, Ihre Musik zu steuern und bietet Ihnen eine v\u00f6llig neue Art, Musik im ganzen Haus zu erleben.<\/p>\n<h3><b>Multiroom-Magie<\/b><\/h3>\n<p>Als hochmoderne Netzwerkfestplatte erm\u00f6glicht die VAULT 2i H\u00f6rern die Anzeige und Steuerung ihrer Musikbibliothek auf allen Bluesound-Playern direkt in der BluOS Controller-App. Egal, ob Sie von einem Cloud-Musikdienst, Podcast, Internetradiosender oder sogar Ihrer pers\u00f6nlichen Musiksammlung auf einem USB-Stick streamen \u2013 die VAULT 2i bietet ein wahrhaft innovatives Multiroom-Erlebnis.<\/p>\n<p>&nbsp;<\/p>\n<\/div>\n<\/div>\n<\/div>\n<\/nav>\n<\/div>\n<div class=\"container \">\n<div class=\"recommendations d-print-none\">\n<div id=\"slider-related\" class=\"slick-slider-other is-not-opc x-related\"><\/div>\n<\/div>\n<\/div>\n","protected":false},"excerpt":{"rendered":"<p>BlueSound Vault 2i &#8211; HiRes 2TB-Netzwerkfestplatten-CD-Ripper und -Streamer Rippen. Herunterladen. Speichern. Mit dem VAULT 2i k\u00f6nnen Sie alle Ihre CDs in bitgenaue, hochaufl\u00f6sende Formate rippen oder Ihre vorhandene Musikbibliothek auf die Festplatte des VAULT 2i kopieren. Schlie\u00dfen Sie ihn an Ihr vorhandenes Soundsystem an oder kombinieren Sie ihn mit Aktivlautsprechern und streamen Sie Ihre digitale [&hellip;]<\/p>\n","protected":false},"featured_media":11497,"comment_status":"open","ping_status":"closed","template":"","meta":[],"product_brand":[229],"product_cat":[20,53,54],"product_tag":[],"class_list":{"0":"post-11492","1":"product","2":"type-product","3":"status-publish","4":"has-post-thumbnail","6":"product_brand-bluesound","7":"product_cat-audio-geraete","8":"product_cat-hifi-komponenten","9":"product_cat-multiroom","11":"first","12":"instock","13":"taxable","14":"shipping-taxable","15":"purchasable","16":"product-type-variable","17":"has-default-attributes","18":"rtwpvg-product"},"_links":{"self":[{"href":"https:\/\/spuehler-tv.ch\/onlineshop\/wp-json\/wp\/v2\/product\/11492","targetHints":{"allow":["GET"]}}],"collection":[{"href":"https:\/\/spuehler-tv.ch\/onlineshop\/wp-json\/wp\/v2\/product"}],"about":[{"href":"https:\/\/spuehler-tv.ch\/onlineshop\/wp-json\/wp\/v2\/types\/product"}],"replies":[{"embeddable":true,"href":"https:\/\/spuehler-tv.ch\/onlineshop\/wp-json\/wp\/v2\/comments?post=11492"}],"wp:featuredmedia":[{"embeddable":true,"href":"https:\/\/spuehler-tv.ch\/onlineshop\/wp-json\/wp\/v2\/media\/11497"}],"wp:attachment":[{"href":"https:\/\/spuehler-tv.ch\/onlineshop\/wp-json\/wp\/v2\/media?parent=11492"}],"wp:term":[{"taxonomy":"product_brand","embeddable":true,"href":"https:\/\/spuehler-tv.ch\/onlineshop\/wp-json\/wp\/v2\/product_brand?post=11492"},{"taxonomy":"product_cat","embeddable":true,"href":"https:\/\/spuehler-tv.ch\/onlineshop\/wp-json\/wp\/v2\/product_cat?post=11492"},{"taxonomy":"product_tag","embeddable":true,"href":"https:\/\/spuehler-tv.ch\/onlineshop\/wp-json\/wp\/v2\/product_tag?post=11492"}],"curies":[{"name":"wp","href":"https:\/\/api.w.org\/{rel}","templated":true}]}}