{"id":11477,"date":"2025-12-24T08:45:51","date_gmt":"2025-12-24T07:45:51","guid":{"rendered":"https:\/\/spuehler-tv.ch\/onlineshop\/?post_type=product&#038;p=11477"},"modified":"2026-01-06T16:50:43","modified_gmt":"2026-01-06T15:50:43","slug":"powernode-bluesound-premium-multiroom-streaming-verstaerker-mit-bluos","status":"publish","type":"product","link":"https:\/\/spuehler-tv.ch\/onlineshop\/produkt\/powernode-bluesound-premium-multiroom-streaming-verstaerker-mit-bluos\/","title":{"rendered":"PowerNode (Bluesound) &#8211; Premium Multiroom\/Streaming Verst\u00e4rker mit BluOS"},"content":{"rendered":"<h2><b>BlueSound Powernode [N331] &#8211; Kabelloser Streaming-Vollverst\u00e4rker<\/b><\/h2>\n<p>Der POWERNODE (N331) ist ein leistungsstarker Streaming-Verst\u00e4rker, der deinem Heim-Audio-Setup einen kraftvollen, detailreichen Klang verleiht. Mit 100 W pro Kanal, HDMI eARC und BluOS\u2122 Multiroom-Unterst\u00fctzung verbindet er echte HiFi-Wiedergabe mit modernem Komfort. Ob f\u00fcr Musik, Filme oder beides \u2013 er vereinfacht dein System, ohne Kompromisse beim Klang einzugehen.<\/p>\n<p>&nbsp;<\/p>\n<ul>\n<li>100W x2 Stereo \/ 80W x3 LCR (8 Ohm) Ausgangsleistung<\/li>\n<li>HDMI eARC f\u00fcr einfache TV-Integration<\/li>\n<li>6,3 mm Kopfh\u00f6rerausgang mit THX AAA\u2122 Technologie<\/li>\n<li>BluOS\u2122 Multiroom-Musikstreaming-Plattform<\/li>\n<li>Kabelloser Dolby Digital\u00ae Surround Sound mit BluOS Bonded Speaker Link<\/li>\n<li>Elegantes Touchpanel mit 5 Preset-Tasten<\/li>\n<li>Unterst\u00fctzung f\u00fcr AirPlay 2 und aptX\u2122 Adaptive Bluetooth<\/li>\n<li>Dual-Band-Wi-Fi und Gigabit-Ethernet<\/li>\n<li>USB-C und analoge\/digitale Eingangsoptionen<\/li>\n<li>Dirac Live Room Correction<\/li>\n<li>Unterst\u00fctzt DSD256, MQA und hochaufl\u00f6sende Audioformate<\/li>\n<\/ul>\n<hr \/>\n<h3><b>KRAFTVOLLER, DYNAMISCHER SOUND<\/b><\/h3>\n<p>Das Herzst\u00fcck des POWERNODE ist Bluesound&#8217;s DirectDigital\u2122 Plattform, die 100W pro Kanal an sauberer, verzerrungsarmer Verst\u00e4rkung liefert. Egal ob du Stereolautsprecher ansteuerst oder ein Surround-Setup erweiterst, der Klang ist satt, dynamisch und pr\u00e4zise. Es ist die ideale Grundlage f\u00fcr audiophile Musik- oder Kinowiedergabe.<\/p>\n<h3><b>VEREINFACHE DEIN TV-SETUP<\/b><\/h3>\n<p>Der POWERNODE ist so konzipiert, dass er sich m\u00fchelos in dein Wohnzimmer einf\u00fcgt. Er verf\u00fcgt \u00fcber HDMI eARC, Unterst\u00fctzung f\u00fcr Center-Kan\u00e4le und kabellose Surround-Kopplung. Er wird mit einem einzigen Kabel direkt an deinen Fernseher angeschlossen und macht sperrige AV-Receiver \u00fcberfl\u00fcssig. Weniger Unordnung, mehr Leistung.<\/p>\n<p><b>NAHTLOSES MULTI-ROOM-AUDIO<\/b><\/p>\n<p>Mit BluOS\u2122 erm\u00f6glicht dir der POWERNODE die intuitive Steuerung von \u00fcber 20 Streaming-Diensten, Internetradio und deiner eigenen digitalen Bibliothek. Streame Hi-Res-Audio in deinem ganzen Haus oder rufe Musik direkt von deinem Telefon oder Tablet ab. Die BluOS Controller App erm\u00f6glicht eine nahtlose Verwaltung mehrerer R\u00e4ume.<\/p>\n<h3><b>ELEGANTE, EINFACHE BEDIENELEMENTE<\/b><\/h3>\n<p>Mit seiner eleganten, matten Oberfl\u00e4che und seiner minimalistischen Grundfl\u00e4che passt der POWERNODE m\u00fchelos in jeden Raum. Ein ber\u00fchrungsempfindliches Glaspanel mit N\u00e4herungssensor erm\u00f6glicht dir eine schnelle Steuerung und den Zugriff auf f\u00fcnf Presets. Dezentes Design trifft auf intelligente Bedienung.<\/p>\n<h3><b>ENTWICKELT F\u00dcR KOPFH\u00d6RER<\/b><\/h3>\n<p>Der POWERNODE verf\u00fcgt \u00fcber einen speziellen 6,3-mm-Kopfh\u00f6rerausgang, der mit THX AAA\u2122-Technologie betrieben wird. Genie\u00dfe pers\u00f6nlichen H\u00f6rgenuss mit extrem geringer Verzerrung und hoher Detailtreue. Er ist ideal f\u00fcr n\u00e4chtliche Sessions oder kritische H\u00f6rmomente.<\/p>\n","protected":false},"excerpt":{"rendered":"<p>BlueSound Powernode [N331] &#8211; Kabelloser Streaming-Vollverst\u00e4rker Der POWERNODE (N331) ist ein leistungsstarker Streaming-Verst\u00e4rker, der deinem Heim-Audio-Setup einen kraftvollen, detailreichen Klang verleiht. Mit 100 W pro Kanal, HDMI eARC und BluOS\u2122 Multiroom-Unterst\u00fctzung verbindet er echte HiFi-Wiedergabe mit modernem Komfort. Ob f\u00fcr Musik, Filme oder beides \u2013 er vereinfacht dein System, ohne Kompromisse beim Klang einzugehen. &nbsp; [&hellip;]<\/p>\n","protected":false},"featured_media":11480,"comment_status":"open","ping_status":"closed","template":"","meta":[],"product_brand":[229],"product_cat":[20,53,54],"product_tag":[],"class_list":{"0":"post-11477","1":"product","2":"type-product","3":"status-publish","4":"has-post-thumbnail","6":"product_brand-bluesound","7":"product_cat-audio-geraete","8":"product_cat-hifi-komponenten","9":"product_cat-multiroom","11":"first","12":"instock","13":"taxable","14":"shipping-taxable","15":"purchasable","16":"product-type-variable","17":"has-default-attributes","18":"rtwpvg-product"},"_links":{"self":[{"href":"https:\/\/spuehler-tv.ch\/onlineshop\/wp-json\/wp\/v2\/product\/11477","targetHints":{"allow":["GET"]}}],"collection":[{"href":"https:\/\/spuehler-tv.ch\/onlineshop\/wp-json\/wp\/v2\/product"}],"about":[{"href":"https:\/\/spuehler-tv.ch\/onlineshop\/wp-json\/wp\/v2\/types\/product"}],"replies":[{"embeddable":true,"href":"https:\/\/spuehler-tv.ch\/onlineshop\/wp-json\/wp\/v2\/comments?post=11477"}],"wp:featuredmedia":[{"embeddable":true,"href":"https:\/\/spuehler-tv.ch\/onlineshop\/wp-json\/wp\/v2\/media\/11480"}],"wp:attachment":[{"href":"https:\/\/spuehler-tv.ch\/onlineshop\/wp-json\/wp\/v2\/media?parent=11477"}],"wp:term":[{"taxonomy":"product_brand","embeddable":true,"href":"https:\/\/spuehler-tv.ch\/onlineshop\/wp-json\/wp\/v2\/product_brand?post=11477"},{"taxonomy":"product_cat","embeddable":true,"href":"https:\/\/spuehler-tv.ch\/onlineshop\/wp-json\/wp\/v2\/product_cat?post=11477"},{"taxonomy":"product_tag","embeddable":true,"href":"https:\/\/spuehler-tv.ch\/onlineshop\/wp-json\/wp\/v2\/product_tag?post=11477"}],"curies":[{"name":"wp","href":"https:\/\/api.w.org\/{rel}","templated":true}]}}