{"id":11433,"date":"2025-11-18T13:05:57","date_gmt":"2025-11-18T12:05:57","guid":{"rendered":"https:\/\/spuehler-tv.ch\/onlineshop\/?post_type=product&#038;p=11433"},"modified":"2026-01-06T14:32:40","modified_gmt":"2026-01-06T13:32:40","slug":"cp-100d-sangean-dab-bt-radio-im-retro-design","status":"publish","type":"product","link":"https:\/\/spuehler-tv.ch\/onlineshop\/produkt\/cp-100d-sangean-dab-bt-radio-im-retro-design\/","title":{"rendered":"CP-100D (Sangean) &#8211; DAB+ \/ BT Radio im Retro Design"},"content":{"rendered":"<h2>CP-100D<\/h2>\n<h3>DAB+ \/ UKW Retro Grammophon Bluetooth Radio<\/h3>\n<p>Bach, Beethoven oder die Red Hot Chili Peppers \u2013 Sie werden es lieben, deren Musik mit dem CP-100D zu h\u00f6ren.<\/p>\n<p>SANGEANs Hingabe bei der Entwicklung und Herstellung von Radios mit hoher Klangqualit\u00e4t, Leistung, Funktionen und Strapazierf\u00e4higkeit zeigt sich im CP-100D.<\/p>\n<p>Der CP-100D erh\u00e4lt viel Lob f\u00fcr seinen hochwertigen Klang, seine Miniaturgr\u00f6sse und sein Retro-Design. Jeder, der ein kompaktes, elegantes DAB+\/ UKW-Radio mit Bluetooth-Funktionen und \u00fcberraschend gutem Klang sucht, sollte sich den CP-100D einmal anh\u00f6ren.<\/p>\n<h3>Highlights<\/h3>\n<ul>\n<li><strong>Kompaktes DAB+ \/ Ukw-Radio &#8211;\u00a0<\/strong>Der CP-100D ist mit einem Tuner f\u00fcr DAB+ und UKW ausgestattet, um den bestm\u00f6glichen Empfang zu erzielen.<\/li>\n<li><strong>Drahtlos-Musik-Streaming &#8211;\u00a0<\/strong>Dank integr. Bluetooth Version 5.0 k\u00f6nnen Sie Ihre Musik nahtlos von Ihrem bevorzugten Bluetooth-Ger\u00e4t streamen lassen.<\/li>\n<li><strong>Attraktives Geh\u00e4use mit Megaphon &#8211;\u00a0<\/strong>Das akustisch abgestimmte Geh\u00e4use bietet einfache Lautsprecherausgabe mit sattem Bass und nat\u00fcrlichem Klang.<\/li>\n<\/ul>\n","protected":false},"excerpt":{"rendered":"<p>DAB+ Radio mit Bluetooth im schicken Retro-Design!<\/p>\n","protected":false},"featured_media":11440,"comment_status":"open","ping_status":"closed","template":"","meta":[],"product_brand":[208],"product_cat":[52,226,143,20,174,58],"product_tag":[],"class_list":{"0":"post-11433","1":"product","2":"type-product","3":"status-publish","4":"has-post-thumbnail","6":"product_brand-sangean","7":"product_cat-audio-portabel","8":"product_cat-sale","9":"product_cat-austellungsgeraete-spezialangebote","10":"product_cat-audio-geraete","11":"product_cat-portabel-audio","12":"product_cat-bluetooth-speaker-portabel","14":"first","15":"instock","16":"sale","17":"featured","18":"taxable","19":"shipping-taxable","20":"purchasable","21":"product-type-variable","22":"has-default-attributes","23":"rtwpvg-product"},"_links":{"self":[{"href":"https:\/\/spuehler-tv.ch\/onlineshop\/wp-json\/wp\/v2\/product\/11433","targetHints":{"allow":["GET"]}}],"collection":[{"href":"https:\/\/spuehler-tv.ch\/onlineshop\/wp-json\/wp\/v2\/product"}],"about":[{"href":"https:\/\/spuehler-tv.ch\/onlineshop\/wp-json\/wp\/v2\/types\/product"}],"replies":[{"embeddable":true,"href":"https:\/\/spuehler-tv.ch\/onlineshop\/wp-json\/wp\/v2\/comments?post=11433"}],"wp:featuredmedia":[{"embeddable":true,"href":"https:\/\/spuehler-tv.ch\/onlineshop\/wp-json\/wp\/v2\/media\/11440"}],"wp:attachment":[{"href":"https:\/\/spuehler-tv.ch\/onlineshop\/wp-json\/wp\/v2\/media?parent=11433"}],"wp:term":[{"taxonomy":"product_brand","embeddable":true,"href":"https:\/\/spuehler-tv.ch\/onlineshop\/wp-json\/wp\/v2\/product_brand?post=11433"},{"taxonomy":"product_cat","embeddable":true,"href":"https:\/\/spuehler-tv.ch\/onlineshop\/wp-json\/wp\/v2\/product_cat?post=11433"},{"taxonomy":"product_tag","embeddable":true,"href":"https:\/\/spuehler-tv.ch\/onlineshop\/wp-json\/wp\/v2\/product_tag?post=11433"}],"curies":[{"name":"wp","href":"https:\/\/api.w.org\/{rel}","templated":true}]}}