{"id":11407,"date":"2025-11-04T09:37:50","date_gmt":"2025-11-04T08:37:50","guid":{"rendered":"https:\/\/spuehler-tv.ch\/onlineshop\/?post_type=product&#038;p=11407"},"modified":"2026-03-12T15:21:36","modified_gmt":"2026-03-12T14:21:36","slug":"taris-43fa72uhd-twin-r-metz-109cm-uhd-direct-led-tv-made-in-germany","status":"publish","type":"product","link":"https:\/\/spuehler-tv.ch\/onlineshop\/produkt\/taris-43fa72uhd-twin-r-metz-109cm-uhd-direct-led-tv-made-in-germany\/","title":{"rendered":"Taris 43FA72UHD-Twin-R (Metz) &#8211; 109cm UHD Direct-LED TV &#8211; Made in Germany!"},"content":{"rendered":"<p>Unser TARIS mit Direct-LED-Display und Local Area Dimming bietet eine extrem hohe UHD-Bildschirmaufl\u00f6sung. HDR und 10Bit Farbtiefe versch\u00f6nern das Bild nicht nur merklich, sondern machen es perfekt: mit brillanter und nat\u00fcrlicher Farbdarstellung sowie \u00fcberw\u00e4ltigenden Kontrasten. Das \u00fcberraschend kr\u00e4ftige und wohlklingende Soundsystem verbirgt sich hinter einer edlen Front aus Metall, die als visueller Akzent leicht nach hinten geneigt ist. Sechs nach vorne abstrahlende Lautsprecher in Zwei-Wege-Bauweise und Bassreflex-Kanal geben auch akustisch Grund zur Freude: glasklare H\u00f6hen und satte B\u00e4sse sind mit der MetzSoundPro-Technologie garantiert. Umfangreiche Komfortfunktionen wie der integrierte Digitalrecorder mit 500 Gigabyte Aufnahmekapazit\u00e4t runden diesen besonderen Fernseher ab.<\/p>\n<p><iframe loading=\"lazy\" title=\"Metz TARIS: F\u00fcr hinrei\u00dfend individuelle TV-Momente.\" width=\"980\" height=\"551\" src=\"https:\/\/www.youtube.com\/embed\/nnS6lSWSTG8?feature=oembed\" frameborder=\"0\" allow=\"accelerometer; autoplay; clipboard-write; encrypted-media; gyroscope; picture-in-picture; web-share\" referrerpolicy=\"strict-origin-when-cross-origin\" allowfullscreen><\/iframe><\/p>\n","protected":false},"excerpt":{"rendered":"<p>Unser TARIS mit Direct-LED-Display und Local Area Dimming bietet eine extrem hohe UHD-Bildschirmaufl\u00f6sung. HDR und 10Bit Farbtiefe versch\u00f6nern das Bild nicht nur merklich, sondern machen es perfekt: mit brillanter und nat\u00fcrlicher Farbdarstellung sowie \u00fcberw\u00e4ltigenden Kontrasten. Das \u00fcberraschend kr\u00e4ftige und wohlklingende Soundsystem verbirgt sich hinter einer edlen Front aus Metall, die als visueller Akzent leicht nach [&hellip;]<\/p>\n","protected":false},"featured_media":11409,"comment_status":"open","ping_status":"closed","template":"","meta":[],"product_brand":[204],"product_cat":[19,25],"product_tag":[],"class_list":{"0":"post-11407","1":"product","2":"type-product","3":"status-publish","4":"has-post-thumbnail","6":"product_brand-metz-classic","7":"product_cat-tv-geraete","8":"product_cat-led-tv-40-49-101cm-124cm","10":"first","11":"instock","12":"taxable","13":"shipping-taxable","14":"purchasable","15":"product-type-simple"},"_links":{"self":[{"href":"https:\/\/spuehler-tv.ch\/onlineshop\/wp-json\/wp\/v2\/product\/11407","targetHints":{"allow":["GET"]}}],"collection":[{"href":"https:\/\/spuehler-tv.ch\/onlineshop\/wp-json\/wp\/v2\/product"}],"about":[{"href":"https:\/\/spuehler-tv.ch\/onlineshop\/wp-json\/wp\/v2\/types\/product"}],"replies":[{"embeddable":true,"href":"https:\/\/spuehler-tv.ch\/onlineshop\/wp-json\/wp\/v2\/comments?post=11407"}],"wp:featuredmedia":[{"embeddable":true,"href":"https:\/\/spuehler-tv.ch\/onlineshop\/wp-json\/wp\/v2\/media\/11409"}],"wp:attachment":[{"href":"https:\/\/spuehler-tv.ch\/onlineshop\/wp-json\/wp\/v2\/media?parent=11407"}],"wp:term":[{"taxonomy":"product_brand","embeddable":true,"href":"https:\/\/spuehler-tv.ch\/onlineshop\/wp-json\/wp\/v2\/product_brand?post=11407"},{"taxonomy":"product_cat","embeddable":true,"href":"https:\/\/spuehler-tv.ch\/onlineshop\/wp-json\/wp\/v2\/product_cat?post=11407"},{"taxonomy":"product_tag","embeddable":true,"href":"https:\/\/spuehler-tv.ch\/onlineshop\/wp-json\/wp\/v2\/product_tag?post=11407"}],"curies":[{"name":"wp","href":"https:\/\/api.w.org\/{rel}","templated":true}]}}