{"id":11351,"date":"2025-10-23T16:56:55","date_gmt":"2025-10-23T15:56:55","guid":{"rendered":"https:\/\/spuehler-tv.ch\/onlineshop\/?post_type=product&#038;p=11351"},"modified":"2026-03-24T15:35:56","modified_gmt":"2026-03-24T14:35:56","slug":"galaxy-a17-5g-a176b-enterprise-edition-samsung-android-15-smartphone-128gb","status":"publish","type":"product","link":"https:\/\/spuehler-tv.ch\/onlineshop\/produkt\/galaxy-a17-5g-a176b-enterprise-edition-samsung-android-15-smartphone-128gb\/","title":{"rendered":"Galaxy A17 5G A176B Enterprise Edition (Samsung) &#8211; Android 15 Smartphone 128GB"},"content":{"rendered":"<div class=\"details__headline\">Smartphone, 5G, LTE, Dual-Sim, Kamera, 50 Megapixel, 10-fach Digitalzoom, optischer Bildstabilisator, Weitwinkel, zweite Hauptkamera, 5 Megapixel Aufl\u00f6sung, Ultra-Weitwinkel, dritte Hauptkamera, 2 Megapixel Aufl\u00f6sung, Makro-Objektiv, Frontkamera, 13 Megapixel Aufl\u00f6sung, Weitwinkel, Videoaufnahme-Funktion, Full-HD Video, Farbdisplay, 16,91 cm, 6,7 Zoll, 90 Hz Bildwiederholungsrate, Aufl\u00f6sung: 1.080&#215;2.340 Pixel, OLED-Technologie, kratzfest, Gorillaglas, Gesichtserkennung (Zugriff), Notruf-Funktion, Fingerabdrucksensor, ca. 128 GB interner Speicher, Android-Betriebssystem, Version 15, Octa-core Prozessor, 2 X 2,4 GHz, 6 X 2,0 GHz, 4 GB Arbeitsspeicher, Einschub f\u00fcr microSD-Card, microSDHC-Card, microSDXC-Card, Go Green Vertriebskennzeichen<\/div>\n<div class=\"details__sustainability\"><\/div>\n<div class=\"details__subline\">\n<p>Erlebe das beeindruckende, 6,7 Zoll gro\u00dfe DisplayTauche in deine Lieblingsinhalte ein<\/p>\n<p>Mit dem 6,7 Zoll gro\u00dfen Super AMOLED-Display und einer Bildwiederholrate<br \/>\nvon bis zu 90 Hz. Die beeindruckende Klarheit und die leuchtenden Farben<br \/>\nlassen jeden Moment lebendig wirken.<br \/>\nSprich mit Gemini \u00fcber das,was du siehst- Unterhalte dich mit Gemini<br \/>\nLive wie mit einer echten Person und erhalte f\u00fcr dich relevante<br \/>\ninformationen in Echtzeit.<br \/>\nTeile deine sch\u00f6nsten Momente mit der Kamera, um nach Ratschl\u00e4gen oder<br \/>\nIdeen zu fragen.<\/p>\n<p>Einkreisen,Suchen,Finden<\/p>\n<p>Mit Circle to Search findest du, wonach du suchst. Kreise den<br \/>\ngew\u00fcnschten Text oder das Objekt ein und bekomme die zugeh\u00f6rigen Such<br \/>\nergebnisse im Handumdrehen.<\/p>\n<p>Elegant, schlank und einfach umwerfend<\/p>\n<p>Schlankes Design, stylischer denn je: Der 7,5 mm schlanke Rahmen, das<br \/>\n\u00fcberarbeitete Key Island 2.0 und das saubere Kamera-Layout sorgen f\u00fcr<br \/>\nmehr Stil. Erh\u00e4ltlich in den Farben Black, Gray und Blue vereint das<br \/>\nGalaxy A17 5G elegantes Design mit bester Handlichkeit.<\/p>\n<p>Viele Objektive, viele M\u00f6glichkeiten<\/p>\n<p>Halte deine Alltagsmomente fest \u2013 dank des Dreifach-Kamerasystems deines<br \/>\nGalaxy A17 5G. Mit dem 50 MP-Weitwinkel-, dem 5 MP-Ultra-Weitwinkel- und<br \/>\ndem 2 MP-Makroobjektiv f\u00e4ngst du erinnerungsw\u00fcrdige Augenblicke<br \/>\ndetailreich ein. Wechsle nahtlos von weitl\u00e4ufigen Landschaften zu<br \/>\nNahaufnahmen in leuchtenden Farben und einer Klarheit, die jeden<br \/>\nAugenblick erstrahlen l\u00e4sst.<\/p>\n<p>Klare Videos und helle Fotos auch bei Nacht mit OIS<\/p>\n<p>Ganz gleich, ob du live streamst oder bei schwachem Licht fotografierst:<br \/>\nDie optische Bildstabilisierung reduziert Unsch\u00e4rfen in Fotos und Videos<br \/>\nund minimiert Lichtspuren f\u00fcr bis zu 2,5 Mal hellere und sch\u00e4rfere<br \/>\nFotos. Du kannst dich also darauf verlassen, dass deine Lieblingsmomente<br \/>\npr\u00e4zise und detailgetreu festgehalten werden.<\/p>\n<p>Hole das Beste aus deinem Tag heraus<\/p>\n<p>Dank des optimierten Octa-Core-Prozessors mit 2,4 GHz auf deinem Galaxy<br \/>\nA17 5G kannst du deine Lieblingsserien ohne Verz\u00f6gerungen in HD<br \/>\nstreamen, deine Gegner*innen in Games ausschalten sowie nahtlos mit den<br \/>\nsozialen Medien interagieren.<\/p>\n<p>Zuverl\u00e4ssiger Schutz f\u00fcr deinen Alltag<\/p>\n<p>Dein Galaxy A17 5G ist nach IP54 wasser- und staubgesch\u00fctzt und<br \/>\nbegleitet dich so entspannt durch den Tag. Dank Corning\u00ae Gorilla\u00ae Glass<br \/>\nVictus\u00ae kann es auch kleine \u00dcberraschungen des Alltags meistern, sodass<br \/>\ndu dich auf das Wichtige konzentrieren kannst.<\/p>\n<p>Schnell unterwegs mit 5G<\/p>\n<p>Mit der rasanten Geschwindigkeit von 5G bist du ganz vorne mit dabei. Ob<br \/>\nbeim Streaming, Gaming oder Teilen unterwegs: Das Galaxy A17 5G<br \/>\n\u00fcberzeugt mit einer schnellen Verbindung, auf die du dich verlassen<br \/>\nkannst. Freue dich auf nahtlose Video-Calls, reaktionsschnellen<br \/>\nSpielspa\u00df und schnelle Downloads \u2013 alles dank 5G-Technologie.<\/p>\n<\/div>\n","protected":false},"excerpt":{"rendered":"<p>Einsteiger Android Smartphone mit Android 15<\/p>\n","protected":false},"featured_media":11355,"comment_status":"open","ping_status":"closed","template":"","meta":[],"product_brand":[216],"product_cat":[22,75],"product_tag":[],"class_list":{"0":"post-11351","1":"product","2":"type-product","3":"status-publish","4":"has-post-thumbnail","6":"product_brand-samsung","7":"product_cat-telekommunikation","8":"product_cat-handy","10":"first","11":"instock","12":"taxable","13":"shipping-taxable","14":"purchasable","15":"product-type-variable","16":"has-default-attributes","17":"rtwpvg-product"},"_links":{"self":[{"href":"https:\/\/spuehler-tv.ch\/onlineshop\/wp-json\/wp\/v2\/product\/11351","targetHints":{"allow":["GET"]}}],"collection":[{"href":"https:\/\/spuehler-tv.ch\/onlineshop\/wp-json\/wp\/v2\/product"}],"about":[{"href":"https:\/\/spuehler-tv.ch\/onlineshop\/wp-json\/wp\/v2\/types\/product"}],"replies":[{"embeddable":true,"href":"https:\/\/spuehler-tv.ch\/onlineshop\/wp-json\/wp\/v2\/comments?post=11351"}],"wp:featuredmedia":[{"embeddable":true,"href":"https:\/\/spuehler-tv.ch\/onlineshop\/wp-json\/wp\/v2\/media\/11355"}],"wp:attachment":[{"href":"https:\/\/spuehler-tv.ch\/onlineshop\/wp-json\/wp\/v2\/media?parent=11351"}],"wp:term":[{"taxonomy":"product_brand","embeddable":true,"href":"https:\/\/spuehler-tv.ch\/onlineshop\/wp-json\/wp\/v2\/product_brand?post=11351"},{"taxonomy":"product_cat","embeddable":true,"href":"https:\/\/spuehler-tv.ch\/onlineshop\/wp-json\/wp\/v2\/product_cat?post=11351"},{"taxonomy":"product_tag","embeddable":true,"href":"https:\/\/spuehler-tv.ch\/onlineshop\/wp-json\/wp\/v2\/product_tag?post=11351"}],"curies":[{"name":"wp","href":"https:\/\/api.w.org\/{rel}","templated":true}]}}