{"id":11283,"date":"2025-07-21T08:40:35","date_gmt":"2025-07-21T07:40:35","guid":{"rendered":"https:\/\/spuehler-tv.ch\/onlineshop\/?post_type=product&#038;p=11283"},"modified":"2026-04-29T10:39:16","modified_gmt":"2026-04-29T09:39:16","slug":"touchsmart-3-emporia-klapphandy-mit-whatsapp-telegram-signal-4g","status":"publish","type":"product","link":"https:\/\/spuehler-tv.ch\/onlineshop\/produkt\/touchsmart-3-emporia-klapphandy-mit-whatsapp-telegram-signal-4g\/","title":{"rendered":"TOUCHsmart.3 (Emporia) &#8211; Klapphandy mit Whatsapp\/Telegram\/Signal 4G"},"content":{"rendered":"<p>Tastatur-Handy, Dualband, LTE, UMTS, klappbar, Kamera, 8 Megapixel, Frontkamera, 2 Megapixel Aufl\u00f6sung, Farbdisplay, 8,26 cm, 3,25 Zoll, Aufl\u00f6sung: 480&#215;854 Pixel, zweites Farbdisplay, 3,91 cm, 1,54 Zoll, Aufl\u00f6sung: 240&#215;240 Pixel, H\u00f6rger\u00e4te kompatibel, Notruf-Funktion, ca. 8 GB interner Speicher, Android-Betriebssystem, Version 8.1 Go, Quad-core Prozessor, 1,3 GHz, 1 GB Arbeitsspeicher, Akku wechselbar, Cardreader, Einschub f\u00fcr microSD-Card, microSDHC-Card, microSDXC-Card<\/p>\n<p class=\"h2 hyphenate\"><strong>Produktbeschreibung<\/strong><\/p>\n<div>\n<div class=\"metafield-rich_text_field\">\n<p>Intelligente L\u00f6sungen bestechen durch Einfachheit. Das ist auch bei diesem Seniorenhandy der Fall, das bereits mit WhatsApp, Signal und Telegram best\u00fcckt ist. Wir haben hierf\u00fcr zudem einen Touchscreen mit Tasten kombiniert, was die Bedienung noch einfacher macht. Damit ist das emporiaTOUCHsmart.3 das intelligenteste Klapptelefon am Markt.<\/p>\n<p>Wir lassen dabei die Direkttaste wieder aufleben. Denn dank dieser Tasten Ihres Seniorenhandys k\u00f6nnen Sie die bevorzugte App (WhatsApp, Telegram oder Signal) direkt starten und sind sofort mittendrin in der Kommunikation mit Ihren Lieben. Das Telefon ist zudem ausgestattet mit Sprachassistent, LED-Taschenlampe, Wecker mit Schlummerfunktion, Radio, Kalender etc. Sicherheit in der Bedienung und Anwendung geben auch die patentierte emporia Notruftaste, Staub- und Spritzwasserschutz IP44 und M4\/T4 H\u00f6rger\u00e4te-Kompatibilit\u00e4t sowie die automatische Rufannahme beim Aufklappen des Telefons.<\/p>\n<p>Das Modell verf\u00fcgt au\u00dferdem \u00fcber zwei Kameras (Hauptkamera 8 MP und Selfiekamera 2 MP), erm\u00f6glicht VoLTE (Voice over LTE) und ist mit dem Betriebssystem Android OS ausgestattet.<\/p>\n<p>Im Lieferumfang enthalten sind USB-C Kabel, Ladeschale und Bedienungsanleitung. Das macht dieses Seniorenhandy \u2013 vor allem auch in Kombination mit WhatsApp, Signal oder Telegram \u2013 zum optimalen Kommunikationswerkzeug und Alltagsbegleiter f\u00fcr alle F\u00e4lle.<\/p>\n<\/div>\n<\/div>\n<p><b>Kein Netzstecker enthalten<br \/>\n<\/b>Zur Unterst\u00fctzung von EU-Initiativen zur Reduzierung von Elektronikschrott bieten wir das Netzteil ab sofort als separates Zubeh\u00f6r an.<\/p>\n","protected":false},"excerpt":{"rendered":"<ul>\n<li>Nachfolger zum beliebten TOUCHsmart.2<\/li>\n<li>Direkttaste f\u00fcr WhatsApp, Signal oder Telegram<\/li>\n<li>Touchdisplay und Tastatur in einem Ger\u00e4t<\/li>\n<li>Hotspotfunktion f\u00fcr Internetzugang<\/li>\n<li data-olk-copy-source=\"MailCompose\">emporia Notruffunktion<\/li>\n<li>Automatische Rufannahme bei Aufklappen des Ger\u00e4ts<\/li>\n<li>IP44 Staub- und Spritzwasserschutz<\/li>\n<\/ul>\n","protected":false},"featured_media":11284,"comment_status":"open","ping_status":"closed","template":"","meta":[],"product_brand":[253],"product_cat":[22,143,75,76],"product_tag":[],"class_list":{"0":"post-11283","1":"product","2":"type-product","3":"status-publish","4":"has-post-thumbnail","6":"product_brand-emporia","7":"product_cat-telekommunikation","8":"product_cat-austellungsgeraete-spezialangebote","9":"product_cat-handy","10":"product_cat-seniorenhandys","12":"first","13":"onbackorder","14":"taxable","15":"shipping-taxable","16":"purchasable","17":"product-type-simple"},"_links":{"self":[{"href":"https:\/\/spuehler-tv.ch\/onlineshop\/wp-json\/wp\/v2\/product\/11283","targetHints":{"allow":["GET"]}}],"collection":[{"href":"https:\/\/spuehler-tv.ch\/onlineshop\/wp-json\/wp\/v2\/product"}],"about":[{"href":"https:\/\/spuehler-tv.ch\/onlineshop\/wp-json\/wp\/v2\/types\/product"}],"replies":[{"embeddable":true,"href":"https:\/\/spuehler-tv.ch\/onlineshop\/wp-json\/wp\/v2\/comments?post=11283"}],"wp:featuredmedia":[{"embeddable":true,"href":"https:\/\/spuehler-tv.ch\/onlineshop\/wp-json\/wp\/v2\/media\/11284"}],"wp:attachment":[{"href":"https:\/\/spuehler-tv.ch\/onlineshop\/wp-json\/wp\/v2\/media?parent=11283"}],"wp:term":[{"taxonomy":"product_brand","embeddable":true,"href":"https:\/\/spuehler-tv.ch\/onlineshop\/wp-json\/wp\/v2\/product_brand?post=11283"},{"taxonomy":"product_cat","embeddable":true,"href":"https:\/\/spuehler-tv.ch\/onlineshop\/wp-json\/wp\/v2\/product_cat?post=11283"},{"taxonomy":"product_tag","embeddable":true,"href":"https:\/\/spuehler-tv.ch\/onlineshop\/wp-json\/wp\/v2\/product_tag?post=11283"}],"curies":[{"name":"wp","href":"https:\/\/api.w.org\/{rel}","templated":true}]}}