{"id":11261,"date":"2025-07-14T13:41:49","date_gmt":"2025-07-14T12:41:49","guid":{"rendered":"https:\/\/spuehler-tv.ch\/onlineshop\/?post_type=product&#038;p=11261"},"modified":"2026-01-06T14:59:07","modified_gmt":"2026-01-06T13:59:07","slug":"rx-a2a-yamaha-7-1-av-receiver-4k-uhd","status":"publish","type":"product","link":"https:\/\/spuehler-tv.ch\/onlineshop\/produkt\/rx-a2a-yamaha-7-1-av-receiver-4k-uhd\/","title":{"rendered":"RX-A2A (Yamaha) &#8211; 7.1 AV-Receiver 4K\/UHD"},"content":{"rendered":"<h4><b>Yamaha RX-A2A &#8211; Grosses Heimkino<\/b><\/h4>\n<p>Mit seinem leistungsstarken Design ist der A2A darauf ausgelegt, einen grundsoliden, erstklassigen Sound zu liefern. Dieser beeindruckende AV-Receiver hebt Ihr Heimkino mit Audio- und Videofunktionen in professioneller Qualit\u00e4t auf eine ganz neue Stufe.<\/p>\n<h4><b>ATEMBERAUBENDER KLANG<\/b><\/h4>\n<h5><b>Dolby Atmos\u00ae mit H\u00f6hen-Virtualisierung<\/b><\/h5>\n<p>Mittendrin statt nur dabei! Hier werden Klangbilder auf verschiedene Bereiche im Raum projiziert und strahlen dabei auch von oben ab. *Diese Funktion ist per Firmware-Update erh\u00e4ltlich.<\/p>\n<h5><b>DTS:X\u00ae<\/b><\/h5>\n<p>Reagiert auf rasche \u00c4nderungen des Eingangspegels und erzeugt so eine pr\u00e4zise, stabile Signal\u00fcbertragung.<\/p>\n<h5><b>Auf Klarheit ausgelegt<\/b><\/h5>\n<p>Die Anti Resonance Technology (A.R.T.), bestehend aus einem f\u00fcnften Fu\u00df in der Mitte der Einheit, bietet zus\u00e4tzliche Robustheit gegen\u00fcber externen Vibrationen. Genie\u00dfen Sie kristallklaren, satten Sound.<\/p>\n<h4><b>FILME UND SPIELE GANZ NEU ERLEBEN<\/b><\/h4>\n<h5><b>4K120Hz<\/b><\/h5>\n<p>F\u00fcr eine h\u00f6here Aufl\u00f6sung und Aktualisierungsrate. Genie\u00dfen Sie ein gleichm\u00e4\u00dfigeres, realistischeres Bewegtbild.<\/p>\n<h5><b>HDR10+*<\/b><\/h5>\n<p>F\u00fcr einen tieferen Kontrast und noch realistischere Bilder, die alle Absichten der Filmemacher l\u00fcckenlos wiedergeben.<\/p>\n<h5><b>Spezielle Gaming-Funktion (ALLM, VRR, QMS, QFT)*<\/b><\/h5>\n<p>Noch bessere Performance dank nahtloser Bewegungsabl\u00e4ufe und \u00dcberg\u00e4nge.<\/p>\n<h5><b>HDMI-Mehrfacheingang mit aktueller Technologie*<\/b><\/h5>\n<p>Der HDMI-Mehrfacheingang unterst\u00fctzt gleicherma\u00dfen die aktuelle HDMI-Technologie, sodass Sie mehrere Spielekonsolen der n\u00e4chsten Generation gleichzeitig anschlie\u00dfen k\u00f6nnen.<\/p>\n<p>*Diese Funktionen sind per Firmware-Update erh\u00e4ltlich.<\/p>\n<h4><b>EINFACH EINZURICHTEN, EINFACH ZU BEDIENEN<\/b><\/h4>\n<h5><b>MusicCast App<\/b><\/h5>\n<p>Entdecken Sie die Vorz\u00fcge von Multiroom-Audio, greifen Sie auf Ihre Quellen und Streaming-Ger\u00e4te zu, und bedienen Sie Ihren AV-Receiver \u2013 und das alles \u00fcber Ihr Smartphone.<\/p>\n<h5><b>Sprachsteuerung<\/b><\/h5>\n<p>Kompatibel mit Alexa und Google Assistant, sodass Ihnen Ihr AV-Receiver stets zu Diensten steht. Dank AirPlay 2 k\u00f6nnen Sie Ihre Musik mit der Siri-Sprachsteuerung auf Apple iOS-Ger\u00e4ten streamen. *Verf\u00fcgbarkeit variiert je nach Region.<\/p>\n<h5><b>AV Setup Guide App<\/b><\/h5>\n<p>F\u00fchrt Sie perfekt durch Installation, Verkabelung und viele andere Einstellungen.<\/p>\n<h4><b>F\u00dcR IHREN RAUM ENTWICKELT<\/b><\/h4>\n<h5><b>YPAO R.S.C\/Multi-Point<\/b><\/h5>\n<p>Passt den Klang an Ihren Raum an, indem er die Raumakustik analysiert und die Lautsprechereigenschaften misst. Diese Funktion optimiert au\u00dferdem die Klangparameter f\u00fcr maximale Leistung von CINEMA DSP, Dolby Atmos\u00ae, DTS:X\u00ae.<\/p>\n<h5><b>Kompatibel mit dem kabellosen hinteren Lautsprecher<\/b><\/h5>\n<p>Gibt Ihnen die Freiheit, die Position der hinteren Lautsprecher kabellos an Ihre Raumeinrichtung anzupassen.<\/p>\n<h5><b>Dynamisches und \u00fcberzeugendes Design<\/b><\/h5>\n<p>Die klassische Handwerkskunst von Yamaha trifft auf modernes Design. Jedes St\u00fcck wurde sorgf\u00e4ltig gefertigt, um sicherzustellen, dass sich dieser AV-Receiver optisch und akustisch in Ihr Zuhause integriert.<\/p>\n<h5><b>Weitere Merkmale<\/b><\/h5>\n<p>&nbsp;<\/p>\n<ul>\n<li>7 Kan\u00e4le \/ 100 Watt<\/li>\n<li>HDMI: 7 Eing\u00e4nge \/ 1 Ausgang<\/li>\n<li><b>CINEMA DSP 3D f\u00fcr Filme, Musik und Gaming<\/b><br \/>\nDie einzigartige Yamaha &#8216;Sound Field Creation\u2018-Technologie wurde entwickelt, indem gemessene Klangfelddaten und digitale Signalverarbeitung kombiniert wurden. Yamaha hat die Klangfelddaten ber\u00fchmter Konzerts\u00e4le und Musik-Clubs auf der ganzen Welt gesammelt. Dabei kam die umfassende Expertise im Design von Konzerts\u00e4len, in der Beschallungstechnik und im Audio-Mixing voll zur Geltung. Indem riesige Informationsmengen digitalisiert und in spezielle LSI-Ger\u00e4te integriert wurden, kann die Akustik von Konzerts\u00e4len und Musik-Clubs in Ihrem Zuhause pr\u00e4zise nachempfunden werden. Tauchen Sie ein in eine extrem realistische Filmwelt und den authentischen Klang ber\u00fchmter Auftrittsorte.<\/li>\n<li><b>Vorteile von Verst\u00e4rkern mit hoher Slew-Rate<\/b><br \/>\nEin solcher Verst\u00e4rker erzeugt eine pr\u00e4zise Signal\u00fcbertragung und eignet sich besonders f\u00fcr hochaufl\u00f6sende Audiosignale. Oft verursachen Verst\u00e4rker mit hoher Slew-Rate eine instabile Signal\u00fcbertragung, doch die neue Schaltung von Yamaha erreicht die hohe Slew-Rate bei stabiler Signal\u00fcbertragung.<\/li>\n<li><b>Multiroom Audio &#8211; MusicCast<\/b><br \/>\nStellen Sie sich vor, Sie k\u00f6nnten Ihre Musik im gesamten Zuhause h\u00f6ren &#8211; unabh\u00e4ngig vom Format. Von den Lieblingsplatten bis zu AirPlay\u00ae, von Bluetooth\u00ae bis zu Musik-Streaming-Diensten* und sogar bis zum Fernsehton deckt MusicCast das gesamte Spektrum ab.<br \/>\nAusserdem wurden alle MusicCast Produkte mit Fokus auf der Klangqualit\u00e4t entwickelt. Hochaufl\u00f6sende Formate wie Apple Lossless (ALAC) mit bis zu 96 kHz, WAV, FLAC und FLAC oder AIFF bis zu 192 kHz werden unterst\u00fctzt.<\/li>\n<li><b>AirPlay 2<\/b><br \/>\nHey Siri. Spiele Musik in der K\u00fcche und im Wohnzimmer.<\/p>\n<p>AirPlay 2 erlaubt das Streamen von Apple Music und anderen Streaming-Diensten auf mehrere MusicCast Ger\u00e4te im gesamten Zuhause. Steuern Sie es einfach \u00fcber Ihr iPhone oder iPad, verlinken Sie es mit einem HomePod oder nutzen Sie einfach die Sprachsteuerung und bitten Siri um Unterst\u00fctzung.<\/li>\n<li><b>Streaming-Dienste<\/b><br \/>\nErleben Sie eine Welt voller Musik mit den integrierten Musik-Streaming-Diensten*. Synchronisieren Sie Ihre Playlists und Tracks zwischen Smartphone oder Computer und dem AV-Receiver. So k\u00f6nnen Sie ganz einfach Ihre Favoriten h\u00f6ren oder neue Musik entdecken.<\/p>\n<p>* Die Verf\u00fcgbarkeit von Musik-Streaming-Diensten variiert je nach Region.<\/li>\n<li><b>eARC<\/b><br \/>\nEntfesseln Sie das ganze Potential Ihrer 4K-Inhalte. Der Enhanced Audio Return Channel (auch als eARC bezeichnet) stellt die n\u00e4chste Generation von ARC dar \u2013 verf\u00fcgbar in den f\u00fchrenden AV-Receivern von Yamaha.<\/p>\n<p>eARC bietet mehrkanalige Audioformate in voller Aufl\u00f6sung wie Dolby\u00ae TrueHD und DTS-HD\u00ae \u00fcber die bestehende HDMI-Verbindung und erm\u00f6glicht damit ein besonders realistisches Surround-Sound-Erlebnis, bei dem Sie ganz in Ihre Lieblingsfilme abtauchen k\u00f6nnen.<\/li>\n<li><b>Zone2<\/b><br \/>\nMit den Zone2-kompatiblen Lautsprecheranschl\u00fcssen kann dieses System die im Musikzimmer wiedergegebenen AV-Inhalte (oder sogar andere Inhalte) auch in einem anderen Raum wiedergeben. Wenn Sie beispielsweise Ihr Schlafzimmer oder Ihre K\u00fcche mit Lautsprechern ausgestattet haben, k\u00f6nnen Sie das Zimmer wechseln und h\u00f6ren dieselben Inhalte wie im Musikzimmer (oder andere).<\/li>\n<li><b>Phono<\/b><br \/>\nDieser AV-Receiver hat einen eigenen Phono-Eingang. Schlie\u00dfen Sie einen Schallplattenspieler an und genie\u00dfen Sie Ihre Schallplattensammlung.<\/li>\n<\/ul>\n","protected":false},"excerpt":{"rendered":"<div class=\"shortdesc\">Leistungsstarker 7.1-Kanal AV-Receiver mit 7 HDMI Eing\u00e4ngen, 4K 120Hz Unterst\u00fctzung, HDR10+ und integriertem MusicCast Multiroom<\/div>\n","protected":false},"featured_media":11262,"comment_status":"open","ping_status":"closed","template":"","meta":[],"product_brand":[211],"product_cat":[20,226,143,53,79],"product_tag":[],"class_list":{"0":"post-11261","1":"product","2":"type-product","3":"status-publish","4":"has-post-thumbnail","6":"product_brand-yamaha","7":"product_cat-audio-geraete","8":"product_cat-sale","9":"product_cat-austellungsgeraete-spezialangebote","10":"product_cat-hifi-komponenten","11":"product_cat-av-receiver","12":"product_shipping_class-lieferung-basic-audio","14":"first","15":"instock","16":"sale","17":"taxable","18":"shipping-taxable","19":"purchasable","20":"product-type-simple"},"_links":{"self":[{"href":"https:\/\/spuehler-tv.ch\/onlineshop\/wp-json\/wp\/v2\/product\/11261","targetHints":{"allow":["GET"]}}],"collection":[{"href":"https:\/\/spuehler-tv.ch\/onlineshop\/wp-json\/wp\/v2\/product"}],"about":[{"href":"https:\/\/spuehler-tv.ch\/onlineshop\/wp-json\/wp\/v2\/types\/product"}],"replies":[{"embeddable":true,"href":"https:\/\/spuehler-tv.ch\/onlineshop\/wp-json\/wp\/v2\/comments?post=11261"}],"wp:featuredmedia":[{"embeddable":true,"href":"https:\/\/spuehler-tv.ch\/onlineshop\/wp-json\/wp\/v2\/media\/11262"}],"wp:attachment":[{"href":"https:\/\/spuehler-tv.ch\/onlineshop\/wp-json\/wp\/v2\/media?parent=11261"}],"wp:term":[{"taxonomy":"product_brand","embeddable":true,"href":"https:\/\/spuehler-tv.ch\/onlineshop\/wp-json\/wp\/v2\/product_brand?post=11261"},{"taxonomy":"product_cat","embeddable":true,"href":"https:\/\/spuehler-tv.ch\/onlineshop\/wp-json\/wp\/v2\/product_cat?post=11261"},{"taxonomy":"product_tag","embeddable":true,"href":"https:\/\/spuehler-tv.ch\/onlineshop\/wp-json\/wp\/v2\/product_tag?post=11261"}],"curies":[{"name":"wp","href":"https:\/\/api.w.org\/{rel}","templated":true}]}}