{"id":11248,"date":"2025-07-04T14:59:18","date_gmt":"2025-07-04T13:59:18","guid":{"rendered":"https:\/\/spuehler-tv.ch\/onlineshop\/?post_type=product&#038;p=11248"},"modified":"2026-01-06T15:07:55","modified_gmt":"2026-01-06T14:07:55","slug":"42oled810-12-philips-107cm-uhd-oled-tv-google-tv","status":"publish","type":"product","link":"https:\/\/spuehler-tv.ch\/onlineshop\/produkt\/42oled810-12-philips-107cm-uhd-oled-tv-google-tv\/","title":{"rendered":"42OLED810\/12 (Philips) &#8211; 107cm UHD OLED TV Google TV"},"content":{"rendered":"<p class=\"yVWuFvz6 yVWuFvz7 yVWuFvz9\">Der Philips 42OLED810\/12 ist ein fortschrittlicher Smart TV, der mit modernster OLED-Technologie ausgestattet ist, um ein beeindruckendes Seherlebnis zu bieten. Mit einer Bildschirmdiagonale von 42 Zoll und einer 4K Bildaufl\u00f6sung liefert dieser Fernseher gestochen scharfe Bilder und lebendige Farben. Das Betriebssystem Google TV erm\u00f6glicht eine benutzerfreundliche Navigation und den Zugriff auf eine Vielzahl von Streaming-Diensten und Apps. Die Unterst\u00fctzung von Dolby Vision und HDR10+ sorgt f\u00fcr eine herausragende Bildqualit\u00e4t, w\u00e4hrend Dolby Atmos f\u00fcr ein immersives Klangerlebnis sorgt. Der Fernseher ist zudem mit einer Vielzahl von Anschlussm\u00f6glichkeiten ausgestattet, darunter vier HDMI-Anschl\u00fcsse und USB-Anschl\u00fcsse, die eine flexible Verbindung zu externen Ger\u00e4ten erm\u00f6glichen. Mit Funktionen wie ALLM, VRR und eARC ist der Philips 42OLED810\/12 auch f\u00fcr Gamer bestens geeignet und bietet eine reibungslose und verz\u00f6gerungsfreie Leistung.<\/p>\n<p>&nbsp;<\/p>\n","protected":false},"excerpt":{"rendered":"<ul class=\"yVWuFvzD\">\n<li class=\"yVWuFvzE yVWuFvzF yVWuFvzG\">OLED-Technologie f\u00fcr tiefere Schwarzt\u00f6ne und lebendige Farben<\/li>\n<li class=\"yVWuFvzE yVWuFvzF yVWuFvzG\">Unterst\u00fctzung von Dolby Vision und HDR10+ f\u00fcr verbesserte Bildqualit\u00e4t<\/li>\n<li class=\"yVWuFvzE yVWuFvzF yVWuFvzG\">Integriertes Google TV f\u00fcr einfachen Zugriff auf Streaming-Dienste<\/li>\n<li class=\"yVWuFvzE yVWuFvzF yVWuFvzG\">Dolby Atmos f\u00fcr ein immersives Klangerlebnis<\/li>\n<li class=\"yVWuFvzE yVWuFvzF yVWuFvzG\">Vielzahl von Anschlussm\u00f6glichkeiten, einschliesslich 4 HDMI- und USB-Anschl\u00fcssen.<\/li>\n<\/ul>\n","protected":false},"featured_media":11250,"comment_status":"open","ping_status":"closed","template":"","meta":[],"product_brand":[214],"product_cat":[19,84],"product_tag":[],"class_list":{"0":"post-11248","1":"product","2":"type-product","3":"status-publish","4":"has-post-thumbnail","6":"product_brand-philips","7":"product_cat-tv-geraete","8":"product_cat-oled-tv-42-107cm","10":"first","11":"onbackorder","12":"taxable","13":"shipping-taxable","14":"purchasable","15":"product-type-simple"},"_links":{"self":[{"href":"https:\/\/spuehler-tv.ch\/onlineshop\/wp-json\/wp\/v2\/product\/11248","targetHints":{"allow":["GET"]}}],"collection":[{"href":"https:\/\/spuehler-tv.ch\/onlineshop\/wp-json\/wp\/v2\/product"}],"about":[{"href":"https:\/\/spuehler-tv.ch\/onlineshop\/wp-json\/wp\/v2\/types\/product"}],"replies":[{"embeddable":true,"href":"https:\/\/spuehler-tv.ch\/onlineshop\/wp-json\/wp\/v2\/comments?post=11248"}],"wp:featuredmedia":[{"embeddable":true,"href":"https:\/\/spuehler-tv.ch\/onlineshop\/wp-json\/wp\/v2\/media\/11250"}],"wp:attachment":[{"href":"https:\/\/spuehler-tv.ch\/onlineshop\/wp-json\/wp\/v2\/media?parent=11248"}],"wp:term":[{"taxonomy":"product_brand","embeddable":true,"href":"https:\/\/spuehler-tv.ch\/onlineshop\/wp-json\/wp\/v2\/product_brand?post=11248"},{"taxonomy":"product_cat","embeddable":true,"href":"https:\/\/spuehler-tv.ch\/onlineshop\/wp-json\/wp\/v2\/product_cat?post=11248"},{"taxonomy":"product_tag","embeddable":true,"href":"https:\/\/spuehler-tv.ch\/onlineshop\/wp-json\/wp\/v2\/product_tag?post=11248"}],"curies":[{"name":"wp","href":"https:\/\/api.w.org\/{rel}","templated":true}]}}