{"id":11156,"date":"2025-07-01T16:53:03","date_gmt":"2025-07-01T15:53:03","guid":{"rendered":"https:\/\/spuehler-tv.ch\/onlineshop\/?post_type=product&#038;p=11156"},"modified":"2025-07-01T17:19:10","modified_gmt":"2025-07-01T16:19:10","slug":"the-fairphone-6-gen-fairphone-nachhaltiges-android-smartphone","status":"publish","type":"product","link":"https:\/\/spuehler-tv.ch\/onlineshop\/produkt\/the-fairphone-6-gen-fairphone-nachhaltiges-android-smartphone\/","title":{"rendered":"The Fairphone 6 Gen. (Fairphone) &#8211; Nachhaltiges Android Smartphone"},"content":{"rendered":"<h2 class=\"ProductDescription-Title\">Fairphone Fairphone 6 256 GB Horizon black<\/h2>\n<h3 class=\"ProductDescription-Subtitle\">Nachhaltiges Android-Smartphone aus fairer Produktion mit recycelten Materialien<\/h3>\n<div class=\"ProductDescription-Paragraph\">\n<h4 class=\"ProductDescription-ParagraphTitle\">Erweiterbarer Speicher<\/h4>\n<p>Fotos, Filme, Musik, Apps \u2013 je l\u00e4nger Sie Ihr Phone haben, umso mehr Dateien sammeln sich an und umso knapper wird mit der Zeit der Speicherplatz. Dieses Mobiltelefon verf\u00fcgt \u00fcber einen Kartenleser, mit dem Sie den Speicherplatz einfach und kosteng\u00fcnstig erweitern.<\/p>\n<\/div>\n<div class=\"ProductDescription-Paragraph\">\n<h4 class=\"ProductDescription-ParagraphTitle\">Multi-SIM-Funktionalit\u00e4t<\/h4>\n<p>Bei Mobilger\u00e4ten mit Multi-SIM-Funktionalit\u00e4t kann mehr als nur ein Mobilfunk-Anbieter verwendet werden. Das ist sehr praktisch, wenn Sie Gesch\u00e4ftliches von Privatem trennen oder im Ausland ein g\u00fcnstigeres, lokales Abonnement verwenden m\u00f6chten, ohne auf die Erreichbarkeit unter der bekannten Nummer zu verzichten. Ob es sich um ein Ger\u00e4t mit zwei SIM-Kartenslots oder um SIM-Karte + eSIM handelt, entnehmen Sie den Spezifikationen.<\/p>\n<\/div>\n<ul class=\"cds-List cds-AttributesList cds-List--Piped cds-AttributesList--WithPadding ProductData-Attributes\">\n<li>Qualcomm 7s Gen 3 -Prozessor mit bis zu 2.5 GHz, 8 GB RAM, 256 GB interner Speicher (per MicroSD bis zu 2 TB erweiterbar)<\/li>\n<li>6.31&#8243;-Touchdisplay mit einer Aufl\u00f6sung von 1116 x 2484 Pixeln und robustem Corning Gorilla Glass 7i (0.7 mm)<\/li>\n<li>32 Mpx Frontkamera und 13 Mpx Ultra-Wide-Hauptkamera (f2.2 5, Autofokus, OIS, Single-LED-Blitzlicht und TOF)<\/li>\n<li>5G, Dual-SIM (1x Nano-SIM, 1x eSIM), WLAN 802.11ax, Bluetooth 5.4, NFC, USB-C<\/li>\n<li>Fingerabdrucksensor (im Power-Button integriert), Gesichtserkennung, Gyroskop, Ann\u00e4herung, Kompass, Lichtsensor<\/li>\n<li>Innovatives reparierbares Design, austauschbarer 4415 mAh Akku, Schutz nach IP 55, Betriebssystem: Android 15<\/li>\n<\/ul>\n<p>&nbsp;<\/p>\n","protected":false},"excerpt":{"rendered":"<p>Fairphone Fairphone 6 256 GB Horizon black Nachhaltiges Android-Smartphone aus fairer Produktion mit recycelten Materialien Erweiterbarer Speicher Fotos, Filme, Musik, Apps \u2013 je l\u00e4nger Sie Ihr Phone haben, umso mehr Dateien sammeln sich an und umso knapper wird mit der Zeit der Speicherplatz. Dieses Mobiltelefon verf\u00fcgt \u00fcber einen Kartenleser, mit dem Sie den Speicherplatz einfach [&hellip;]<\/p>\n","protected":false},"featured_media":11163,"comment_status":"open","ping_status":"closed","template":"","meta":[],"product_brand":[],"product_cat":[75,22],"product_tag":[],"class_list":{"0":"post-11156","1":"product","2":"type-product","3":"status-publish","4":"has-post-thumbnail","6":"product_cat-handy","7":"product_cat-telekommunikation","9":"first","10":"onbackorder","11":"taxable","12":"shipping-taxable","13":"purchasable","14":"product-type-variable","15":"has-default-attributes","16":"rtwpvg-product"},"_links":{"self":[{"href":"https:\/\/spuehler-tv.ch\/onlineshop\/wp-json\/wp\/v2\/product\/11156","targetHints":{"allow":["GET"]}}],"collection":[{"href":"https:\/\/spuehler-tv.ch\/onlineshop\/wp-json\/wp\/v2\/product"}],"about":[{"href":"https:\/\/spuehler-tv.ch\/onlineshop\/wp-json\/wp\/v2\/types\/product"}],"replies":[{"embeddable":true,"href":"https:\/\/spuehler-tv.ch\/onlineshop\/wp-json\/wp\/v2\/comments?post=11156"}],"wp:featuredmedia":[{"embeddable":true,"href":"https:\/\/spuehler-tv.ch\/onlineshop\/wp-json\/wp\/v2\/media\/11163"}],"wp:attachment":[{"href":"https:\/\/spuehler-tv.ch\/onlineshop\/wp-json\/wp\/v2\/media?parent=11156"}],"wp:term":[{"taxonomy":"product_brand","embeddable":true,"href":"https:\/\/spuehler-tv.ch\/onlineshop\/wp-json\/wp\/v2\/product_brand?post=11156"},{"taxonomy":"product_cat","embeddable":true,"href":"https:\/\/spuehler-tv.ch\/onlineshop\/wp-json\/wp\/v2\/product_cat?post=11156"},{"taxonomy":"product_tag","embeddable":true,"href":"https:\/\/spuehler-tv.ch\/onlineshop\/wp-json\/wp\/v2\/product_tag?post=11156"}],"curies":[{"name":"wp","href":"https:\/\/api.w.org\/{rel}","templated":true}]}}