{"id":11091,"date":"2025-06-23T09:16:45","date_gmt":"2025-06-23T08:16:45","guid":{"rendered":"https:\/\/spuehler-tv.ch\/onlineshop\/?post_type=product&#038;p=11091"},"modified":"2026-03-09T14:18:30","modified_gmt":"2026-03-09T13:18:30","slug":"accentum-sennheiser-bluetooth-buegelkopfhoerer-mit-anc","status":"publish","type":"product","link":"https:\/\/spuehler-tv.ch\/onlineshop\/produkt\/accentum-sennheiser-bluetooth-buegelkopfhoerer-mit-anc\/","title":{"rendered":"ACCENTUM (Sennheiser) &#8211; Bluetooth B\u00fcgelkopfh\u00f6rer mit ANC"},"content":{"rendered":"<div class=\"details__subline\">\u2013 Sennheiser-Sound &#8211; Entdecke hochwertigen Sennheiser-Klang dank unseres<br \/>\neigens entwickelten und hergestellten Schallwandlersystems.\u2013 Blendet alle Ablenkungen mit ANC aus &#8211; Konzentriere dich und tauche in<br \/>\ndeine Musik ein mit effektiven Hybrid-Kopfh\u00f6rern mit<br \/>\nGer\u00e4uschunterdr\u00fcckung.<\/p>\n<p>\u2013 H\u00f6re Au\u00dfenger\u00e4usche mit einer Ber\u00fchrung &#8211; Der Transparenzmodus<br \/>\nerm\u00f6glicht es Dir, Deine Umgebung wahrzunehmen, ohne den Kopfh\u00f6rer<br \/>\nabzunehmen.<\/p>\n<p>\u2013 Dein Klang, deine Art &#8211; Individualisiere deine musikalische Reise mit<br \/>\neiner Auswahl an Klangmodi, wie dem Bass Boost und dem Podcast-Modus.<br \/>\nMit dem integrierten 5-Band-Equalizer kannst Du Deinen Sound ganz nach<br \/>\nDeinen Vorlieben anpassen.<\/p>\n<\/div>\n<div class=\"details__column\">\n<div class=\"detail__block--wrapper\">\n<div>\n<p><span class=\"detail__title detail__title--top\" data-headline-code=\"0060057536\">Bauart<\/span><\/p>\n<div class=\"detail__block\" data-feature-code=\"classificationCatalog\/1.0\/0060057536.ep60061719\">\n<p><span class=\"detail__title\">B\u00fcgel-Kopfh\u00f6rer<\/span><\/p>\n<div class=\"detail__hook\"><\/div>\n<\/div>\n<\/div>\n<\/div>\n<div class=\"detail__block--wrapper\">\n<div>\n<p><span class=\"detail__title detail__title--top\" data-headline-code=\"0060061216\">\u00dcbertragung<\/span><\/p>\n<div class=\"detail__block\" data-feature-code=\"classificationCatalog\/1.0\/0060061216.ep60061715\">\n<p><span class=\"detail__title\">Bluetooth<\/span><\/p>\n<div class=\"detail__hook\"><\/div>\n<\/div>\n<div class=\"detail__block\" data-feature-code=\"classificationCatalog\/1.0\/0060061216.version\"><span class=\"detail__title\">Version<\/span>\u00a0<span class=\"detail__desc\">Version 5.2<\/span><\/div>\n<\/div>\n<\/div>\n<div class=\"detail__block--wrapper\">\n<div>\n<p><span class=\"detail__title detail__title--top\" data-headline-code=\"0060048458\">Ausstattung<\/span><\/p>\n<div class=\"detail__block\" data-feature-code=\"classificationCatalog\/1.0\/0060048458.ep60061722\">\n<p><span class=\"detail__title\">Ger\u00e4uschreduzierungs-Funktion (Noise Cancelling)<\/span><\/p>\n<div class=\"detail__hook\"><\/div>\n<\/div>\n<div class=\"detail__block\" data-feature-code=\"classificationCatalog\/1.0\/0060048458.ep60064012\">\n<p><span class=\"detail__title\">Noise Cancelling-Mikrofon<\/span><\/p>\n<div class=\"detail__hook\"><\/div>\n<\/div>\n<\/div>\n<\/div>\n<div class=\"detail__block--wrapper\">\n<div>\n<p><span class=\"detail__title detail__title--top\" data-headline-code=\"0060061198\">Frequenzbereich<\/span><\/p>\n<div class=\"detail__block\" data-feature-code=\"classificationCatalog\/1.0\/0060061198.ep60061200\">\u00a0<span class=\"detail__desc\">10 Hz<\/span><\/div>\n<\/div>\n<\/div>\n<div class=\"detail__block--wrapper\">\n<div>\n<p><span class=\"detail__title detail__title--top\" data-headline-code=\"0060048414\">Anschl\u00fcsse<\/span><\/p>\n<div class=\"detail__block\" data-feature-code=\"classificationCatalog\/1.0\/0060048414.usbcanschluss2\">\n<p><span class=\"detail__title\">USB-C-Anschluss<\/span><\/p>\n<div class=\"detail__hook\"><\/div>\n<\/div>\n<\/div>\n<\/div>\n<div class=\"detail__block--wrapper\">\n<div>\n<p><span class=\"detail__title detail__title--top\" data-headline-code=\"0060057895\">Stromversorgung<\/span><\/p>\n<div class=\"detail__block\" data-feature-code=\"classificationCatalog\/1.0\/0060057895.ep60061207\">\n<p><span class=\"detail__title\">Akkubetrieb<\/span><\/p>\n<div class=\"detail__hook\"><\/div>\n<\/div>\n<div class=\"detail__block\" data-feature-code=\"classificationCatalog\/1.0\/0060057895.akkulaufzeitbiszustunden\"><span class=\"detail__title\">Akkulaufzeit bis zu<\/span>\u00a0<span class=\"detail__desc\">50 Stunden<\/span><\/div>\n<\/div>\n<\/div>\n<div class=\"detail__block--wrapper\">\n<div>\n<p><span class=\"detail__title detail__title--top\" data-headline-code=\"0000000098\">Netto-Artikelma\u00dfe<\/span><\/p>\n<div class=\"detail__block\" data-feature-code=\"classificationCatalog\/1.0\/0000000098.ep60063013\"><span class=\"detail__title\">Breite:<\/span>\u00a0<span class=\"detail__desc\">16.5 cm<\/span><\/div>\n<div class=\"detail__block\" data-feature-code=\"classificationCatalog\/1.0\/0000000098.ep60064328\"><span class=\"detail__title\">H\u00f6he:<\/span>\u00a0<span class=\"detail__desc\">19.5 cm<\/span><\/div>\n<div class=\"detail__block\" data-feature-code=\"classificationCatalog\/1.0\/0000000098.tiefeincm\"><span class=\"detail__title\">Tiefe:<\/span>\u00a0<span class=\"detail__desc\">4.8 cm<\/span><\/div>\n<div class=\"detail__block\" data-feature-code=\"classificationCatalog\/1.0\/0000000098.gewichtinkg\"><span class=\"detail__title\">Gewicht:<\/span>\u00a0<span class=\"detail__desc\">0.222 kg<\/span><\/div>\n<\/div>\n<\/div>\n<div class=\"detail__block--wrapper\">\n<div>\n<p><span class=\"detail__title detail__title--top\" data-headline-code=\"0000000096\">Logistikma\u00dfe mit Verpackung<\/span><\/p>\n<div class=\"detail__block\" data-feature-code=\"classificationCatalog\/1.0\/0000000096.bruttobreitecm\"><span class=\"detail__title\">Breite:<\/span>\u00a0<span class=\"detail__desc\">21.7 cm<\/span><\/div>\n<div class=\"detail__block\" data-feature-code=\"classificationCatalog\/1.0\/0000000096.bruttohoehecm\"><span class=\"detail__title\">H\u00f6he:<\/span>\u00a0<span class=\"detail__desc\">5.6 cm<\/span><\/div>\n<div class=\"detail__block\" data-feature-code=\"classificationCatalog\/1.0\/0000000096.bruttotiefecm\"><span class=\"detail__title\">Tiefe:<\/span>\u00a0<span class=\"detail__desc\">22.1 cm<\/span><\/div>\n<div class=\"detail__block\" data-feature-code=\"classificationCatalog\/1.0\/0000000096.bruttogewichtkg\"><span class=\"detail__title\">Gewicht:<\/span>\u00a0<span class=\"detail__desc\">0.46 kg<\/span><\/div>\n<\/div>\n<\/div>\n<\/div>\n","protected":false},"excerpt":{"rendered":"<p>B\u00fcgel-Kopfh\u00f6rer, Bluetooth, Version 5.2, Ger\u00e4uschreduzierungs-Funktion (Noise Cancelling), Noise Cancelling-Mikrofon, 10 Hz, USB-C-Anschluss, Akkubetrieb, Akkulaufzeit bis zu 50 Stunden<\/p>\n","protected":false},"featured_media":11095,"comment_status":"open","ping_status":"closed","template":"","meta":[],"product_brand":[221],"product_cat":[57],"product_tag":[],"class_list":{"0":"post-11091","1":"product","2":"type-product","3":"status-publish","4":"has-post-thumbnail","6":"product_brand-sennheiser","7":"product_cat-kopfhoerer-hoerhilfen","9":"first","10":"instock","11":"taxable","12":"shipping-taxable","13":"purchasable","14":"product-type-variable","15":"has-default-attributes","16":"rtwpvg-product"},"_links":{"self":[{"href":"https:\/\/spuehler-tv.ch\/onlineshop\/wp-json\/wp\/v2\/product\/11091","targetHints":{"allow":["GET"]}}],"collection":[{"href":"https:\/\/spuehler-tv.ch\/onlineshop\/wp-json\/wp\/v2\/product"}],"about":[{"href":"https:\/\/spuehler-tv.ch\/onlineshop\/wp-json\/wp\/v2\/types\/product"}],"replies":[{"embeddable":true,"href":"https:\/\/spuehler-tv.ch\/onlineshop\/wp-json\/wp\/v2\/comments?post=11091"}],"wp:featuredmedia":[{"embeddable":true,"href":"https:\/\/spuehler-tv.ch\/onlineshop\/wp-json\/wp\/v2\/media\/11095"}],"wp:attachment":[{"href":"https:\/\/spuehler-tv.ch\/onlineshop\/wp-json\/wp\/v2\/media?parent=11091"}],"wp:term":[{"taxonomy":"product_brand","embeddable":true,"href":"https:\/\/spuehler-tv.ch\/onlineshop\/wp-json\/wp\/v2\/product_brand?post=11091"},{"taxonomy":"product_cat","embeddable":true,"href":"https:\/\/spuehler-tv.ch\/onlineshop\/wp-json\/wp\/v2\/product_cat?post=11091"},{"taxonomy":"product_tag","embeddable":true,"href":"https:\/\/spuehler-tv.ch\/onlineshop\/wp-json\/wp\/v2\/product_tag?post=11091"}],"curies":[{"name":"wp","href":"https:\/\/api.w.org\/{rel}","templated":true}]}}