{"id":11087,"date":"2025-06-19T14:30:47","date_gmt":"2025-06-19T13:30:47","guid":{"rendered":"https:\/\/spuehler-tv.ch\/onlineshop\/?post_type=product&#038;p=11087"},"modified":"2026-01-06T15:01:59","modified_gmt":"2026-01-06T14:01:59","slug":"unifi-udr-7-ubiquiti-desktop-10g-cloud-gateway-mit-integriertem-wifi-7-poe-switch-microsd-speicher-unifi-cloud","status":"publish","type":"product","link":"https:\/\/spuehler-tv.ch\/onlineshop\/produkt\/unifi-udr-7-ubiquiti-desktop-10g-cloud-gateway-mit-integriertem-wifi-7-poe-switch-microsd-speicher-unifi-cloud\/","title":{"rendered":"UniFi UDR 7 (Ubiquiti) &#8211; Desktop 10G Cloud Gateway mit integriertem WiFi 7, PoE-Switch, microSD-Speicher, UniFi Cloud"},"content":{"rendered":"<p class=\"ProductDescription-Lead\">Der UniFi Dream Router 7 (UDR7) ist die ultimative Netzwerkzentrale f\u00fcr kleine Unternehmen, Home-Offices und professionelle Anwender. Mit modernster WiFi 7-Technologie, einer leistungsf\u00e4higen Firewall und vielseitigen VPN-Funktionen sorgt der UDR7 f\u00fcr eine sichere, schnelle und stabile Internetverbindung. Dank seiner leistungsf\u00e4higen Routing- und Switching-Technologien integriert er nahtlos alle wichtigen Funktionen in einem kompakten, benutzerfreundlichen Ger\u00e4t.<\/p>\n<div class=\"ProductDescription-Paragraph\">\n<h4 class=\"ProductDescription-ParagraphTitle\">Hochmoderne WiFi 7-Konnektivit\u00e4t<\/h4>\n<p>Der UniFi Dream Router 7 bietet modernste WLAN-Performance mit Unterst\u00fctzung f\u00fcr WiFi 7 (802.11be), was ultraschnelle Daten\u00fcbertragungen von bis zu 5.7 Gbps im 6-GHz-Band erm\u00f6glicht. Dank Multi-User MIMO (MU-MIMO) und OFDMA wird eine zuverl\u00e4ssige Abdeckung f\u00fcr bis zu 300+ gleichzeitige Verbindungen sichergestellt \u2013 ideal f\u00fcr Smart Homes, B\u00fcros und Unternehmen mit hohen Netzwerkanforderungen.<\/p>\n<\/div>\n<div class=\"ProductDescription-Paragraph\">\n<h4 class=\"ProductDescription-ParagraphTitle\">Erweiterte Sicherheit und Firewall-Funktionen<\/h4>\n<p>Mit einer integrierten Stateful Firewall und Deep Packet Inspection (DPI) sch\u00fctzt der UDR7 Ihr Netzwerk effektiv vor Bedrohungen. Die fortschrittliche Intrusion Detection and Prevention (IDS\/IPS) erkennt und blockiert Angriffe in Echtzeit. Zudem erm\u00f6glicht das Content Filtering eine gezielte Verwaltung von Webseiten, Anwendungen und Benutzergruppen f\u00fcr eine optimale Netzwerksicherheit.<\/p>\n<\/div>\n<div class=\"ProductDescription-Paragraph\">\n<h4 class=\"ProductDescription-ParagraphTitle\">Flexibles Netzwerkmanagement &amp; VPN-Support<\/h4>\n<p>Der UniFi Dream Router 7 unterst\u00fctzt Site-to-Site VPNs, IPsec, OpenVPN und das innovative WireGuard VPN f\u00fcr sichere, hochleistungsf\u00e4hige Verbindungen. Mit der Zero-Configuration VPN-Teleport-Funktion k\u00f6nnen Remote-Benutzer mit nur einem Klick eine sichere Verbindung zu ihrem Heim- oder Firmennetzwerk herstellen. Zus\u00e4tzlich sorgt die Multi-WAN-Funktionalit\u00e4t f\u00fcr h\u00f6chste Ausfallsicherheit durch Load Balancing und Failover-Unterst\u00fctzung.<\/p>\n<\/div>\n<div class=\"ProductDescription-Paragraph\">\n<h4 class=\"ProductDescription-ParagraphTitle\">Ubiquiti Inc.<\/h4>\n<p>Ubiquiti Inc. ist ein amerikanischer Hersteller von leistungsf\u00e4higen Netzwerkkomponenten. Das Ziel von Ubiquiti ist es, hochmoderne und einfach zu implementierende Kommunikationsl\u00f6sungen f\u00fcr einen globalen Kundenstamm bereitzustellen. Die Firma wurde 2005 gegr\u00fcndet und stellte am Anfang WLAN-Adapter f\u00fcr PCs her. Sp\u00e4ter wurde das Angebot um Ger\u00e4te wie WLAN-Router, insbesondere f\u00fcr den Aussenbereich erweitert. Unterdessen werden auch Switche und \u00dcberwachungskameras von der Firma hergestellt. Ubiquiti Produkte \u00fcberzeugen dabei generell durch ihre \u00fcberlegene Leistung, cleveres mechanisches Design und einfache Bedienung.<\/p>\n<\/div>\n<div class=\"ProductDescription-Paragraph\">\n<h4 class=\"ProductDescription-ParagraphTitle\">WLAN-Standard 802.11ac (Wi-Fi 5)<\/h4>\n<p>Der WLAN-Standard 802.11ac bietet Ihnen bis zu doppelt so viel Datendurchsatz wie \u00e4ltere Standards. Die Steigerung gelingt zum einem, indem die \u00dcbertragungsbandbreite verbreitert wurde. Zus\u00e4tzlich l\u00e4sst sich mit 802.11ac die Anzahl der parallelen Datenstr\u00f6me (Multiple Input Multiple Output, kurz: MIMO) auf bis zu acht MIMO-Streams erh\u00f6hen, w\u00e4hrend im 802.11n-Standard maximal vier MIMO-Streams definiert sind. Auch grosse Datenbrocken wie Videos und Backups stellen mit dieser WLAN-Geschwindigkeit kein Problem dar.<\/p>\n<\/div>\n<div class=\"ProductDescription-Paragraph\">\n<h4 class=\"ProductDescription-ParagraphTitle\">WLAN-Standard 802.11ax (Wi-Fi 6)<\/h4>\n<p>Der 802.11ax Standard ist die n\u00e4chste Generation des WLAN-Standards, der seit Jahren kontinuierlich weiterentwickelt wird und mit dieser auch als WLAN 6 bezeichneten Version einmal mehr eine Innovation einf\u00fchrt. Der Standard baut auf den Vorteilen des 802.11ac Standards auf und erweitert sie um Effizienz, Flexibilit\u00e4t und Skalierbarkeit. So erm\u00f6glicht dieser h\u00f6here Geschwindigkeiten und Kapazit\u00e4ten f\u00fcr Anwendungen der n\u00e4chsten Generation, sowohl in neuen als auch in bereits vorhandenen Netzwerken.<\/p>\n<\/div>\n<div class=\"ProductDescription-Paragraph\">\n<h4 class=\"ProductDescription-ParagraphTitle\">WLAN-Standard 802.11be (Wi-Fi 7)<\/h4>\n<p>Wi-Fi 7, auch als IEEE 802.11be bekannt, ist die neueste Generation drahtloser Netzwerkstandards. Mit h\u00f6heren Datenraten, verbesserter Effizienz durch MU-MIMO-Technologie, geringerer Latenz und verbesserter Zuverl\u00e4ssigkeit durch Bss Coloring und TWT verspricht Wi-Fi 7 eine schnellere, zuverl\u00e4ssigere und effizientere drahtlose Konnektivit\u00e4t. Zudem unterst\u00fctzt es eine breitere Palette von Frequenzb\u00e4ndern, um unterschiedlichen Umgebungen gerecht zu werden.<\/p>\n<\/div>\n","protected":false},"excerpt":{"rendered":"<ul class=\"cds-List cds-AttributesList cds-List--Piped cds-AttributesList--WithPadding ProductData-Attributes\">\n<li>Anwendungsbereich: Business; Home; Small\/Medium Business<\/li>\n<li>RJ-45 Anschl\u00fcsse: 4 2.5 Gbit\/s, WAN Anschl\u00fcsse: 2, 10G SFP+ WAN<\/li>\n<li>WLAN Standard: IEEE 802.11a (Wi-Fi 1); IEEE 802.11ac (Wi-Fi 5); IEEE 802.11ax (Wi-Fi 6); IEEE 802.11b (Wi-Fi 2); IEEE 802.11be (Wi-Fi 7); IEEE 802.11g (Wi-Fi 3); IEEE 802.11n (Wi-Fi 4), Frequenzband: 2.4 GHz\/5 GHz\/6 GHz, WLAN Geschwindigkeit Max.: 10700 Mbit\/s<\/li>\n<li>Integrierte VPN-Funktionen mit IPsec, OpenVPN, WireGuard und Zero-Config-Teleport<\/li>\n<li>Optimierte SD-WAN-Funktionalit\u00e4t f\u00fcr Multi-WAN Load Balancing und Traffic-Routing<\/li>\n<li>Smart Home &amp; IoT ready mit UniFi Access, Protect und Talk Integration<\/li>\n<\/ul>\n","protected":false},"featured_media":11088,"comment_status":"open","ping_status":"closed","template":"","meta":[],"product_brand":[212],"product_cat":[21,83,66,167],"product_tag":[],"class_list":{"0":"post-11087","1":"product","2":"type-product","3":"status-publish","4":"has-post-thumbnail","6":"product_brand-ubiquiti","7":"product_cat-it-produkte","8":"product_cat-controller","9":"product_cat-wlan-router","10":"product_cat-lan-router","12":"first","13":"instock","14":"taxable","15":"shipping-taxable","16":"purchasable","17":"product-type-simple"},"_links":{"self":[{"href":"https:\/\/spuehler-tv.ch\/onlineshop\/wp-json\/wp\/v2\/product\/11087","targetHints":{"allow":["GET"]}}],"collection":[{"href":"https:\/\/spuehler-tv.ch\/onlineshop\/wp-json\/wp\/v2\/product"}],"about":[{"href":"https:\/\/spuehler-tv.ch\/onlineshop\/wp-json\/wp\/v2\/types\/product"}],"replies":[{"embeddable":true,"href":"https:\/\/spuehler-tv.ch\/onlineshop\/wp-json\/wp\/v2\/comments?post=11087"}],"wp:featuredmedia":[{"embeddable":true,"href":"https:\/\/spuehler-tv.ch\/onlineshop\/wp-json\/wp\/v2\/media\/11088"}],"wp:attachment":[{"href":"https:\/\/spuehler-tv.ch\/onlineshop\/wp-json\/wp\/v2\/media?parent=11087"}],"wp:term":[{"taxonomy":"product_brand","embeddable":true,"href":"https:\/\/spuehler-tv.ch\/onlineshop\/wp-json\/wp\/v2\/product_brand?post=11087"},{"taxonomy":"product_cat","embeddable":true,"href":"https:\/\/spuehler-tv.ch\/onlineshop\/wp-json\/wp\/v2\/product_cat?post=11087"},{"taxonomy":"product_tag","embeddable":true,"href":"https:\/\/spuehler-tv.ch\/onlineshop\/wp-json\/wp\/v2\/product_tag?post=11087"}],"curies":[{"name":"wp","href":"https:\/\/api.w.org\/{rel}","templated":true}]}}