{"id":11085,"date":"2025-06-19T14:26:24","date_gmt":"2025-06-19T13:26:24","guid":{"rendered":"https:\/\/spuehler-tv.ch\/onlineshop\/?post_type=product&#038;p=11085"},"modified":"2026-01-06T15:02:00","modified_gmt":"2026-01-06T14:02:00","slug":"unifi-u7-pro-ubiquiti-hochleistungs-wifi-7-ap-mit-2-5-gbe-tri-band","status":"publish","type":"product","link":"https:\/\/spuehler-tv.ch\/onlineshop\/produkt\/unifi-u7-pro-ubiquiti-hochleistungs-wifi-7-ap-mit-2-5-gbe-tri-band\/","title":{"rendered":"UniFi U7 Pro (Ubiquiti) &#8211; Hochleistungs-WiFi 7 AP mit 2.5 GbE, Tri-Band"},"content":{"rendered":"<p class=\"ProductDescription-Lead\">Der UniFi U7 Pro ist ein erstklassiger WiFi 7 Access Point, konzipiert, um die wachsenden Anforderungen moderner Netzwerke zu erf\u00fcllen. Mit seinem eleganten Design und den fortschrittlichen technischen Spezifikationen bietet er sowohl f\u00fcr Heimnetzwerke als auch f\u00fcr professionelle Umgebungen eine Reihe von Vorteilen. Der UniFi U7 Pro zeichnet sich durch einen 2.5 GbE RJ45-Port aus und unterst\u00fctzt Tri-Band-Frequenzen mit beeindruckenden maximalen Durchsatzraten von bis zu 5765 Mbps. Die 2 x 2 MIMO-Technologie in allen drei B\u00e4ndern (2.4, 5, und 6 GHz) optimiert die Signalst\u00e4rke und sorgt f\u00fcr eine stabile und schnelle Verbindung. Zudem ist der Access Point mit PoE+ kompatibel, was eine flexible Installation und Energieversorgung erm\u00f6glicht. Diese technischen Merkmale erm\u00f6glichen eine ausserordentliche Netzwerkleistung und -abdeckung. Die hohe Geschwindigkeit und die effiziente Bandbreitennutzung des UniFi U7 Pro garantieren, dass selbst in dicht besiedelten Gebieten oder bei zahlreichen gleichzeitigen Nutzern keine Einbussen in der Verbindungsqualit\u00e4t auftreten. Die PoE+-Unterst\u00fctzung erleichtert die Installation in verschiedenen Umgebungen, ohne auf Steckdosen angewiesen zu sein. F\u00fcr den idealen Kunden \u2013 sei es ein Technikenthusiast zu Hause oder ein IT-Verantwortlicher in einem Unternehmen \u2013 bietet der UniFi U7 Pro eine zukunftssichere L\u00f6sung, um mit den steigenden Anforderungen an das Heim- oder Firmennetzwerk Schritt zu halten. Er gew\u00e4hrleistet eine nahtlose, hochleistungsf\u00e4hige Internetverbindung f\u00fcr Streaming, Gaming, Videokonferenzen und andere bandbreitenintensive Anwendungen. Die einfache Integration in bestehende Netzwerke und die robuste Bauweise des UniFi U7 Pro machen ihn zu einer langfristigen, zuverl\u00e4ssigen Investition in Ihr Netzwerk. Mit dem UniFi U7 Pro erleben Sie ein neues Level an Netzwerkperformance, Flexibilit\u00e4t und Zuverl\u00e4ssigkeit, was Ihnen erlaubt, sich auf das Wesentliche zu konzentrieren, sei es bei der Arbeit oder in der Freizeit.<\/p>\n<div class=\"ProductDescription-Paragraph\">\n<h4 class=\"ProductDescription-ParagraphTitle\">Ubiquiti Inc.<\/h4>\n<p>Ubiquiti Inc. ist ein amerikanischer Hersteller von leistungsf\u00e4higen Netzwerkkomponenten. Das Ziel von Ubiquiti ist es, hochmoderne und einfach zu implementierende Kommunikationsl\u00f6sungen f\u00fcr einen globalen Kundenstamm bereitzustellen. Die Firma wurde 2005 gegr\u00fcndet und stellte am Anfang WLAN-Adapter f\u00fcr PCs her. Sp\u00e4ter wurde das Angebot um Ger\u00e4te wie WLAN-Router, insbesondere f\u00fcr den Aussenbereich erweitert. Unterdessen werden auch Switche und \u00dcberwachungskameras von der Firma hergestellt. Ubiquiti Produkte \u00fcberzeugen dabei generell durch ihre \u00fcberlegene Leistung, cleveres mechanisches Design und einfache Bedienung.<\/p>\n<\/div>\n<div class=\"ProductDescription-Paragraph\">\n<h4 class=\"ProductDescription-ParagraphTitle\">WLAN-Standard 802.11ax (Wi-Fi 6)<\/h4>\n<p>Der 802.11ax Standard ist die n\u00e4chste Generation des WLAN-Standards, der seit Jahren kontinuierlich weiterentwickelt wird und mit dieser auch als WLAN 6 bezeichneten Version einmal mehr eine Innovation einf\u00fchrt. Der Standard baut auf den Vorteilen des 802.11ac Standards auf und erweitert sie um Effizienz, Flexibilit\u00e4t und Skalierbarkeit. So erm\u00f6glicht dieser h\u00f6here Geschwindigkeiten und Kapazit\u00e4ten f\u00fcr Anwendungen der n\u00e4chsten Generation, sowohl in neuen als auch in bereits vorhandenen Netzwerken.<\/p>\n<\/div>\n<div class=\"ProductDescription-Paragraph\">\n<h4 class=\"ProductDescription-ParagraphTitle\">WLAN-Standard 802.11be (Wi-Fi 7)<\/h4>\n<p>Wi-Fi 7, auch als IEEE 802.11be bekannt, ist die neueste Generation drahtloser Netzwerkstandards. Mit h\u00f6heren Datenraten, verbesserter Effizienz durch MU-MIMO-Technologie, geringerer Latenz und verbesserter Zuverl\u00e4ssigkeit durch Bss Coloring und TWT verspricht Wi-Fi 7 eine schnellere, zuverl\u00e4ssigere und effizientere drahtlose Konnektivit\u00e4t. Zudem unterst\u00fctzt es eine breitere Palette von Frequenzb\u00e4ndern, um unterschiedlichen Umgebungen gerecht zu werden.<\/p>\n<\/div>\n<div class=\"ProductDescription-Paragraph\">\n<h4 class=\"ProductDescription-ParagraphTitle\">WLAN-Standard 802.11ac (Wi-Fi 5)<\/h4>\n<p>Der WLAN-Standard 802.11ac bietet Ihnen bis zu doppelt so viel Datendurchsatz wie \u00e4ltere Standards. Die Steigerung gelingt zum einem, indem die \u00dcbertragungsbandbreite verbreitert wurde. Zus\u00e4tzlich l\u00e4sst sich mit 802.11ac die Anzahl der parallelen Datenstr\u00f6me (Multiple Input Multiple Output, kurz: MIMO) auf bis zu acht MIMO-Streams erh\u00f6hen, w\u00e4hrend im 802.11n-Standard maximal vier MIMO-Streams definiert sind. Auch grosse Datenbrocken wie Videos und Backups stellen mit dieser WLAN-Geschwindigkeit kein Problem dar.<\/p>\n<\/div>\n<div class=\"ProductDescription-Paragraph\">\n<h4 class=\"ProductDescription-ParagraphTitle\">Einfache Installation dank PoE<\/h4>\n<p>Dieses netzwerkf\u00e4hige Ger\u00e4t wird mittels Power over Ethernet (PoE) \u00fcber das LAN-Kabel mit Strom versorgt. Der Hauptvorteil von PoE ist, dass Sie kein Stromversorgungskabel ben\u00f6tigen. So k\u00f6nnen Sie auch an schwer zug\u00e4nglichen Stellen oder in Bereichen, in denen viele Kabel st\u00f6ren w\u00fcrden, Ethernet-angebundene Ger\u00e4te installieren. Sie sparen Installationskosten und k\u00f6nnen auf Wunsch durch den Einsatz einer zentralen unterbrechungsfreien Stromversorgung (USV) die Ausfallsicherheit der angeschlossenen Ger\u00e4te erh\u00f6hen.<\/p>\n<\/div>\n<div class=\"ProductDescription-Paragraph\">\n<h4 class=\"ProductDescription-ParagraphTitle\">Multi-User MIMO\/ MU-MIMO<\/h4>\n<p>Als Teil der Wave 2-Weiterentwicklung des 802.11ac-Standards wurde die Multi-User-MIMO-Technik eingef\u00fchrt. Durch die Nutzung von Multi-User-MIMO kann dieses Ger\u00e4t Daten an mehrere Ger\u00e4te gleichzeitig streamen. Damit kann Ihr WLAN-Netzwerk schnelleren Durchsatz zu jedem angebundenen Client liefern. Das bedeutet schnellere Downloads und verz\u00f6gerungsfreies Streaming f\u00fcr Ihre Ger\u00e4te.<\/p>\n<\/div>\n","protected":false},"excerpt":{"rendered":"<ul class=\"cds-List cds-AttributesList cds-List--Piped cds-AttributesList--WithPadding ProductData-Attributes\">\n<li>WLAN Standard: IEEE 802.11a (Wi-Fi 1), IEEE 802.11ac (Wi-Fi 5), IEEE 802.11ax (Wi-Fi 6), IEEE 802.11b (Wi-Fi 2), IEEE 802.11be (Wi-Fi 7), IEEE 802.11g (Wi-Fi 3), IEEE 802.11n (Wi-Fi 4)<\/li>\n<li>\u00dcbertragungsraten von bis zu 688 Mbit\/s auf 2.4 GHz und 4320 Mbit\/s auf 5 GHz<\/li>\n<li>Features: Access Point, Gast-WLAN, VLAN<\/li>\n<li>Montage: Decke\/Wand<\/li>\n<li>WiFi 7 mit 6 GHz-Unterst\u00fctzung, 140 m\u00b2 Abdeckung, 2.5-GbE-Uplink<\/li>\n<li>\u00dcber 300 Clients, Stromversorgung \u00fcber PoE+(nicht im Lieferumfang enthalten)<\/li>\n<\/ul>\n","protected":false},"featured_media":11086,"comment_status":"open","ping_status":"closed","template":"","meta":[],"product_brand":[212],"product_cat":[21,80],"product_tag":[],"class_list":{"0":"post-11085","1":"product","2":"type-product","3":"status-publish","4":"has-post-thumbnail","6":"product_brand-ubiquiti","7":"product_cat-it-produkte","8":"product_cat-access-points","10":"first","11":"instock","12":"taxable","13":"shipping-taxable","14":"purchasable","15":"product-type-simple"},"_links":{"self":[{"href":"https:\/\/spuehler-tv.ch\/onlineshop\/wp-json\/wp\/v2\/product\/11085","targetHints":{"allow":["GET"]}}],"collection":[{"href":"https:\/\/spuehler-tv.ch\/onlineshop\/wp-json\/wp\/v2\/product"}],"about":[{"href":"https:\/\/spuehler-tv.ch\/onlineshop\/wp-json\/wp\/v2\/types\/product"}],"replies":[{"embeddable":true,"href":"https:\/\/spuehler-tv.ch\/onlineshop\/wp-json\/wp\/v2\/comments?post=11085"}],"wp:featuredmedia":[{"embeddable":true,"href":"https:\/\/spuehler-tv.ch\/onlineshop\/wp-json\/wp\/v2\/media\/11086"}],"wp:attachment":[{"href":"https:\/\/spuehler-tv.ch\/onlineshop\/wp-json\/wp\/v2\/media?parent=11085"}],"wp:term":[{"taxonomy":"product_brand","embeddable":true,"href":"https:\/\/spuehler-tv.ch\/onlineshop\/wp-json\/wp\/v2\/product_brand?post=11085"},{"taxonomy":"product_cat","embeddable":true,"href":"https:\/\/spuehler-tv.ch\/onlineshop\/wp-json\/wp\/v2\/product_cat?post=11085"},{"taxonomy":"product_tag","embeddable":true,"href":"https:\/\/spuehler-tv.ch\/onlineshop\/wp-json\/wp\/v2\/product_tag?post=11085"}],"curies":[{"name":"wp","href":"https:\/\/api.w.org\/{rel}","templated":true}]}}