{"id":10921,"date":"2025-04-15T12:40:08","date_gmt":"2025-04-15T11:40:08","guid":{"rendered":"https:\/\/spuehler-tv.ch\/onlineshop\/?post_type=product&#038;p=10921"},"modified":"2026-01-23T15:05:21","modified_gmt":"2026-01-23T14:05:21","slug":"oled55g59-lg-139cm-uhd-gallery-oled-tv-webos-standfuss","status":"publish","type":"product","link":"https:\/\/spuehler-tv.ch\/onlineshop\/produkt\/oled55g59-lg-139cm-uhd-gallery-oled-tv-webos-standfuss\/","title":{"rendered":"OLED55G59 (LG) &#8211; 139cm UHD Gallery OLED TV WebOS &#8211; Standfuss"},"content":{"rendered":"<h2 class=\"ProductDescription-Title\">LG TV OLED55G59LS 55&#8243;, 3840 x 2160 (Ultra HD 4K), OLED<\/h2>\n<h3 class=\"ProductDescription-Subtitle\">4K OLED evo AI TV im Gallery Design mit Brightness Booster Ultimate f\u00fcr hellste, brillante Bilder<\/h3>\n<ul class=\"cds-List cds-AttributesList cds-List--Bulleted cds-AttributesList--WithPadding\">\n<li>55 &#8221; (139 cm) OLED-Fernseher mit einer Aufl\u00f6sung von 3840 x 2160 (Ultra HD 4K)<\/li>\n<li>Gallery Design f\u00fcr eine flache und l\u00fcckenlose Wandmontage wie ein Kunstwerk an der Wand<\/li>\n<li>\u039111 Gen2 4K AI-Prozessor mit zahlreichen AI-Funktionen optimiert automatisch Bild und Sound<\/li>\n<li>Filmmaker Ambient Mode, Dolby Vision und Dolby Atmos f\u00fcr kinogleiches Entertainment<\/li>\n<li>Fl\u00fcssiges Gaming mit bis zu 4K @ 165 Hz, Nvidia G-Sync und AMD FreeSync<\/li>\n<li>Unterst\u00fctzt HGiG f\u00fcr \u00fcberzeugende HDR-Darstellung<\/li>\n<\/ul>\n<p class=\"ProductDescription-Lead\">Der LG TV OLED55G59LS ist ein 55-Zoll 4K OLED evo AI TV, der mit der revolution\u00e4ren Brightness Booster Ultimate Technologie ausgestattet ist. Diese sorgt f\u00fcr hellste und brillante Bilder, die lebendige Farben und tiefes Schwarz bieten. Ideal f\u00fcr ein beeindruckendes Seherlebnis in jedem Raum.<\/p>\n<div class=\"ProductDescription-Paragraph\">\n<h4 class=\"ProductDescription-ParagraphTitle\">\u00abFilmmaker Mode\u00bb Filme wie im Kino erleben<\/h4>\n<p>Der Prozessor passt das Bild automatisch an, indem er die Bewegungsgl\u00e4ttung ausschaltet. Dadurch entsteht ein authentischer Kinoeffekt. Schauen Sie Filme so, wie sie von den Filmemachern gedacht waren und erleben Sie echten Kinohochgenuss. Lassen Sie sich von den Branchen-Experten \u00fcberzeugen.<\/p>\n<\/div>\n<div class=\"ProductDescription-Paragraph\">\n<h4 class=\"ProductDescription-ParagraphTitle\">HDMI eARC-Anschluss: Dolby TrueHD und DTS-HD in voller Aufl\u00f6sung<\/h4>\n<p>Sch\u00f6pfen Sie das volle Potenzial Ihrer 4K-Inhalte aus. Enhanced Audio Return Channel (auch als eARC bekannt) ist die n\u00e4chste Generation von ARC. eARC liefert Mehrkanal-Audioformate wie Dolby TrueHD und DTS-HD in voller Aufl\u00f6sung \u00fcber Ihren bestehenden HDMI-Anschluss und bietet Ihnen so ein realistisches Surround-Sound-Erlebnis, bei dem Sie in Ihre Lieblingsfilme und -momente eintauchen k\u00f6nnen.<\/p>\n<\/div>\n","protected":false},"excerpt":{"rendered":"<p>LG TV OLED55G59LS 55&#8243;, 3840 x 2160 (Ultra HD 4K), OLED 4K OLED evo AI TV im Gallery Design mit Brightness Booster Ultimate f\u00fcr hellste, brillante Bilder 55 &#8221; (139 cm) OLED-Fernseher mit einer Aufl\u00f6sung von 3840 x 2160 (Ultra HD 4K) Gallery Design f\u00fcr eine flache und l\u00fcckenlose Wandmontage wie ein Kunstwerk an der [&hellip;]<\/p>\n","protected":false},"featured_media":10922,"comment_status":"open","ping_status":"closed","template":"","meta":[],"product_brand":[215],"product_cat":[19,226,143,29],"product_tag":[],"class_list":{"0":"post-10921","1":"product","2":"type-product","3":"status-publish","4":"has-post-thumbnail","6":"product_brand-lg","7":"product_cat-tv-geraete","8":"product_cat-sale","9":"product_cat-austellungsgeraete-spezialangebote","10":"product_cat-oled-tv-55-65-139cm-165cm","11":"product_shipping_class-lieferung-basic-tv","13":"first","14":"instock","15":"sale","16":"taxable","17":"shipping-taxable","18":"purchasable","19":"product-type-simple"},"_links":{"self":[{"href":"https:\/\/spuehler-tv.ch\/onlineshop\/wp-json\/wp\/v2\/product\/10921","targetHints":{"allow":["GET"]}}],"collection":[{"href":"https:\/\/spuehler-tv.ch\/onlineshop\/wp-json\/wp\/v2\/product"}],"about":[{"href":"https:\/\/spuehler-tv.ch\/onlineshop\/wp-json\/wp\/v2\/types\/product"}],"replies":[{"embeddable":true,"href":"https:\/\/spuehler-tv.ch\/onlineshop\/wp-json\/wp\/v2\/comments?post=10921"}],"wp:featuredmedia":[{"embeddable":true,"href":"https:\/\/spuehler-tv.ch\/onlineshop\/wp-json\/wp\/v2\/media\/10922"}],"wp:attachment":[{"href":"https:\/\/spuehler-tv.ch\/onlineshop\/wp-json\/wp\/v2\/media?parent=10921"}],"wp:term":[{"taxonomy":"product_brand","embeddable":true,"href":"https:\/\/spuehler-tv.ch\/onlineshop\/wp-json\/wp\/v2\/product_brand?post=10921"},{"taxonomy":"product_cat","embeddable":true,"href":"https:\/\/spuehler-tv.ch\/onlineshop\/wp-json\/wp\/v2\/product_cat?post=10921"},{"taxonomy":"product_tag","embeddable":true,"href":"https:\/\/spuehler-tv.ch\/onlineshop\/wp-json\/wp\/v2\/product_tag?post=10921"}],"curies":[{"name":"wp","href":"https:\/\/api.w.org\/{rel}","templated":true}]}}