{"id":10895,"date":"2025-04-15T07:56:43","date_gmt":"2025-04-15T06:56:43","guid":{"rendered":"https:\/\/spuehler-tv.ch\/onlineshop\/?post_type=product&#038;p=10895"},"modified":"2026-01-06T15:10:26","modified_gmt":"2026-01-06T14:10:26","slug":"oled48c59-lg-122cm-uhd-oled-tv-webos","status":"publish","type":"product","link":"https:\/\/spuehler-tv.ch\/onlineshop\/produkt\/oled48c59-lg-122cm-uhd-oled-tv-webos\/","title":{"rendered":"OLED48C59 (LG) &#8211; 122cm UHD OLED TV WebOS"},"content":{"rendered":"<h2 class=\"ProductDescription-Title\">LG TV 48C59 48&#8243;, 3840 x 2160 (Ultra HD 4K), OLED<\/h2>\n<h3 class=\"ProductDescription-Subtitle\">4K OLED evo AI TV mit perfektem Schwarz und satten Farben<\/h3>\n<ul class=\"cds-List cds-AttributesList cds-List--Bulleted cds-AttributesList--WithPadding\">\n<li>48 &#8221; (121 cm) OLED-Fernseher mit einer Aufl\u00f6sung von 3840 x 2160 (Ultra HD 4K)<\/li>\n<li>\u03919 Gen8 4K AI-Prozessor mit zahlreichen AI-Funktionen f\u00fcr bestm\u00f6gliche Bildqualit\u00e4t und optimalen Sound<\/li>\n<li>Filmmaker Ambient Mode, Dolby Vision und Dolby Atmos f\u00fcr kinogleiches Entertainment<\/li>\n<li>WebOS 25 und AI Magic Remote- Fernbedienung f\u00fcr komfortable Bedienung<\/li>\n<li>Fl\u00fcssiges Gaming mit bis zu 4K @ 144 Hz, Nvidia G-Sync und AMD FreeSync<\/li>\n<li>Bequeme Steuerung dank Hands-Free Voice Control<\/li>\n<\/ul>\n<p class=\"ProductDescription-Lead\">Tauchen Sie mit dem neuen LG OLED evo AI TV C5 ein in Bilder, die dank des 4K OLED evo Displays mit perfektem Schwarz und satten Farben \u00fcberzeugen. Der \u03b19 Gen8 4K AI-Prozessor sorgt dabei automatisch f\u00fcr die bestm\u00f6gliche Bildqualit\u00e4t und optimalen Sound. F\u00fcr Filmfans verwandeln der Filmmaker Ambient Mode mit Raumlichterkennung, Dolby Vision und Dolby Atmos Ihr Zuhause in ein exklusives Heimkino. Auch Gamer k\u00f6nnen ein fl\u00fcssiges, reaktionsschnelles Gameplay mit bis zu 4K @ 144 Hz geniessen, unterst\u00fctzt durch Nvidia G-Sync und AMD FreeSync. Die \u00fcbersichtliche webOS 25 Oberfl\u00e4che mit einer 4-j\u00e4hrigen Upgrade-Garantie und die AI Magic Remote-Fernbedienung mit dem neuen \u00abAI Button\u00bb machen die Bedienung zum Kinderspiel. Kein langes Suchen, keine komplizierten Men\u00fcs \u2013 alles ist nur einen Klick entfernt. Der LG OLED evo AI TV C5 \u2013 f\u00fcr atemberaubendes Entertainment voller Brillanz.<\/p>\n<div class=\"ProductDescription-Paragraph\">\n<h4 class=\"ProductDescription-ParagraphTitle\">9 Intelligent-Processor<\/h4>\n<p>Unter Verwendung von LGs eigener Quad-Step-Verarbeitungstechnik schafft der intelligente 9-Prozessor klarere Bilder, indem K\u00f6rnung und Bildrauschen im Vergleich zur konventionellen Technik doppelt so stark reduziert werden. Der Sch\u00e4rfe-Verst\u00e4rker (Sharpness Enhancer) des 9-Prozessors hebt feine Details und Strukturen durch Akzentuierung der Objektr\u00e4nder im Bild hervor. Das schafft eine gr\u00f6ssere Tiefe, aussergew\u00f6hnliche Details und realistischere Bilder. Mit HFR ist der 9-Prozessor zudem in der Lage, Inhalte mit bis zu 120 Bildern pro Sekunde abzuspielen und seine Laufruhe sogar bei schnellen Bewegungen zu bewahren.<\/p>\n<\/div>\n<div class=\"ProductDescription-Paragraph\">\n<h4 class=\"ProductDescription-ParagraphTitle\">\u00abFilmmaker Mode\u00bb Filme wie im Kino erleben<\/h4>\n<p>Der Prozessor passt das Bild automatisch an, indem er die Bewegungsgl\u00e4ttung ausschaltet. Dadurch entsteht ein authentischer Kinoeffekt. Schauen Sie Filme so, wie sie von den Filmemachern gedacht waren und erleben Sie echten Kinohochgenuss. Lassen Sie sich von den Branchen-Experten \u00fcberzeugen.<\/p>\n<\/div>\n<div class=\"ProductDescription-Paragraph\">\n<h4 class=\"ProductDescription-ParagraphTitle\">HDMI eARC-Anschluss: Dolby TrueHD und DTS-HD in voller Aufl\u00f6sung<\/h4>\n<p>Sch\u00f6pfen Sie das volle Potenzial Ihrer 4K-Inhalte aus. Enhanced Audio Return Channel (auch als eARC bekannt) ist die n\u00e4chste Generation von ARC. eARC liefert Mehrkanal-Audioformate wie Dolby TrueHD und DTS-HD in voller Aufl\u00f6sung \u00fcber Ihren bestehenden HDMI-Anschluss und bietet Ihnen so ein realistisches Surround-Sound-Erlebnis, bei dem Sie in Ihre Lieblingsfilme und -momente eintauchen k\u00f6nnen.<\/p>\n<\/div>\n","protected":false},"excerpt":{"rendered":"<p>LG TV 48C59 48&#8243;, 3840 x 2160 (Ultra HD 4K), OLED 4K OLED evo AI TV mit perfektem Schwarz und satten Farben 48 &#8221; (121 cm) OLED-Fernseher mit einer Aufl\u00f6sung von 3840 x 2160 (Ultra HD 4K) \u03919 Gen8 4K AI-Prozessor mit zahlreichen AI-Funktionen f\u00fcr bestm\u00f6gliche Bildqualit\u00e4t und optimalen Sound Filmmaker Ambient Mode, Dolby Vision [&hellip;]<\/p>\n","protected":false},"featured_media":10896,"comment_status":"open","ping_status":"closed","template":"","meta":[],"product_brand":[215],"product_cat":[19,74],"product_tag":[],"class_list":{"0":"post-10895","1":"product","2":"type-product","3":"status-publish","4":"has-post-thumbnail","6":"product_brand-lg","7":"product_cat-tv-geraete","8":"product_cat-oled-tv-48-122cm","9":"product_shipping_class-lieferung-basic-tv","11":"first","12":"onbackorder","13":"taxable","14":"shipping-taxable","15":"purchasable","16":"product-type-simple"},"_links":{"self":[{"href":"https:\/\/spuehler-tv.ch\/onlineshop\/wp-json\/wp\/v2\/product\/10895","targetHints":{"allow":["GET"]}}],"collection":[{"href":"https:\/\/spuehler-tv.ch\/onlineshop\/wp-json\/wp\/v2\/product"}],"about":[{"href":"https:\/\/spuehler-tv.ch\/onlineshop\/wp-json\/wp\/v2\/types\/product"}],"replies":[{"embeddable":true,"href":"https:\/\/spuehler-tv.ch\/onlineshop\/wp-json\/wp\/v2\/comments?post=10895"}],"wp:featuredmedia":[{"embeddable":true,"href":"https:\/\/spuehler-tv.ch\/onlineshop\/wp-json\/wp\/v2\/media\/10896"}],"wp:attachment":[{"href":"https:\/\/spuehler-tv.ch\/onlineshop\/wp-json\/wp\/v2\/media?parent=10895"}],"wp:term":[{"taxonomy":"product_brand","embeddable":true,"href":"https:\/\/spuehler-tv.ch\/onlineshop\/wp-json\/wp\/v2\/product_brand?post=10895"},{"taxonomy":"product_cat","embeddable":true,"href":"https:\/\/spuehler-tv.ch\/onlineshop\/wp-json\/wp\/v2\/product_cat?post=10895"},{"taxonomy":"product_tag","embeddable":true,"href":"https:\/\/spuehler-tv.ch\/onlineshop\/wp-json\/wp\/v2\/product_tag?post=10895"}],"curies":[{"name":"wp","href":"https:\/\/api.w.org\/{rel}","templated":true}]}}