{"id":10869,"date":"2025-03-27T11:32:59","date_gmt":"2025-03-27T10:32:59","guid":{"rendered":"https:\/\/spuehler-tv.ch\/onlineshop\/?post_type=product&#038;p=10869"},"modified":"2026-01-06T15:14:00","modified_gmt":"2026-01-06T14:14:00","slug":"galaxy-a56-5g-a566b-samsung-android-smartphone","status":"publish","type":"product","link":"https:\/\/spuehler-tv.ch\/onlineshop\/produkt\/galaxy-a56-5g-a566b-samsung-android-smartphone\/","title":{"rendered":"Galaxy A56 5G A566B (Samsung) &#8211; Android Smartphone"},"content":{"rendered":"<h2 class=\"ProductDescription-Title\">Samsung Galaxy A56 5G<\/h2>\n<h3 class=\"ProductDescription-Subtitle\">Schlankes Android-Smartphone mit kristallklarem 120 Hz S-AMOLED-Display<\/h3>\n<ul class=\"cds-List cds-AttributesList cds-List--Bulleted cds-AttributesList--WithPadding\">\n<li>Exynos 1580 Octa-Core-Prozessor mit 2.9 GHz, 8 GB RAM, 128 GB interner Speicher<\/li>\n<li>6.7&#8243;-Super-AMOLED-Touchdisplay mit 120 Hz Refresh Rate und einer Aufl\u00f6sung von 2340 x 1080 px (FHD+)<\/li>\n<li>12-Mpx-Frontkamera (f\/2.2-Blende), 50+12+5 Mpx Triple-Hauptkamera (f\/1.8-Blende, OIS, Ultra-Weitwinkel, Makro)<\/li>\n<li>5G (Dual-SIM), 802.11ax WLAN, Bluetooth 5.4, GPS\/Glonass\/Beidou\/Galileo\/QZSS, USB-C<\/li>\n<li>On-Screen-Fingerabdruckscanner, Knox-Sicherheitsplattform, Wasserresistent (IP67)<\/li>\n<li>5000 mAh Akku mit Fast Charging-Technologie (bis 45 W)<\/li>\n<\/ul>\n<div class=\"ProductDescription-Paragraph\">\n<h4 class=\"ProductDescription-ParagraphTitle\">Multi-SIM-Funktionalit\u00e4t<\/h4>\n<p>Bei Mobilger\u00e4ten mit Multi-SIM-Funktionalit\u00e4t kann mehr als nur ein Mobilfunk-Anbieter verwendet werden. Das ist sehr praktisch, wenn Sie Gesch\u00e4ftliches von Privatem trennen oder im Ausland ein g\u00fcnstigeres, lokales Abonnement verwenden m\u00f6chten, ohne auf die Erreichbarkeit unter der bekannten Nummer zu verzichten.<\/p>\n<\/div>\n","protected":false},"excerpt":{"rendered":"<div class=\"woocommerce-product-details__short-description\">\n<div class=\"woocommerce-product-details__short-description\">\n<p>Allround 5G Smartphone mit Android OS<\/p>\n<\/div>\n<\/div>\n","protected":false},"featured_media":10878,"comment_status":"open","ping_status":"closed","template":"","meta":[],"product_brand":[216],"product_cat":[75,22],"product_tag":[],"class_list":{"0":"post-10869","1":"product","2":"type-product","3":"status-publish","4":"has-post-thumbnail","6":"product_brand-samsung","7":"product_cat-handy","8":"product_cat-telekommunikation","10":"first","11":"onbackorder","12":"taxable","13":"shipping-taxable","14":"purchasable","15":"product-type-variable","16":"has-default-attributes","17":"rtwpvg-product"},"_links":{"self":[{"href":"https:\/\/spuehler-tv.ch\/onlineshop\/wp-json\/wp\/v2\/product\/10869","targetHints":{"allow":["GET"]}}],"collection":[{"href":"https:\/\/spuehler-tv.ch\/onlineshop\/wp-json\/wp\/v2\/product"}],"about":[{"href":"https:\/\/spuehler-tv.ch\/onlineshop\/wp-json\/wp\/v2\/types\/product"}],"replies":[{"embeddable":true,"href":"https:\/\/spuehler-tv.ch\/onlineshop\/wp-json\/wp\/v2\/comments?post=10869"}],"wp:featuredmedia":[{"embeddable":true,"href":"https:\/\/spuehler-tv.ch\/onlineshop\/wp-json\/wp\/v2\/media\/10878"}],"wp:attachment":[{"href":"https:\/\/spuehler-tv.ch\/onlineshop\/wp-json\/wp\/v2\/media?parent=10869"}],"wp:term":[{"taxonomy":"product_brand","embeddable":true,"href":"https:\/\/spuehler-tv.ch\/onlineshop\/wp-json\/wp\/v2\/product_brand?post=10869"},{"taxonomy":"product_cat","embeddable":true,"href":"https:\/\/spuehler-tv.ch\/onlineshop\/wp-json\/wp\/v2\/product_cat?post=10869"},{"taxonomy":"product_tag","embeddable":true,"href":"https:\/\/spuehler-tv.ch\/onlineshop\/wp-json\/wp\/v2\/product_tag?post=10869"}],"curies":[{"name":"wp","href":"https:\/\/api.w.org\/{rel}","templated":true}]}}