{"id":10854,"date":"2025-03-27T11:10:07","date_gmt":"2025-03-27T10:10:07","guid":{"rendered":"https:\/\/spuehler-tv.ch\/onlineshop\/?post_type=product&#038;p=10854"},"modified":"2026-01-06T15:14:01","modified_gmt":"2026-01-06T14:14:01","slug":"galaxy-a36-5g-a366b-samsung-android-smartphone","status":"publish","type":"product","link":"https:\/\/spuehler-tv.ch\/onlineshop\/produkt\/galaxy-a36-5g-a366b-samsung-android-smartphone\/","title":{"rendered":"Galaxy A36 5G A366B (Samsung) &#8211; Android Smartphone"},"content":{"rendered":"<h2 class=\"ProductDescription-Title\">Samsung Galaxy A36 5G<\/h2>\n<h3 class=\"ProductDescription-Subtitle\">Schlankes Android-Smartphone mit kristallklarem 120 Hz S-AMOLED-Display<\/h3>\n<ul class=\"cds-List cds-AttributesList cds-List--Bulleted cds-AttributesList--WithPadding\">\n<li>Qualcomm Snapdragon 6 (Gen. 3) Octa-Core-Prozessor mit 2.4 GHz, 6 GB RAM, 128 GB interner Speicher<\/li>\n<li>6.7&#8243;-Super-AMOLED-Touchdisplay mit 120 Hz Refresh Rate und einer Aufl\u00f6sung von 2340 x 1080 px (FHD+)<\/li>\n<li>12-Mpx-Frontkamera (f\/2.2-Blende), 50+8+5 Mpx Triple-Hauptkamera (f\/1.8-Blende, OIS, Ultra-Weitwinkel, Makro)<\/li>\n<li>5G (Dual-SIM), 802.11ax WLAN, Bluetooth 5.4, GPS\/Glonass\/Beidou\/Galileo\/QZSS, USB-C<\/li>\n<li>On-Screen-Fingerabdruckscanner, Knox-Sicherheitsplattform, Wasserresistent (IP67)<\/li>\n<li>5000 mAh Akku mit Fast Charging-Technologie (bis 45W)<\/li>\n<\/ul>\n<div class=\"ProductDescription-Paragraph\">\n<h4 class=\"ProductDescription-ParagraphTitle\">Multi-SIM-Funktionalit\u00e4t<\/h4>\n<p>Bei Mobilger\u00e4ten mit Multi-SIM-Funktionalit\u00e4t kann mehr als nur ein Mobilfunk-Anbieter verwendet werden. Das ist sehr praktisch, wenn Sie Gesch\u00e4ftliches von Privatem trennen oder im Ausland ein g\u00fcnstigeres, lokales Abonnement verwenden m\u00f6chten, ohne auf die Erreichbarkeit unter der bekannten Nummer zu verzichten.<\/p>\n<\/div>\n","protected":false},"excerpt":{"rendered":"<div class=\"woocommerce-product-details__short-description\">\n<p>Allround 5G Smartphone mit Android OS<\/p>\n<\/div>\n","protected":false},"featured_media":10863,"comment_status":"open","ping_status":"closed","template":"","meta":[],"product_brand":[216],"product_cat":[22,75],"product_tag":[],"class_list":{"0":"post-10854","1":"product","2":"type-product","3":"status-publish","4":"has-post-thumbnail","6":"product_brand-samsung","7":"product_cat-telekommunikation","8":"product_cat-handy","10":"first","11":"onbackorder","12":"taxable","13":"shipping-taxable","14":"purchasable","15":"product-type-variable","16":"has-default-attributes","17":"rtwpvg-product"},"_links":{"self":[{"href":"https:\/\/spuehler-tv.ch\/onlineshop\/wp-json\/wp\/v2\/product\/10854","targetHints":{"allow":["GET"]}}],"collection":[{"href":"https:\/\/spuehler-tv.ch\/onlineshop\/wp-json\/wp\/v2\/product"}],"about":[{"href":"https:\/\/spuehler-tv.ch\/onlineshop\/wp-json\/wp\/v2\/types\/product"}],"replies":[{"embeddable":true,"href":"https:\/\/spuehler-tv.ch\/onlineshop\/wp-json\/wp\/v2\/comments?post=10854"}],"wp:featuredmedia":[{"embeddable":true,"href":"https:\/\/spuehler-tv.ch\/onlineshop\/wp-json\/wp\/v2\/media\/10863"}],"wp:attachment":[{"href":"https:\/\/spuehler-tv.ch\/onlineshop\/wp-json\/wp\/v2\/media?parent=10854"}],"wp:term":[{"taxonomy":"product_brand","embeddable":true,"href":"https:\/\/spuehler-tv.ch\/onlineshop\/wp-json\/wp\/v2\/product_brand?post=10854"},{"taxonomy":"product_cat","embeddable":true,"href":"https:\/\/spuehler-tv.ch\/onlineshop\/wp-json\/wp\/v2\/product_cat?post=10854"},{"taxonomy":"product_tag","embeddable":true,"href":"https:\/\/spuehler-tv.ch\/onlineshop\/wp-json\/wp\/v2\/product_tag?post=10854"}],"curies":[{"name":"wp","href":"https:\/\/api.w.org\/{rel}","templated":true}]}}