{"id":10811,"date":"2025-02-17T08:39:55","date_gmt":"2025-02-17T07:39:55","guid":{"rendered":"https:\/\/spuehler-tv.ch\/onlineshop\/?post_type=product&#038;p=10811"},"modified":"2026-02-04T13:43:29","modified_gmt":"2026-02-04T12:43:29","slug":"eiger-noxon-dab-radio-mit-bluetooth","status":"publish","type":"product","link":"https:\/\/spuehler-tv.ch\/onlineshop\/produkt\/eiger-noxon-dab-radio-mit-bluetooth\/","title":{"rendered":"Eiger (Noxon) &#8211; DAB+ Radio mit Bluetooth"},"content":{"rendered":"<p class=\"productDescription_P__slDtP productDescription_P___xs_lastVisible__LUZow productDescription_P___md_lastVisible__w4Nh7\">Der Noxon Eiger ist ein multifunktionales Digitalradio mit erstklassigem Klang, Bluetooth-Streaming und modernen Zusatzfunktionen. Ob f\u00fcr die t\u00e4gliche Nutzung oder als komfortabler Wecker, es erf\u00fcllt eine Vielzahl von Bed\u00fcrfnissen in einem kompakten Ger\u00e4t.<\/p>\n<p class=\"productDescription_P__slDtP productDescription_P___xs_initiallyHidden__dW7xE productDescription_P___md_initiallyHidden__np1w8\">Das Noxon Eiger Digitalradio kann entweder mit dem mitgelieferten Netzteil oder \u00fcber das separat erh\u00e4ltliche Akkupack betrieben werden. Das Akkupack ist ein wiederaufladbarer Akku, der eine beeindruckende Laufzeit von bis zu 40 Stunden f\u00fcr mobilen H\u00f6rgenuss bietet. Damit eignet sich das Radio ideal f\u00fcr den flexiblen Einsatz, station\u00e4r oder portable.<\/p>\n<p class=\"productDescription_P__slDtP productDescription_P___xs_initiallyHidden__dW7xE productDescription_P___md_initiallyHidden__np1w8\">Empfang von DAB+ f\u00fcr kristallklare digitale Sender sowie UKW f\u00fcr klassische Radiosender. Auch in Notfallsituationen bleibt das Ger\u00e4t mit dem Notfallradio des Bundesamts f\u00fcr Bev\u00f6lkerungsschutz via UKW einsatzbereit.<\/p>\n<p class=\"productDescription_P__slDtP productDescription_P___xs_initiallyHidden__dW7xE productDescription_P___md_initiallyHidden__np1w8\">Einfaches Koppeln mit Smartphone, Laptop oder Tablet, um Musik oder andere Inhalte in beeindruckender Klangqualit\u00e4t wiederzugeben.<\/p>\n<p class=\"productDescription_P__slDtP productDescription_P___xs_initiallyHidden__dW7xE productDescription_P___md_initiallyHidden__np1w8\">Der eingebaute Lautsprecher mit Bassreflexsystem sorgt f\u00fcr klaren Ton und satten Bass, unabh\u00e4ngig vom Aufstellort.<\/p>\n<p class=\"productDescription_P__slDtP productDescription_P___xs_initiallyHidden__dW7xE productDescription_P___md_initiallyHidden__np1w8\">2,8-Zoll-TFT-Display f\u00fcr die Anzeige von Programminformationen, Grafiken und Bilder-Diashows in Farbe.<\/p>\n<p class=\"productDescription_P__slDtP productDescription_P___xs_initiallyHidden__dW7xE productDescription_P___md_initiallyHidden__np1w8\">Intuitive Bedienung, klare Men\u00fcf\u00fchrung und komfortable Funktionen wie zwei einstellbare Weckalarme und eine Schlummerfunktion \u00fcber den Tragegriff.<\/p>\n","protected":false},"excerpt":{"rendered":"<div class=\"details__headline\">Design-Radio, 40 Senderspeicher, 6 Senderspeichertasten, Empfang DAB, DAB+, UKW, 2,8 Zoll Display, Farbdisplay, Uhr\/Timer, Weckfunktion, zwei Weckzeiten einstellbar, Sleep-Timer, Bluetooth Audio Streaming, AUX-Eingang, Bluetooth, Kopfh\u00f6rer-Anschluss, Netzbetrieb<\/div>\n","protected":false},"featured_media":10816,"comment_status":"open","ping_status":"closed","template":"","meta":[],"product_brand":[219],"product_cat":[20,174,52],"product_tag":[],"class_list":{"0":"post-10811","1":"product","2":"type-product","3":"status-publish","4":"has-post-thumbnail","6":"product_brand-noxon","7":"product_cat-audio-geraete","8":"product_cat-portabel-audio","9":"product_cat-audio-portabel","11":"first","12":"instock","13":"taxable","14":"shipping-taxable","15":"purchasable","16":"product-type-variable","17":"has-default-attributes","18":"rtwpvg-product"},"_links":{"self":[{"href":"https:\/\/spuehler-tv.ch\/onlineshop\/wp-json\/wp\/v2\/product\/10811","targetHints":{"allow":["GET"]}}],"collection":[{"href":"https:\/\/spuehler-tv.ch\/onlineshop\/wp-json\/wp\/v2\/product"}],"about":[{"href":"https:\/\/spuehler-tv.ch\/onlineshop\/wp-json\/wp\/v2\/types\/product"}],"replies":[{"embeddable":true,"href":"https:\/\/spuehler-tv.ch\/onlineshop\/wp-json\/wp\/v2\/comments?post=10811"}],"wp:featuredmedia":[{"embeddable":true,"href":"https:\/\/spuehler-tv.ch\/onlineshop\/wp-json\/wp\/v2\/media\/10816"}],"wp:attachment":[{"href":"https:\/\/spuehler-tv.ch\/onlineshop\/wp-json\/wp\/v2\/media?parent=10811"}],"wp:term":[{"taxonomy":"product_brand","embeddable":true,"href":"https:\/\/spuehler-tv.ch\/onlineshop\/wp-json\/wp\/v2\/product_brand?post=10811"},{"taxonomy":"product_cat","embeddable":true,"href":"https:\/\/spuehler-tv.ch\/onlineshop\/wp-json\/wp\/v2\/product_cat?post=10811"},{"taxonomy":"product_tag","embeddable":true,"href":"https:\/\/spuehler-tv.ch\/onlineshop\/wp-json\/wp\/v2\/product_tag?post=10811"}],"curies":[{"name":"wp","href":"https:\/\/api.w.org\/{rel}","templated":true}]}}