{"id":10789,"date":"2025-02-07T14:55:41","date_gmt":"2025-02-07T13:55:41","guid":{"rendered":"https:\/\/spuehler-tv.ch\/onlineshop\/?post_type=product&#038;p=10789"},"modified":"2026-01-06T15:14:01","modified_gmt":"2026-01-06T14:14:01","slug":"galaxy-s25-s931b-samsung-5g-smartphone-android","status":"publish","type":"product","link":"https:\/\/spuehler-tv.ch\/onlineshop\/produkt\/galaxy-s25-s931b-samsung-5g-smartphone-android\/","title":{"rendered":"Galaxy S25 S931B (Samsung) &#8211; 5G Smartphone Android"},"content":{"rendered":"<h2 class=\"ProductDescription-Title\">Samsung Galaxy S25<\/h2>\n<h3 class=\"ProductDescription-Subtitle\">Flagship-Smartphone mit dynamischem 1-120 Hz Display und fortschrittlichen AI-Funktionen<\/h3>\n<ul class=\"cds-List cds-AttributesList cds-List--Bulleted cds-AttributesList--WithPadding\">\n<li>Snapdragon 8 Elite for Galaxy Octa-Core-Prozessor (bis 4.47 GHz), 12 GB RAM, 128 GB Speicher oder 256GB Speicher oder 512GB (Je nach gew\u00e4hltem Modell)<\/li>\n<li>6.2&#8243;-Flat-Dynamic-AMOLED-2X-Display mit einer Aufl\u00f6sung von 2340 x 1080 px (FHD+) und dynamischer Refresh Rate von 1 -120 Hz<\/li>\n<li>50 + 12 + 10 Mpx Triple-Hauptkamera (f\/1.8, Ultraweitwinkel, 3x Optical Zoom) und 12 Mpx Frontkamera (f\/2.2, Dual-Pixel-Technologie)<\/li>\n<li>5G (Dual-SIM), eSIM, 802.11ax WLAN, Bluetooth 5.3, NFC, GPS, GLONASS, Galileo, Beidou, QZSS, USB-C<\/li>\n<li>Wasserdicht (IP68), Armor Aluminium 2.0, GorillaGlass Victus2, 4000 mAh Akku, Wireless Charging (15W), Wireless PowerShare, Fast Charging (25W)<\/li>\n<li>Galaxy AI-Funktionen, Gesichtserkennung, Ultraschall Fingerprint Sensor im Display<\/li>\n<\/ul>\n<div class=\"ProductDescription-Paragraph\">\n<h4 class=\"ProductDescription-ParagraphTitle\">Multi-SIM-Funktionalit\u00e4t<\/h4>\n<p>Bei Mobilger\u00e4ten mit Multi-SIM-Funktionalit\u00e4t kann mehr als nur ein Mobilfunk-Anbieter verwendet werden. Das ist sehr praktisch, wenn Sie Gesch\u00e4ftliches von Privatem trennen oder im Ausland ein g\u00fcnstigeres, lokales Abonnement verwenden m\u00f6chten, ohne auf die Erreichbarkeit unter der bekannten Nummer zu verzichten. Ob es sich um ein Ger\u00e4t mit zwei SIM-Kartenslots oder um SIM-Karte + eSIM handelt, entnehmen Sie den Spezifikationen.<\/p>\n<\/div>\n","protected":false},"excerpt":{"rendered":"<p>TOP Android Smartphone 5G<\/p>\n","protected":false},"featured_media":10802,"comment_status":"open","ping_status":"closed","template":"","meta":[],"product_brand":[216],"product_cat":[75],"product_tag":[],"class_list":{"0":"post-10789","1":"product","2":"type-product","3":"status-publish","4":"has-post-thumbnail","6":"product_brand-samsung","7":"product_cat-handy","9":"first","10":"onbackorder","11":"taxable","12":"shipping-taxable","13":"purchasable","14":"product-type-variable","15":"has-default-attributes","16":"rtwpvg-product"},"_links":{"self":[{"href":"https:\/\/spuehler-tv.ch\/onlineshop\/wp-json\/wp\/v2\/product\/10789","targetHints":{"allow":["GET"]}}],"collection":[{"href":"https:\/\/spuehler-tv.ch\/onlineshop\/wp-json\/wp\/v2\/product"}],"about":[{"href":"https:\/\/spuehler-tv.ch\/onlineshop\/wp-json\/wp\/v2\/types\/product"}],"replies":[{"embeddable":true,"href":"https:\/\/spuehler-tv.ch\/onlineshop\/wp-json\/wp\/v2\/comments?post=10789"}],"wp:featuredmedia":[{"embeddable":true,"href":"https:\/\/spuehler-tv.ch\/onlineshop\/wp-json\/wp\/v2\/media\/10802"}],"wp:attachment":[{"href":"https:\/\/spuehler-tv.ch\/onlineshop\/wp-json\/wp\/v2\/media?parent=10789"}],"wp:term":[{"taxonomy":"product_brand","embeddable":true,"href":"https:\/\/spuehler-tv.ch\/onlineshop\/wp-json\/wp\/v2\/product_brand?post=10789"},{"taxonomy":"product_cat","embeddable":true,"href":"https:\/\/spuehler-tv.ch\/onlineshop\/wp-json\/wp\/v2\/product_cat?post=10789"},{"taxonomy":"product_tag","embeddable":true,"href":"https:\/\/spuehler-tv.ch\/onlineshop\/wp-json\/wp\/v2\/product_tag?post=10789"}],"curies":[{"name":"wp","href":"https:\/\/api.w.org\/{rel}","templated":true}]}}