{"id":10772,"date":"2025-01-21T14:41:12","date_gmt":"2025-01-21T13:41:12","guid":{"rendered":"https:\/\/spuehler-tv.ch\/onlineshop\/?post_type=product&#038;p=10772"},"modified":"2025-01-21T14:42:53","modified_gmt":"2025-01-21T13:42:53","slug":"xmg105-zyxel-25-gbit-s-6-port-switch-5xrj45-1xsfp","status":"publish","type":"product","link":"https:\/\/spuehler-tv.ch\/onlineshop\/produkt\/xmg105-zyxel-25-gbit-s-6-port-switch-5xrj45-1xsfp\/","title":{"rendered":"XMG105 (Zyxel) &#8211; 2,5 Gbit\/s 6-Port Switch (5xRJ45\/1xSFP+)"},"content":{"rendered":"<p class=\"ProductDescription-Lead\">Der 2.5-Gigabit-Switch der Serie XMG-100 von Zyxel wurde f\u00fcr die Aufr\u00fcstung und Netzwerk zu einem Netzwerk mit h\u00f6herer Geschwindigkeit und besserer Leistung zu erweitern. Er ist die ideale Wahl f\u00fcr Heimanwender, SOHOs und kleine B\u00fcros, die mehr Bandbreite f\u00fcr ihr Netzwerk ben\u00f6tigen, die durch Online-Spiele Online-Gaming-Aktivit\u00e4ten, Multimedia-Streaming-Dienste oder schnellere Wireless-Netzwerk Konnektivit\u00e4t. Alle Anschl\u00fcsse sind mit 2.5-Gigabit-Ethernet-Geschwindigkeit ausgestattet und erm\u00f6glichen einfache Aufr\u00fcstung der Netzwerkgeschwindigkeit. Dar\u00fcber hinaus bietet diese Serie einen zus\u00e4tzlichen SFP+-Steckplatz f\u00fcr Netzwerk-Uplinks mit hoher Bandbreite oder den Zugriff auf einen Network-Attached Storage (NAS).<\/p>\n<div class=\"ProductDescription-Paragraph\">\n<h4 class=\"ProductDescription-ParagraphTitle\">Sofortiger Wechsel zum blitzschnellen Multi-Gig-Netzwerk<\/h4>\n<p>Die unverwalteten 2.5G-Multi-Gig-Switches der XMG-100-Serie umfassen 5- und 8 Ports, PoE- und Nicht-PoE-Modelle. Diese Switches sind mit Multi-Gig Ports mit Unterst\u00fctzung f\u00fcr bis zu 2.5G und Auto-Negotiation f\u00fcr 3 Geschwindigkeiten (100M\/1G\/2.5G) um die Leistung f\u00fcr Ihre Netzwerkger\u00e4te einschliesslich WiFi 6\/6E AP zu optimieren, 2.5G CPE, 2.5G NAS\/Server, 4K Streaming, Desktop mit 2.5G NIC, Spielekonsole Konsole, VR-Gaming und so weiter.<\/p>\n<\/div>\n<div class=\"ProductDescription-Paragraph\">\n<h4 class=\"ProductDescription-ParagraphTitle\">Zus\u00e4tzliche 10G-Konnektivit\u00e4t f\u00fcr flexible Heim- oder B\u00fcroanwendungen<\/h4>\n<p>Diese Switch-Serie verf\u00fcgt \u00fcber einen 10-Gigabit-SFP+-Port f\u00fcr Uplinks mit hoher Bandbreite Netzwerk-Uplink oder den Zugriff auf ein NAS-Ger\u00e4t und ist damit perfekt f\u00fcr den Multimedia Design-Arbeitsplatz oder ein fortschrittliches Heim-Netzwerk-Setup.<\/p>\n<\/div>\n<div class=\"ProductDescription-Paragraph\">\n<h4 class=\"ProductDescription-ParagraphTitle\">Ger\u00e4uschloser Multi-Gig-Betrieb<\/h4>\n<p>Die XMG-100-Serie ist l\u00fcfterlos und mit einem robusten Hardware-Design, um einen jederzeit leisen und stabilen Betrieb. Sie eignen sich perfekt f\u00fcr ger\u00e4uschfreie Arbeits Umgebungen wie zu Hause oder im B\u00fcro.<\/p>\n<\/div>\n<div class=\"ProductDescription-Paragraph\">\n<h4 class=\"ProductDescription-ParagraphTitle\">Plug-and-Play zur Steigerung der 2.5-fachen Netzwerkgeschwindigkeit<\/h4>\n<p>Schliessen Sie den Switch der Serie XMG-100 einfach an die neuesten 2.5G-f\u00e4higen Netzwerkger\u00e4ten und geniessen Sie sofort und geniessen Sie sofort leistungsstarke Netzwerke und ein reibungsloses Home-Entertainment-Erlebnis, wie z. B. Buffer-Free 4K-Streaming oder verz\u00f6gerungsfreie LAN-Partys dank der vereinfachten Plug-and-Play Technologie.<\/p>\n<\/div>\n","protected":false},"excerpt":{"rendered":"<ul class=\"cds-List cds-AttributesList cds-List--Bulleted cds-AttributesList--WithPadding\">\n<li>Anschl\u00fcsse: 5x RJ45, 1x SFP+<\/li>\n<li>PoE Standard: Kein PoE<\/li>\n<li>Montage: Desktop; Wand<\/li>\n<li>Unverwaltet, L\u00fcfterlos<\/li>\n<li>Robuste Bauweise f\u00fcr langlebigen Einsatz in kleinen B\u00fcros oder Heimnetzwerken<\/li>\n<li>Plug-and-Play-Konfiguration f\u00fcr sofortige Netzwerkintegration ohne Setup-Aufwand<\/li>\n<\/ul>\n","protected":false},"featured_media":10773,"comment_status":"open","ping_status":"closed","template":"","meta":[],"product_brand":[],"product_cat":[21,168],"product_tag":[],"class_list":{"0":"post-10772","1":"product","2":"type-product","3":"status-publish","4":"has-post-thumbnail","6":"product_cat-it-produkte","7":"product_cat-switch","9":"first","10":"instock","11":"taxable","12":"shipping-taxable","13":"purchasable","14":"product-type-simple"},"_links":{"self":[{"href":"https:\/\/spuehler-tv.ch\/onlineshop\/wp-json\/wp\/v2\/product\/10772","targetHints":{"allow":["GET"]}}],"collection":[{"href":"https:\/\/spuehler-tv.ch\/onlineshop\/wp-json\/wp\/v2\/product"}],"about":[{"href":"https:\/\/spuehler-tv.ch\/onlineshop\/wp-json\/wp\/v2\/types\/product"}],"replies":[{"embeddable":true,"href":"https:\/\/spuehler-tv.ch\/onlineshop\/wp-json\/wp\/v2\/comments?post=10772"}],"wp:featuredmedia":[{"embeddable":true,"href":"https:\/\/spuehler-tv.ch\/onlineshop\/wp-json\/wp\/v2\/media\/10773"}],"wp:attachment":[{"href":"https:\/\/spuehler-tv.ch\/onlineshop\/wp-json\/wp\/v2\/media?parent=10772"}],"wp:term":[{"taxonomy":"product_brand","embeddable":true,"href":"https:\/\/spuehler-tv.ch\/onlineshop\/wp-json\/wp\/v2\/product_brand?post=10772"},{"taxonomy":"product_cat","embeddable":true,"href":"https:\/\/spuehler-tv.ch\/onlineshop\/wp-json\/wp\/v2\/product_cat?post=10772"},{"taxonomy":"product_tag","embeddable":true,"href":"https:\/\/spuehler-tv.ch\/onlineshop\/wp-json\/wp\/v2\/product_tag?post=10772"}],"curies":[{"name":"wp","href":"https:\/\/api.w.org\/{rel}","templated":true}]}}