{"id":10766,"date":"2025-01-16T17:55:46","date_gmt":"2025-01-16T16:55:46","guid":{"rendered":"https:\/\/spuehler-tv.ch\/onlineshop\/?post_type=product&#038;p=10766"},"modified":"2026-02-23T15:54:18","modified_gmt":"2026-02-23T14:54:18","slug":"cubus-compact-32-twin-metz-81cm-fhd-led-tv-made-in-germany","status":"publish","type":"product","link":"https:\/\/spuehler-tv.ch\/onlineshop\/produkt\/cubus-compact-32-twin-metz-81cm-fhd-led-tv-made-in-germany\/","title":{"rendered":"Cubus Compact 32 Twin (Metz) &#8211; 81cm FHD LED TV &#8211; Made in Germany"},"content":{"rendered":"<p>Der CUBUS compact verbindet Eleganz und Technik auf kleinstem Raum. Ein wertiger drehbarer Glas-Mittelfu\u00df verleiht dem kompakten Ger\u00e4t einen soliden Stand. In beiden Gr\u00f6\u00dfen liefert er brillante Farben und erstklassige Kontraste in Full HD und unterst\u00fctzt HDR10 sowie HLG f\u00fcr h\u00f6chste Farbtreue. Auch die \u00fcbrige Ausstattung sucht in diesem Format ihresgleichen: So sorgt ein einzigartiges Frontlautsprechersystem mit MetzSoundPro-Technologie f\u00fcr satten Klang und klare Sprachverst\u00e4ndlichkeit. \u00dcber einen Pay-TV-f\u00e4higen Triple Twin Tuner, USB-Aufnahme- und Timeshift-Funktionen sowie HbbTV bietet er umfassenden TV-Komfort. Drei HDMI- und zwei USB-Schnittstellen nebst Bluetooth, LAN und WLAN und vielf\u00e4ltige Audioanschl\u00fcsse garantieren zus\u00e4tzliche Flexibilit\u00e4t. Damit ist er perfekt f\u00fcr alle, die einen kompakten Fernseher suchen, ohne auf den Komfort einer Premium-Ausstattung zu verzichten.<\/p>\n","protected":false},"excerpt":{"rendered":"<p>Der CUBUS compact verbindet Eleganz und Technik auf kleinstem Raum. Ein wertiger drehbarer Glas-Mittelfu\u00df verleiht dem kompakten Ger\u00e4t einen soliden Stand. In beiden Gr\u00f6\u00dfen liefert er brillante Farben und erstklassige Kontraste in Full HD und unterst\u00fctzt HDR10 sowie HLG f\u00fcr h\u00f6chste Farbtreue. Auch die \u00fcbrige Ausstattung sucht in diesem Format ihresgleichen: So sorgt ein einzigartiges [&hellip;]<\/p>\n","protected":false},"featured_media":10765,"comment_status":"closed","ping_status":"closed","template":"","meta":[],"product_brand":[204],"product_cat":[19,24],"product_tag":[],"class_list":{"0":"post-10766","1":"product","2":"type-product","3":"status-publish","4":"has-post-thumbnail","6":"product_brand-metz-classic","7":"product_cat-tv-geraete","8":"product_cat-led-tv-32-39-81cm-99cm","9":"product_shipping_class-kein-versand-moeglich-kontaktieren-sie-uns-unter-044-886-86-86-oder-per-mail-lieferung-basic-moeglich","11":"first","12":"instock","13":"taxable","14":"shipping-taxable","15":"purchasable","16":"product-type-simple"},"_links":{"self":[{"href":"https:\/\/spuehler-tv.ch\/onlineshop\/wp-json\/wp\/v2\/product\/10766","targetHints":{"allow":["GET"]}}],"collection":[{"href":"https:\/\/spuehler-tv.ch\/onlineshop\/wp-json\/wp\/v2\/product"}],"about":[{"href":"https:\/\/spuehler-tv.ch\/onlineshop\/wp-json\/wp\/v2\/types\/product"}],"replies":[{"embeddable":true,"href":"https:\/\/spuehler-tv.ch\/onlineshop\/wp-json\/wp\/v2\/comments?post=10766"}],"wp:featuredmedia":[{"embeddable":true,"href":"https:\/\/spuehler-tv.ch\/onlineshop\/wp-json\/wp\/v2\/media\/10765"}],"wp:attachment":[{"href":"https:\/\/spuehler-tv.ch\/onlineshop\/wp-json\/wp\/v2\/media?parent=10766"}],"wp:term":[{"taxonomy":"product_brand","embeddable":true,"href":"https:\/\/spuehler-tv.ch\/onlineshop\/wp-json\/wp\/v2\/product_brand?post=10766"},{"taxonomy":"product_cat","embeddable":true,"href":"https:\/\/spuehler-tv.ch\/onlineshop\/wp-json\/wp\/v2\/product_cat?post=10766"},{"taxonomy":"product_tag","embeddable":true,"href":"https:\/\/spuehler-tv.ch\/onlineshop\/wp-json\/wp\/v2\/product_tag?post=10766"}],"curies":[{"name":"wp","href":"https:\/\/api.w.org\/{rel}","templated":true}]}}