{"id":10757,"date":"2025-01-16T09:49:27","date_gmt":"2025-01-16T08:49:27","guid":{"rendered":"https:\/\/spuehler-tv.ch\/onlineshop\/?post_type=product&#038;p=10757"},"modified":"2026-01-06T15:20:01","modified_gmt":"2026-01-06T14:20:01","slug":"road-2-noxon-dab-bluetooth-adapter-mit-fm-transmitter-fuers-auto","status":"publish","type":"product","link":"https:\/\/spuehler-tv.ch\/onlineshop\/produkt\/road-2-noxon-dab-bluetooth-adapter-mit-fm-transmitter-fuers-auto\/","title":{"rendered":"Road 2 (Noxon) &#8211; DAB+\/Bluetooth Adapter mit FM-Transmitter f\u00fcrs Auto"},"content":{"rendered":"<p>DAB+ &amp; UKW Empfang<br \/>\nBluetooth Empfang 5.0, f\u00fcr Musik Streaming<br \/>\nBluetooth-Freisprecheinrichtung, handfrei telefonieren<br \/>\nMicro-SD f\u00fcr MP3-Musikwiedergabe<br \/>\nLine-Out<br \/>\nAUX-Eingang<br \/>\nUKW Transmitter<br \/>\nMagnethalter<br \/>\nStromversorgung \u00fcber den Zigarettenanz\u00fcnder<br \/>\ndiv. Halterungen<\/p>\n<p>&nbsp;<\/p>\n<p>Machen Sie Ihr UKW-Autoradio fit f\u00fcr die Zukunft: Verwandeln Sie es mit modernster Technologie in ein\u00a0digitales DAB+ Radio und geniessen Sie besten Klang, handfrei telefonieren, sowie Musik streamen via Bluetooth und komfortablem grossem Farbdisplay.<\/p>\n<p>&nbsp;<\/p>\n<p>Kristallklarer Radioempfang<br \/>\nDank DAB+ Technologie erhalten Sie st\u00f6rungsfreien Empfang mit zus\u00e4tzlichen Textinformationen wie Songtiteln oder Nachrichten.<\/p>\n<p>Einfache Installation<br \/>\nDer Adapter wird unkompliziert in das bestehende System integriert, ohne aufwendige Umbauten.<\/p>\n<p>Multimedia-Unterst\u00fctzung<br \/>\nSpielt Musik \u00fcber verschiedene Quellen (Bluetooth, Micro-SD, FM-Transmitter, AUX-Kabel) ab.<\/p>\n<p>Freisprechfunktion<br \/>\nIntegriertes Bluetooth Version 5.0 f\u00fcr sicheres Telefonieren w\u00e4hrend der Fahrt.<\/p>\n<p>Aktive DAB+ Folienantenne<br \/>\nGew\u00e4hrleistet stabilen Empfang, selbst in abgelegenen oder stark bebauten Regionen.<\/p>\n<p>Musikstreaming<br \/>\nKabelloses Streaming von Ihrem Smartphone oder Tablet via Bluetooth.<\/p>\n<p>Farbdisplay<br \/>\n2,4-Zoll-Bildschirm zur Anzeige von Sendernamen oder Musik-Infos.<\/p>\n<p>Drei verschiedene Halterungen im Lieferumfang<br \/>\nSaughalterung f\u00fcr die Scheibe, Klebehalterung f\u00fcrs Armaturenbrett, L\u00fcftungsgitterhalterung<\/p>\n<p>Kompakte Bauweise<br \/>\nPasst problemlos in jedes Fahrzeug und bleibt dezent im Design.<\/p>\n<p>&nbsp;<\/p>\n<p>Sie k\u00f6nnen den Adapter via Aux Anschluss-, oder via UKW \u00dcbertragung (FM Transmitter) an Ihr bestehendes UKW Radio anschliessen.<\/p>\n<p>&nbsp;<\/p>\n<p>Anschl\u00fcsse:<\/p>\n<p>Antennenanschluss MCX<br \/>\nAUX in<br \/>\nLine-Out<br \/>\nTF-Card Slot<br \/>\nMicro USB f\u00fcr Stromversorgung<\/p>\n<p>Lieferumfang:<\/p>\n<p>Road 2<br \/>\nGlas-Klebeantenne aktiv, L\u00e4nge 3.0m<br \/>\nSaughalterung f\u00fcr Scheibe<br \/>\nKlebehalterung f\u00fcr Armaturenbrett<br \/>\nL\u00fcftungsgitterhalterung<br \/>\nUSB-A auf USB-Micro Kabel 1.0m<br \/>\n3,5 mm Klinke Audio-Kabel 1.0m<br \/>\nDoppel-USB-Zigarettenadapter 12 V<br \/>\nBedienungsanleitung DE\/F\/IT\/EN<\/p>\n","protected":false},"excerpt":{"rendered":"<p>DAB+ Fahrzeugadapter, Bluetooth &amp; Freisprecheinrichtung, UKW-Transmitter, Line Out, Aux In. grosses Farbdisplay, Mirco SD-Karten-Wiedergabe, aktive DAB+ Antenne<\/p>\n","protected":false},"featured_media":10761,"comment_status":"closed","ping_status":"closed","template":"","meta":[],"product_brand":[219],"product_cat":[60],"product_tag":[],"class_list":{"0":"post-10757","1":"product","2":"type-product","3":"status-publish","4":"has-post-thumbnail","6":"product_brand-noxon","7":"product_cat-adapter","8":"product_shipping_class-lieferung-basic-audio","10":"first","11":"onbackorder","12":"taxable","13":"shipping-taxable","14":"product-type-simple"},"_links":{"self":[{"href":"https:\/\/spuehler-tv.ch\/onlineshop\/wp-json\/wp\/v2\/product\/10757","targetHints":{"allow":["GET"]}}],"collection":[{"href":"https:\/\/spuehler-tv.ch\/onlineshop\/wp-json\/wp\/v2\/product"}],"about":[{"href":"https:\/\/spuehler-tv.ch\/onlineshop\/wp-json\/wp\/v2\/types\/product"}],"replies":[{"embeddable":true,"href":"https:\/\/spuehler-tv.ch\/onlineshop\/wp-json\/wp\/v2\/comments?post=10757"}],"wp:featuredmedia":[{"embeddable":true,"href":"https:\/\/spuehler-tv.ch\/onlineshop\/wp-json\/wp\/v2\/media\/10761"}],"wp:attachment":[{"href":"https:\/\/spuehler-tv.ch\/onlineshop\/wp-json\/wp\/v2\/media?parent=10757"}],"wp:term":[{"taxonomy":"product_brand","embeddable":true,"href":"https:\/\/spuehler-tv.ch\/onlineshop\/wp-json\/wp\/v2\/product_brand?post=10757"},{"taxonomy":"product_cat","embeddable":true,"href":"https:\/\/spuehler-tv.ch\/onlineshop\/wp-json\/wp\/v2\/product_cat?post=10757"},{"taxonomy":"product_tag","embeddable":true,"href":"https:\/\/spuehler-tv.ch\/onlineshop\/wp-json\/wp\/v2\/product_tag?post=10757"}],"curies":[{"name":"wp","href":"https:\/\/api.w.org\/{rel}","templated":true}]}}