{"id":10738,"date":"2024-12-31T11:06:40","date_gmt":"2024-12-31T10:06:40","guid":{"rendered":"https:\/\/spuehler-tv.ch\/onlineshop\/?post_type=product&#038;p=10738"},"modified":"2026-01-06T16:45:54","modified_gmt":"2026-01-06T15:45:54","slug":"maestro-x-sonoro-all-in-one-verstaerker-cd-dab-internetradio-bluetooth-streaming-div-farben","status":"publish","type":"product","link":"https:\/\/spuehler-tv.ch\/onlineshop\/produkt\/maestro-x-sonoro-all-in-one-verstaerker-cd-dab-internetradio-bluetooth-streaming-div-farben\/","title":{"rendered":"Maestro X (Sonoro) &#8211; All-in-One Verst\u00e4rker CD \/ DAB+ \/ Internetradio \/ Bluetooth \/ Streaming &#8211; Div. Farben"},"content":{"rendered":"<p>Der Dirigent f\u00fcr Ihr Wohnzimmer. Klassik, Jazz oder doch lieber Rock? Egal welche Musikrichtung: Passen Sie den Sound am MAESTRO \u00fcber die Klangregler f\u00fcr H\u00f6hen, B\u00e4sse und Loudness Ihrem Geschmack an und konfigurieren Sie die Leistung f\u00fcr Ihre angeschlossenen Lautsprecher individuell. Zur Minimierung von Raummoden k\u00f6nnen Sie den Receiver individuell f\u00fcr Ihren Raum und Ihre externen Lautsprecher kalibrieren \u2013 spielend leicht \u00fcber unsere MAESTRO Raumkorrektur-App (nur iOS).<\/p>\n<p>Smarte L\u00f6sung. Der HiFi Internet Receiver MAESTRO ist dank zahlreicher Anschlussm\u00f6glichkeiten ein vielseitiges Klangwunder f\u00fcr Liebhaber von purem Sound: CDs oder Schallplatten? Nutzen Sie den integrierten CD-Player oder schliessen Sie Ihren Plattenspieler \u00fcber den MM Phono-Eingang an. Oder nutzen Sie Musik-Streamingdienste, um Playlists \u00fcber Ihr Smartphone abzuspielen. Dank TV-Anschluss geniessen Sie auch Filme und Serien mit optimalem Sound \u00fcber externe Lautsprecher. Neben FM und DAB+ Digitalradio steht Ihnen die ganze Welt der Musik mit \u00fcber 25.000 Internet-Radiosendern offen.<\/p>\n<p>Typisch Sonoro, elegantes Design. Der MAESTRO HiFi Internet Receiver \u00fcberzeugt nicht nur durch seine Klangqualit\u00e4t, sondern auch durch sein schickes Design mit Front und Bedienkn\u00f6pfen aus Vollmetall. Das hochwertige Holzgeh\u00e4use ist mit matten Lack veredelt und in klassischem Schwarz oder minimalistischem Weiss erh\u00e4ltlich.<\/p>\n<p>Das automatisch dimmbare Farb-Display des MAESTRO l\u00e4sst sich mit einer Gr\u00f6sse von 2,8 Zoll leicht ablesen und passt sich in der Helligkeit den Lichtverh\u00e4ltnissen im Raum an. Sie m\u00f6chten vollkommen in die Welt der Musik abtauchen? Dann verbinden Sie Ihre Kopfh\u00f6rer \u00fcber den klassischen Kabel-Anschluss an der Front des Ger\u00e4ts oder kabellos dank bidirektionaler-Bluetooth-Technologie. Dabei l\u00e4sst sich der MAESTRO direkt am Ger\u00e4t, per Fernbedienung oder per Smartphone mit der OKTIV App unkompliziert bedienen.<\/p>\n","protected":false},"excerpt":{"rendered":"<ul>\n<li>Class-D Hypex Verst\u00e4rker f\u00fcr h\u00f6chste Audio Qualit\u00e4t<\/li>\n<\/ul>\n<ul>\n<li>Raumkorrektur App (Sonoro room connection, nur mit iOS)<\/li>\n<\/ul>\n<ul>\n<li>Bidirektionale Bluetooth-Anbindung f\u00fcr Kopfh\u00f6rer<\/li>\n<\/ul>\n<ul>\n<li>Phono-Verst\u00e4rker f\u00fcr MM-Tonabnehmer<\/li>\n<\/ul>\n<ul>\n<li>Streamingdienste: Deezer, Spotif, Tidal, Qobuz<\/li>\n<\/ul>\n<ul>\n<li>DAB+ Radio<\/li>\n<\/ul>\n<ul>\n<li>Pre-Set Tasten auf der Fernbedienung<\/li>\n<\/ul>\n","protected":false},"featured_media":10743,"comment_status":"open","ping_status":"closed","template":"","meta":[],"product_brand":[225],"product_cat":[20,33,50,53],"product_tag":[],"class_list":{"0":"post-10738","1":"product","2":"type-product","3":"status-publish","4":"has-post-thumbnail","6":"product_brand-sonoro","7":"product_cat-audio-geraete","8":"product_cat-audio-stationaer","9":"product_cat-hifi-anlage-micro-midi","10":"product_cat-hifi-komponenten","11":"product_shipping_class-lieferung-basic-audio","13":"first","14":"instock","15":"taxable","16":"shipping-taxable","17":"purchasable","18":"product-type-variable","19":"has-default-attributes","20":"rtwpvg-product"},"_links":{"self":[{"href":"https:\/\/spuehler-tv.ch\/onlineshop\/wp-json\/wp\/v2\/product\/10738","targetHints":{"allow":["GET"]}}],"collection":[{"href":"https:\/\/spuehler-tv.ch\/onlineshop\/wp-json\/wp\/v2\/product"}],"about":[{"href":"https:\/\/spuehler-tv.ch\/onlineshop\/wp-json\/wp\/v2\/types\/product"}],"replies":[{"embeddable":true,"href":"https:\/\/spuehler-tv.ch\/onlineshop\/wp-json\/wp\/v2\/comments?post=10738"}],"wp:featuredmedia":[{"embeddable":true,"href":"https:\/\/spuehler-tv.ch\/onlineshop\/wp-json\/wp\/v2\/media\/10743"}],"wp:attachment":[{"href":"https:\/\/spuehler-tv.ch\/onlineshop\/wp-json\/wp\/v2\/media?parent=10738"}],"wp:term":[{"taxonomy":"product_brand","embeddable":true,"href":"https:\/\/spuehler-tv.ch\/onlineshop\/wp-json\/wp\/v2\/product_brand?post=10738"},{"taxonomy":"product_cat","embeddable":true,"href":"https:\/\/spuehler-tv.ch\/onlineshop\/wp-json\/wp\/v2\/product_cat?post=10738"},{"taxonomy":"product_tag","embeddable":true,"href":"https:\/\/spuehler-tv.ch\/onlineshop\/wp-json\/wp\/v2\/product_tag?post=10738"}],"curies":[{"name":"wp","href":"https:\/\/api.w.org\/{rel}","templated":true}]}}