{"id":10726,"date":"2024-12-27T11:26:41","date_gmt":"2024-12-27T10:26:41","guid":{"rendered":"https:\/\/spuehler-tv.ch\/onlineshop\/?post_type=product&#038;p=10726"},"modified":"2026-02-12T17:29:36","modified_gmt":"2026-02-12T16:29:36","slug":"fritz-box-4050-avm-wlan-mesh-router-dect-basis","status":"publish","type":"product","link":"https:\/\/spuehler-tv.ch\/onlineshop\/produkt\/fritz-box-4050-avm-wlan-mesh-router-dect-basis\/","title":{"rendered":"Fritz! Box 4050 (AVM) &#8211; WLAN Mesh Router + DECT Basis"},"content":{"rendered":"<div id=\"c253088\" class=\"\n                    frame\n                    frame-default\n                    frame-type-textmedia\n                    frame-layout-0 frame-textmedia-layout-mini\n\n                \"><\/p>\n<div class=\"frame-outer-wrap\">\n<div class=\"frame-inner-wrap\">\n<div class=\"ce-textpic ce-center ce-above\">\n<div class=\"ce-bodytext\">\n<h2 class=\"align-center\">Die FRITZ!Box mit Wi-Fi 6 f\u00fcr alle Anschl\u00fcsse<\/h2>\n<p class=\"align-center\">Die FRITZ!Box 4050 ist ein schneller Dualband-WLAN-Router mit Wi-Fi 6, der f\u00fcr hohe Geschwindigkeiten in Ihrem WLAN sorgt. Dank vielf\u00e4ltiger Anschlussm\u00f6glichkeiten ist die 4050 flexibel am Glasfaser-, Kabel- oder DSL-Anschluss einsatzbereit. Und durch die integrierte NAS-Funktionalit\u00e4t wird die 4050 zu Ihrer Multimediazentrale im Heimnetz. Neben einer vollwertigen Telefonanlage mit DECT-Basis und einer integrierten Firewall vervollst\u00e4ndigt eine Smart-Home-Steuerung das Angebot.<\/p>\n<\/div>\n<\/div>\n<\/div>\n<\/div>\n<\/div>\n<div id=\"c253087\" class=\"\n                    frame\n                    frame-default\n                    frame-type-textmedia\n                    frame-layout-0 frame-textmedia-layout-50\n\n                \"><\/p>\n<div class=\"frame-outer-wrap\">\n<div class=\"frame-inner-wrap\">\n<div class=\"ce-textpic ce-left ce-intext ce-nowrap\">\n<div class=\"ce-gallery\" data-ce-columns=\"1\" data-ce-images=\"1\">\n<div class=\"ce-row\">\n<div class=\"ce-column\">\n<figure class=\"video video-handler-initialized\">\n<div class=\"video-embed ambient-video\" data-plyr-icon-url=\"\/_assets\/d2144d07044c29ab9221ac624be12aef\/Vendor\/plyr\/plyr-icons-modified.svg\">\n<div class=\"plyr plyr--full-ui plyr--video plyr--html5 plyr--fullscreen-enabled plyr--pip-supported plyr--playing plyr--hide-controls\" tabindex=\"0\">\n<div class=\"plyr__video-wrapper\"><video class=\"video-embed-item video-handler-item plyr-target\" preload=\"auto\" autoplay=\"autoplay\" loop=\"loop\" muted=\"\" width=\"612\" height=\"400\" data-poster=\"\" data-mce-fragment=\"1\"><\/video><\/p>\n<div class=\"plyr__poster\"><\/div>\n<\/div>\n<\/div>\n<\/div>\n<\/figure>\n<\/div>\n<\/div>\n<\/div>\n<div class=\"ce-bodytext\">\n<h2>Wi-Fi 6 \u2013 schnelles WLAN f\u00fcr alle F\u00e4lle<\/h2>\n<p>Wi-Fi 6 (WLAN AX) erreicht bis zu 40 Prozent h\u00f6here Geschwindigkeiten als fr\u00fchere WLAN-Generationen. Mit dem Highspeed-WLAN der FRITZ!Box 4050 surfen und streamen Sie auf der \u00dcberholspur. Der Clou: Auch bei vielen gleichzeitig aktiven Ger\u00e4ten bleiben die Datenraten hoch \u2013 f\u00fcr jedes einzelne Ger\u00e4t. Bei heissen Multiplayer-Gefechten profitieren Sie von der geringeren Latenz bei Wi-Fi 6. Das i-T\u00fcpfelchen sind Energiesparfunktionen f\u00fcr eine l\u00e4ngere Akkulaufzeit Ihrer Ger\u00e4te.<\/p>\n<p>Nat\u00fcrlich unterst\u00fctzt die FRITZ!Box 4050 bew\u00e4hrte Standards wie WLAN AC und N f\u00fcr volle Kompatibilit\u00e4t mit allen Ger\u00e4ten.<\/p>\n<p><a class=\"button-link\" href=\"https:\/\/ch.avm.de\/wi-fi-6\/\" target=\"_self\" rel=\"noopener\">Erfahren Sie mehr \u00fcber Wi-Fi 6<\/a><\/p>\n<\/div>\n<\/div>\n<\/div>\n<\/div>\n<\/div>\n<div id=\"c253086\" class=\"\n                    frame\n                    frame-default\n                    frame-type-textmedia\n                    frame-layout-0 frame-textmedia-layout-50\n\n                \"><\/p>\n<div class=\"frame-outer-wrap\">\n<div class=\"frame-inner-wrap\">\n<div class=\"ce-textpic ce-right ce-intext ce-nowrap\">\n<div class=\"ce-gallery\" data-ce-columns=\"1\" data-ce-images=\"1\">\n<div class=\"ce-row\">\n<div class=\"ce-column\">\n<figure class=\"image\"><img loading=\"lazy\" decoding=\"async\" class=\"image-embed-item\" src=\"https:\/\/ch.avm.de\/fileadmin\/_processed_\/7\/c\/csm_fritz_mesh_4060_2400_3240x2560_fbeee35370.png\" alt=\"\" width=\"612\" height=\"408\" \/><\/figure>\n<\/div>\n<\/div>\n<\/div>\n<div class=\"ce-bodytext\">\n<h2>WLAN Mesh mit FRITZ!<\/h2>\n<p>Damit Videos, Musik und Fotos im Heimnetz nahtlos bis in den letzten Winkel jedes Zimmers gelangen, setzt die FRITZ!Box auf WLAN Mesh. FRITZ!Repeater, FRITZ!Powerline oder weitere FRITZ!Box-Modelle \u00fcbernehmen die Einstellungen der FRITZ!Box am Internetanschluss und alle Ger\u00e4te sind stets optimal verbunden \u2013 vollautomatisch und zuverl\u00e4ssig.<\/p>\n<p>Mit Mesh geniessen Sie ganz einfach H\u00f6chstgeschwindigkeit bei Surfen, Video oder Gaming. Atemberaubendes 4K-Streaming und Ihre Lieblingsmusik warten jetzt auf Sie \u2013 und nicht umgekehrt.<\/p>\n<p><a class=\"button-link\" href=\"https:\/\/ch.avm.de\/mesh\/\" target=\"_self\" rel=\"noopener\">Erfahren Sie mehr \u00fcber WLAN Mesh<\/a><\/p>\n<\/div>\n<\/div>\n<\/div>\n<\/div>\n<\/div>\n<div id=\"c253085\" class=\"\n                    frame\n                    frame-default\n                    frame-type-textmedia\n                    frame-layout-0 frame-textmedia-layout-50\n\n                \"><\/p>\n<div class=\"frame-outer-wrap\">\n<div class=\"frame-inner-wrap\">\n<div class=\"ce-textpic ce-left ce-intext ce-nowrap\">\n<div class=\"ce-gallery\" data-ce-columns=\"1\" data-ce-images=\"1\">\n<div class=\"ce-row\">\n<div class=\"ce-column\">\n<figure class=\"image\"><img loading=\"lazy\" decoding=\"async\" class=\"image-embed-item\" src=\"https:\/\/ch.avm.de\/fileadmin\/_processed_\/f\/4\/csm_fritzfon_c6_telefonie_kueche_3840x2560_4ec81191a2.jpg\" alt=\"\" width=\"612\" height=\"408\" \/><\/figure>\n<\/div>\n<\/div>\n<\/div>\n<div class=\"ce-bodytext\">\n<h2>So macht Telefonieren Spass<\/h2>\n<p>Die FRITZ!Box 4050 enth\u00e4lt eine integrierte DECT-Basis, an der Sie bis zu bis zu sechs Schnurlostelefone anmelden k\u00f6nnen; die FRITZ!Fon-Modelle sind die ideale Bereicherung f\u00fcr Ihr Telefonvergn\u00fcgen. Anrufbeantworter und Faxfunktion inklusive E-Mail-Weiterleitung bieten zus\u00e4tzlichen Komfort.<\/p>\n<h2>FRITZ!Apps f\u00fcr mehr Komfort und Smart Home<\/h2>\n<p>Erleben Sie den Komfort von Smart Home mit FRITZ! \u2013 verbinden Sie Smart-Home-Ger\u00e4te von FRITZ! sowie Drittanbieterger\u00e4te mit DECT-ULE\/HAN-FUN-Technologie mit Ihrer FRITZ!Box 4050.<\/p>\n<p>Dank der FRITZ!Apps greifen Sie per Smartphone zu Hause und unterwegs auf Komfortfunktionen der FRITZ!Box zu, telefonieren im Heimnetz und haben Ihr Smart Home im Blick.<\/p>\n<\/div>\n<\/div>\n<\/div>\n<\/div>\n<\/div>\n<div id=\"c253084\" class=\"\n                    frame\n                    frame-default\n                    frame-type-textmedia\n                    frame-layout-0 frame-textmedia-layout-50\n\n                \"><\/p>\n<div class=\"frame-outer-wrap\">\n<div class=\"frame-inner-wrap\">\n<div class=\"ce-textpic ce-right ce-intext ce-nowrap\">\n<div class=\"ce-gallery\" data-ce-columns=\"1\" data-ce-images=\"1\">\n<div class=\"ce-row\">\n<div class=\"ce-column\">\n<figure class=\"image\"><img loading=\"lazy\" decoding=\"async\" class=\"image-embed-item\" title=\"FRITZ!OS\" src=\"https:\/\/ch.avm.de\/fileadmin\/_processed_\/c\/c\/csm_avm_fritzos_de_3840x2560_8a008489cd.png\" alt=\"FRITZ!OS\" width=\"612\" height=\"408\" \/><\/figure>\n<\/div>\n<\/div>\n<\/div>\n<div class=\"ce-bodytext\">\n<h2>Mit Sicherheit FRITZ!Box<\/h2>\n<p>Das Sicherheitskonzept umfasst alle Bereiche der FRITZ!Box: Sicheres Surfen dank der integrierten Firewall, ein ab Werk mit einem individuellen Schl\u00fcssel gesch\u00fctztes WLAN und der Gastzugang, der Ihre G\u00e4ste ins Internet, aber nicht ins Heimnetz l\u00e4sst. Diese und viele weitere Funktionen sichern Ihre Kommunikation.<\/p>\n<h2>FRITZ!OS \u2013 das Genie hinter FRITZ!<\/h2>\n<p>FRITZ!OS ist das smarte Betriebssystem f\u00fcr alle FRITZ!-Produkte. Es verbindet einfache Bedienbarkeit mit vielf\u00e4ltigen Funktionen und umfassender Sicherheit. Daf\u00fcr sorgen eine klare Benutzeroberfl\u00e4che und Assistenten, die Sie Schritt f\u00fcr Schritt begleiten. Regelm\u00e4ssige Updates halten Ihre FRITZ!Box aktuell \u2013 auf Wunsch bringt sich die FRITZ!Box ganz automatisch auf den neuesten Stand.<\/p>\n<\/div>\n<\/div>\n<\/div>\n<\/div>\n<\/div>\n","protected":false},"excerpt":{"rendered":"<ul>\n<li class=\"teaser-single-product-feature\">\n<div class=\"teaser-single-product-feature-inner\">\n<div class=\"teaser-single-product-feature-image-wrapper\">\n<div class=\"teaser-single-product-feature-image-circle\"><img loading=\"lazy\" decoding=\"async\" src=\"https:\/\/ch.avm.de\/fileadmin\/user_upload\/Global\/Icons\/blau_svg\/DSL.svg\" alt=\"\" width=\"50\" height=\"50\" \/><\/div>\n<\/div>\n<div class=\"teaser-single-product-feature-text\">\n<p>Gigabit-WAN f\u00fcr den Anschluss an ein Glasfasermodem (ONT)<\/p>\n<\/div>\n<\/div>\n<\/li>\n<li class=\"teaser-single-product-feature\">\n<div class=\"teaser-single-product-feature-inner\">\n<div class=\"teaser-single-product-feature-image-wrapper\">\n<div class=\"teaser-single-product-feature-image-circle\"><img loading=\"lazy\" decoding=\"async\" src=\"https:\/\/ch.avm.de\/fileadmin\/user_upload\/Global\/Icons\/blau_svg\/DualWLAN.svg\" alt=\"\" width=\"50\" height=\"50\" \/><\/div>\n<\/div>\n<div class=\"teaser-single-product-feature-text\">\n<p>Wi-Fi 6 (WLAN AX) bis 2.400 MBit\/s + 600 MBit\/s<\/p>\n<\/div>\n<\/div>\n<\/li>\n<li class=\"teaser-single-product-feature\">\n<div class=\"teaser-single-product-feature-inner\">\n<div class=\"teaser-single-product-feature-image-wrapper\">\n<div class=\"teaser-single-product-feature-image-circle\"><img loading=\"lazy\" decoding=\"async\" src=\"https:\/\/ch.avm.de\/fileadmin\/user_upload\/Global\/Icons\/blau_svg\/Mesh.svg\" alt=\"\" width=\"50\" height=\"50\" \/><\/div>\n<\/div>\n<div class=\"teaser-single-product-feature-text\">\n<p>Intelligentes WLAN Mesh f\u00fcr das Heimnetz<\/p>\n<\/div>\n<\/div>\n<\/li>\n<li class=\"teaser-single-product-feature\">\n<div class=\"teaser-single-product-feature-inner\">\n<div class=\"teaser-single-product-feature-image-wrapper\">\n<div class=\"teaser-single-product-feature-image-circle\"><img loading=\"lazy\" decoding=\"async\" src=\"https:\/\/ch.avm.de\/fileadmin\/user_upload\/Global\/Icons\/blau_svg\/Netzwerk.svg\" alt=\"\" width=\"50\" height=\"50\" \/><\/div>\n<\/div>\n<div class=\"teaser-single-product-feature-text\">\n<p>Netzwerk mit 3 x Gigabit-LAN und 1 x USB<\/p>\n<\/div>\n<\/div>\n<\/li>\n<li class=\"teaser-single-product-feature\">\n<div class=\"teaser-single-product-feature-inner\">\n<div class=\"teaser-single-product-feature-image-wrapper\">\n<div class=\"teaser-single-product-feature-image-circle\"><img loading=\"lazy\" decoding=\"async\" src=\"https:\/\/ch.avm.de\/fileadmin\/user_upload\/Global\/Icons\/blau_svg\/Telefon.svg\" alt=\"\" width=\"50\" height=\"50\" \/><\/div>\n<\/div>\n<div class=\"teaser-single-product-feature-text\">\n<p>Telefonanlage f\u00fcr DECT, IP, ISDN und analog<\/p>\n<\/div>\n<\/div>\n<\/li>\n<li class=\"teaser-single-product-feature\">\n<div class=\"teaser-single-product-feature-inner\">\n<div class=\"teaser-single-product-feature-image-wrapper\">\n<div class=\"teaser-single-product-feature-image-circle\"><img loading=\"lazy\" decoding=\"async\" src=\"https:\/\/ch.avm.de\/fileadmin\/user_upload\/Global\/Icons\/blau_svg\/FRITZOS.svg\" alt=\"\" width=\"50\" height=\"50\" \/><\/div>\n<\/div>\n<div class=\"teaser-single-product-feature-text\">\n<p>Mediaserver, NAS, MyFRITZ!, Auto-Update<\/p>\n<\/div>\n<\/div>\n<\/li>\n<\/ul>\n","protected":false},"featured_media":10727,"comment_status":"closed","ping_status":"closed","template":"","meta":[],"product_brand":[242],"product_cat":[66],"product_tag":[],"class_list":{"0":"post-10726","1":"product","2":"type-product","3":"status-publish","4":"has-post-thumbnail","6":"product_brand-fritz","7":"product_cat-wlan-router","8":"product_shipping_class-lieferung-basic-audio","10":"first","11":"instock","12":"taxable","13":"shipping-taxable","14":"purchasable","15":"product-type-simple"},"_links":{"self":[{"href":"https:\/\/spuehler-tv.ch\/onlineshop\/wp-json\/wp\/v2\/product\/10726","targetHints":{"allow":["GET"]}}],"collection":[{"href":"https:\/\/spuehler-tv.ch\/onlineshop\/wp-json\/wp\/v2\/product"}],"about":[{"href":"https:\/\/spuehler-tv.ch\/onlineshop\/wp-json\/wp\/v2\/types\/product"}],"replies":[{"embeddable":true,"href":"https:\/\/spuehler-tv.ch\/onlineshop\/wp-json\/wp\/v2\/comments?post=10726"}],"wp:featuredmedia":[{"embeddable":true,"href":"https:\/\/spuehler-tv.ch\/onlineshop\/wp-json\/wp\/v2\/media\/10727"}],"wp:attachment":[{"href":"https:\/\/spuehler-tv.ch\/onlineshop\/wp-json\/wp\/v2\/media?parent=10726"}],"wp:term":[{"taxonomy":"product_brand","embeddable":true,"href":"https:\/\/spuehler-tv.ch\/onlineshop\/wp-json\/wp\/v2\/product_brand?post=10726"},{"taxonomy":"product_cat","embeddable":true,"href":"https:\/\/spuehler-tv.ch\/onlineshop\/wp-json\/wp\/v2\/product_cat?post=10726"},{"taxonomy":"product_tag","embeddable":true,"href":"https:\/\/spuehler-tv.ch\/onlineshop\/wp-json\/wp\/v2\/product_tag?post=10726"}],"curies":[{"name":"wp","href":"https:\/\/api.w.org\/{rel}","templated":true}]}}