{"id":10660,"date":"2024-11-22T18:29:22","date_gmt":"2024-11-22T17:29:22","guid":{"rendered":"https:\/\/spuehler-tv.ch\/onlineshop\/?post_type=product&#038;p=10660"},"modified":"2026-01-06T15:20:01","modified_gmt":"2026-01-06T14:20:01","slug":"a571-noxon-43cm-hifi-dab-internetradio-streaming-player","status":"publish","type":"product","link":"https:\/\/spuehler-tv.ch\/onlineshop\/produkt\/a571-noxon-43cm-hifi-dab-internetradio-streaming-player\/","title":{"rendered":"A571 (Noxon) &#8211; 43cm HiFi DAB+\/Internetradio\/Streaming Player"},"content":{"rendered":"<h3 class=\"text-text-default-primary text-xl lg:text-2xl pb-3 font-secondary\">NOXON A 571 Netzwerk Receiver (Schwarz)<\/h3>\n<div class=\"mb-2 flex flex-col gap-1 md:flex-row md:gap-6\">DAB+ Digitalradio UKW-Radio Internetradio Audiostreaming Spotify, Bluetooth USB MP3 Wiedergabe + Ladefunktion Favoritentasten am Ger\u00e4t TFT-Farbdisplay 3,2&#8243; Steuerung per App Cinch Out, Optical Out, Coaxial Out Kopfh\u00f6reranschluss WLAN und LAN Anschluss<\/div>\n<div class=\"[&amp;_p]:my-2\">\n<div class=\"\" data-testid=\"text-clamp\">\n<div>Modernisieren Sie Ihre klassische Hi-Fi-Anlage mit dem A 571 und geniessen Sie die Vielfalt der digitalen Radiotechnologie.<\/div>\n<div>Egal ob Sie Ihr Lieblings-Internetradio h\u00f6ren, oder einfach \u00fcber Bluetooth und Spotify streamen m\u00f6chten &#8211; das A 571 bietet Ihnen ein komfortables und vielseitiges Musikerlebnis.<\/div>\n<div>Hochwertige Verarbeitung und einfache Bedienung Die Ger\u00e4tefront besteht aus geb\u00fcrstetem Aluminium und verf\u00fcgt \u00fcber drei Favoritentasten f\u00fcr Ihre Lieblingssender. Zwei Drehregler erm\u00f6glichen eine einfache Volumenregelung und Men\u00fcf\u00fchrung.Die neu designte Fernbedienung ist ergonomisch und liegt komfortabel in der Hand.<\/div>\n<div>Umfangreiche Konnektivit\u00e4t Zus\u00e4tzlich zu WLAN und LAN verf\u00fcgt das A 571 \u00fcber zahlreiche Ausgangs- und Eingangsoptionen, darunter Cinch R\/L Audio Out, SPDIF Optical Out, Coaxial Out und einen 3,5-mm-Kopfh\u00f6reranschluss. Der USB-Anschluss befindet sich an der Ger\u00e4tefront und unterst\u00fctzt sowohl das Abspielen von MP3-Musik als auch das Aufladen von Ger\u00e4ten.<\/div>\n<div>Internetradio mit \u00fcber 40.000 Radiostationen und Podcasts (Airable Datenbank) DAB+ und UKW Empfang, ( DAB+ mit dynamischer Slideshow ) 3 feste Stationstasten am Ger\u00e4t, 40 Favoriten auf der Fernbedienung Zwei Drehregler an der Ger\u00e4tefront f\u00fcr Volumenregelung und Menuf\u00fchrung Bluetooth V4.2 (Empfang) USB 2.0 Anschluss zum Abspielen von MP3 Musik und Ladefunktion 1000mA Spotify Music Service lizenziert Kopfh\u00f6reranschluss 3.5mm WIFI (2.4GHz und 5GHz) &amp; LAN-Anschluss 100 MBit\/s RJ-45 Cinch R\/L Audio Out, SPDIF Optical Out, Coaxial Out, 3.5mm Kopfh\u00f6reranschluss Equalizer 3,2 Zoll Farb TFT-Display, 320 x 240 App-Fernsteuerung UNDOK von Radio und Audio-Streaming (einschliesslich lokaler Inhalte vom Smartphone) IR-Fernbedienung Uhr, Dual-Weckfunktion, Sleeptimer und Snooze Wecken mit Ihrem Lieblingssender, Ihrer eigenen Musik oder einem Summer Menusprachen Deutsch, Englisch, Franz\u00f6sisch, Italienisch und weitere F-Buchse Anschluss f\u00fcr externe Antenne Chipset: Frontier VX Hochwertiges Metallgeh\u00e4use mit geb\u00fcrsteter Alufront in Silber Pantone 877 C<\/div>\n<div>Abmessungen: 430 x 303 x 68mm ( B x T x H) Gewicht 3,0 KG netto<\/div>\n<div>Lieferumfang: Noxon A 571, Fernbedienung inkl. 2x AAA Batterien, Teleskopantenne f\u00fcr DAB+\/UKW schraubbar, WLAN Antenne schraubbar, Netzteil 5.0V\/2.0A, Bedienungsanleitung DE\/EN\/F<\/div>\n<\/div>\n<\/div>\n","protected":false},"excerpt":{"rendered":"<ul class=\"cds-List cds-List--Bulleted\">\n<li>Mit DAB+; FM; Internetradio<\/li>\n<li>Fernsteuerung von Radio und Audio-Streaming durch App Undok<\/li>\n<li>Streaming \u00fcber Spotify<\/li>\n<li>USB 2.0 Anschluss f\u00fcr MP3 Musikwiedergabe und Ladefunktion<\/li>\n<li>Cinch R\/L Audio Out, SPDIF Optical Out, Coaxial Out, 3.5 mm Kopfh\u00f6reranschluss<\/li>\n<li>WIFI (2.4 GHz und 5 GHz) &amp; LAN-Anschluss<\/li>\n<\/ul>\n","protected":false},"featured_media":10665,"comment_status":"open","ping_status":"closed","template":"","meta":[],"product_brand":[219],"product_cat":[20,60,33,53],"product_tag":[],"class_list":{"0":"post-10660","1":"product","2":"type-product","3":"status-publish","4":"has-post-thumbnail","6":"product_brand-noxon","7":"product_cat-audio-geraete","8":"product_cat-adapter","9":"product_cat-audio-stationaer","10":"product_cat-hifi-komponenten","12":"first","13":"instock","14":"taxable","15":"shipping-taxable","16":"purchasable","17":"product-type-variable","18":"has-default-attributes","19":"rtwpvg-product"},"_links":{"self":[{"href":"https:\/\/spuehler-tv.ch\/onlineshop\/wp-json\/wp\/v2\/product\/10660","targetHints":{"allow":["GET"]}}],"collection":[{"href":"https:\/\/spuehler-tv.ch\/onlineshop\/wp-json\/wp\/v2\/product"}],"about":[{"href":"https:\/\/spuehler-tv.ch\/onlineshop\/wp-json\/wp\/v2\/types\/product"}],"replies":[{"embeddable":true,"href":"https:\/\/spuehler-tv.ch\/onlineshop\/wp-json\/wp\/v2\/comments?post=10660"}],"wp:featuredmedia":[{"embeddable":true,"href":"https:\/\/spuehler-tv.ch\/onlineshop\/wp-json\/wp\/v2\/media\/10665"}],"wp:attachment":[{"href":"https:\/\/spuehler-tv.ch\/onlineshop\/wp-json\/wp\/v2\/media?parent=10660"}],"wp:term":[{"taxonomy":"product_brand","embeddable":true,"href":"https:\/\/spuehler-tv.ch\/onlineshop\/wp-json\/wp\/v2\/product_brand?post=10660"},{"taxonomy":"product_cat","embeddable":true,"href":"https:\/\/spuehler-tv.ch\/onlineshop\/wp-json\/wp\/v2\/product_cat?post=10660"},{"taxonomy":"product_tag","embeddable":true,"href":"https:\/\/spuehler-tv.ch\/onlineshop\/wp-json\/wp\/v2\/product_tag?post=10660"}],"curies":[{"name":"wp","href":"https:\/\/api.w.org\/{rel}","templated":true}]}}