{"id":10649,"date":"2024-11-22T17:57:42","date_gmt":"2024-11-22T16:57:42","guid":{"rendered":"https:\/\/spuehler-tv.ch\/onlineshop\/?post_type=product&#038;p=10649"},"modified":"2026-01-06T17:05:27","modified_gmt":"2026-01-06T16:05:27","slug":"evoke-play-pure-internet-dab-spotify-bluetooth-radio","status":"publish","type":"product","link":"https:\/\/spuehler-tv.ch\/onlineshop\/produkt\/evoke-play-pure-internet-dab-spotify-bluetooth-radio\/","title":{"rendered":"Evoke Play (Pure) &#8211; Internet\/DAB+\/Spotify Bluetooth Radio"},"content":{"rendered":"<p class=\"bpalzzX0\">Dieses wandelbare Klangwunder spielt verschiedenste Audioinhalte zu jeder Gelegenheit. Als tragbarer Begleiter f\u00fcr innen und aussen liefert das Musiksystem Ihre Lieblingsinhalte von Spotify Connect, internationalen Radiosendern, DAB+, Bluetooth oder UKW in sattem Stereoklang.<\/p>\n<div class=\"bpaCBAXg bpamsNrf\">\n<h4 class=\"bpaJhi40 bpaDAvel bpaVItGy\">All das was Radio ausmacht, neu durchdacht<\/h4>\n<p>Die Auswahl an Musikquellen ist so vielf\u00e4ltig wie der Musikgeschmack selbst. Der Evoke Play erf\u00fcllt alle Ihre Musikw\u00fcnsche, ganz gleich, wie Sie auf Ihre Lieblingstitel zugreifen wollen. Als Smart Radio vereint der Evoke Play analoges Radio (UKW), digitales Radio (DAB) und Internetkonnektivit\u00e4t f\u00fcr ein robusteres und zuverl\u00e4ssigeres H\u00f6rerlebnis. Bei einer Auswahl von \u00fcber 85.000 Internet-Radiosendern und Podcasts aus aller Welt, sowie Zugriff auf nationale und regionale Programme \u00fcber DAB+\/UKW, findet jedes Ohr seinen Lieblingsklang.<\/p>\n<\/div>\n<div class=\"bpaCBAXg bpamsNrf\">\n<h4 class=\"bpaJhi40 bpaDAvel bpaVItGy\">Ein Musiksystem f\u00fcrs Leben<\/h4>\n<p>Bluetooth und Spotify Connect sorgen daf\u00fcr, dass Sie auch die neuesten Releases \u00fcber Streamingdienste auf Ihrem Evoke Play geniessen k\u00f6nnen wo auch immer Sie wollen. Mit einem optionalen ChargePAK mit 12 h Akkulaufzeit kann dieser vielseitige Begleiter \u00fcberall zuhause sein. Die komfortable Form, das angenehme Gewicht und der praktische Tragegriff machen den Play somit zum ultimativen Begleiter im Zuhause.<\/p>\n<\/div>\n<div class=\"bpaCBAXg bpamsNrf\">\n<h4 class=\"bpaJhi40 bpaDAvel bpaVItGy\">H\u00f6chster Anspruch an Leichtigkeit<\/h4>\n<p>Das klappbare Farbdisplay spart nicht nur Platz und l\u00e4sst das Musiksystem noch schlanker wirken, sondern versteckt auch st\u00f6rende Lichter. Komplexe Funktionen wie Wecker, Timer oder Wechsel der Audioquelle sind im klappbaren Display untergebracht. Allt\u00e4gliche Funktionen sind leicht erreichbar auf der Oberfl\u00e4che des Evoke Play angebracht. Der beleuchtete Lautst\u00e4rkeregler liefert zus\u00e4tzliches visuelles Feedback auch wenn das Display geschlossen ist. Das macht die Bedienung f\u00fcr jeden im Haushalt intuitiv und einfach.<\/p>\n<\/div>\n<div class=\"bpaCBAXg bpamsNrf\">\n<h4 class=\"bpaJhi40 bpaDAvel bpaVItGy\">Leistungsstarker Sound in fortschrittlicher Form<\/h4>\n<p>Mit einer \u00fcberraschenden Audioleistung von 40W in smarter Form spielt der Evoke Play zu jeder Gelegenheit. Aus zwei 20 mm Soft-Dome- Hocht\u00f6ner und einem 3.5 Zoll Tieft\u00f6ner liefert das vielseitige Musiksystem Lieblingsinhalte in starkem Stereoklang.<\/p>\n<\/div>\n<div class=\"bpaCBAXg bpamsNrf\">\n<h4 class=\"bpaJhi40 bpaDAvel bpaVItGy\">Nachhaltig und Stilvoll<\/h4>\n<p>Mit einer Front aus umweltzertifizierter und recycelter Wolle ist jeder Evoke Play ein Unikat. Der Wollstoff verleiht dem Musiksystem einen modernen Look und bleibt in jeder Umgebung praktisch geruchsneutral.<\/p>\n<\/div>\n","protected":false},"excerpt":{"rendered":"<p>Stereo,4 Senderspeichertasten, Empfang DAB+, UKW, Internet-Radiowiedergabe, 2,4 Zoll Farbdisplay, Weckfunktion, zwei Weckzeiten einstellbar, Nachweckautomatik (Snooze), Sleep-Timer, Spotify Connect, Bluetooth, per App steuerbar<\/p>\n","protected":false},"featured_media":10655,"comment_status":"open","ping_status":"closed","template":"","meta":[],"product_brand":[233],"product_cat":[20,174,52],"product_tag":[],"class_list":{"0":"post-10649","1":"product","2":"type-product","3":"status-publish","4":"has-post-thumbnail","6":"product_brand-pure","7":"product_cat-audio-geraete","8":"product_cat-portabel-audio","9":"product_cat-audio-portabel","11":"first","12":"instock","13":"taxable","14":"shipping-taxable","15":"purchasable","16":"product-type-variable","17":"has-default-attributes","18":"rtwpvg-product"},"_links":{"self":[{"href":"https:\/\/spuehler-tv.ch\/onlineshop\/wp-json\/wp\/v2\/product\/10649","targetHints":{"allow":["GET"]}}],"collection":[{"href":"https:\/\/spuehler-tv.ch\/onlineshop\/wp-json\/wp\/v2\/product"}],"about":[{"href":"https:\/\/spuehler-tv.ch\/onlineshop\/wp-json\/wp\/v2\/types\/product"}],"replies":[{"embeddable":true,"href":"https:\/\/spuehler-tv.ch\/onlineshop\/wp-json\/wp\/v2\/comments?post=10649"}],"wp:featuredmedia":[{"embeddable":true,"href":"https:\/\/spuehler-tv.ch\/onlineshop\/wp-json\/wp\/v2\/media\/10655"}],"wp:attachment":[{"href":"https:\/\/spuehler-tv.ch\/onlineshop\/wp-json\/wp\/v2\/media?parent=10649"}],"wp:term":[{"taxonomy":"product_brand","embeddable":true,"href":"https:\/\/spuehler-tv.ch\/onlineshop\/wp-json\/wp\/v2\/product_brand?post=10649"},{"taxonomy":"product_cat","embeddable":true,"href":"https:\/\/spuehler-tv.ch\/onlineshop\/wp-json\/wp\/v2\/product_cat?post=10649"},{"taxonomy":"product_tag","embeddable":true,"href":"https:\/\/spuehler-tv.ch\/onlineshop\/wp-json\/wp\/v2\/product_tag?post=10649"}],"curies":[{"name":"wp","href":"https:\/\/api.w.org\/{rel}","templated":true}]}}