{"id":10615,"date":"2024-10-29T09:25:43","date_gmt":"2024-10-29T08:25:43","guid":{"rendered":"https:\/\/spuehler-tv.ch\/onlineshop\/?post_type=product&#038;p=10615"},"modified":"2026-01-06T15:18:23","modified_gmt":"2026-01-06T14:18:23","slug":"arc-ultra-wandhalterung-sonos","status":"publish","type":"product","link":"https:\/\/spuehler-tv.ch\/onlineshop\/produkt\/arc-ultra-wandhalterung-sonos\/","title":{"rendered":"ARC Ultra Wandhalterung (Sonos)"},"content":{"rendered":"<div class=\"details__headline\">Wandhalterung, passend f\u00fcr Soundbars, speziell f\u00fcr Arc Ultra<\/div>\n<div class=\"details__sustainability\"><\/div>\n<div class=\"details__column\">\n<div class=\"detail__block--wrapper\">\n<div><span class=\"detail__title  detail__title--top\" data-headline-code=\"0060057801\">Art<\/span><\/p>\n<div class=\"detail__block\" data-feature-code=\"classificationCatalog\/1.0\/0060057801.ep60057820\"><span class=\"detail__title\">Wandhalterung<\/span><\/p>\n<div class=\"detail__hook\"><\/div>\n<\/div>\n<\/div>\n<\/div>\n<div class=\"detail__block--wrapper\">\n<div><span class=\"detail__title  detail__title--top\" data-headline-code=\"0060063327\">passend f\u00fcr<\/span><\/p>\n<div class=\"detail__block\" data-feature-code=\"classificationCatalog\/1.0\/0060063327.soundbars\"><span class=\"detail__title\">Soundbars<\/span><\/p>\n<div class=\"detail__hook\"><\/div>\n<\/div>\n<div class=\"detail__block\" data-feature-code=\"classificationCatalog\/1.0\/0060063327.speziellfuer\"><span class=\"detail__title\">speziell f\u00fcr<\/span>\u00a0<span class=\"detail__desc\">Arc Ultra<\/span><\/div>\n<\/div>\n<\/div>\n<div class=\"detail__block--wrapper\">\n<div><span class=\"detail__title  detail__title--top\" data-headline-code=\"0000000096\">Logistikma\u00dfe mit Verpackung<\/span><\/p>\n<div class=\"detail__block\" data-feature-code=\"classificationCatalog\/1.0\/0000000096.bruttobreitecm\"><span class=\"detail__title\">Breite:<\/span>\u00a0<span class=\"detail__desc\">7 cm<\/span><\/div>\n<div class=\"detail__block\" data-feature-code=\"classificationCatalog\/1.0\/0000000096.bruttohoehecm\"><span class=\"detail__title\">H\u00f6he:<\/span>\u00a0<span class=\"detail__desc\">4 cm<\/span><\/div>\n<div class=\"detail__block\" data-feature-code=\"classificationCatalog\/1.0\/0000000096.bruttotiefecm\"><span class=\"detail__title\">Tiefe:<\/span>\u00a0<span class=\"detail__desc\">77 cm<\/span><\/div>\n<div class=\"detail__block\" data-feature-code=\"classificationCatalog\/1.0\/0000000096.bruttogewichtkg\"><span class=\"detail__title\">Gewicht:<\/span>\u00a0<span class=\"detail__desc\">4 kg<\/span><\/div>\n<\/div>\n<\/div>\n<\/div>\n","protected":false},"excerpt":{"rendered":"<p>Wandhalterung, passend f\u00fcr Soundbars, speziell f\u00fcr Arc Ultra Art Wandhalterung passend f\u00fcr Soundbars speziell f\u00fcr\u00a0Arc Ultra Logistikma\u00dfe mit Verpackung Breite:\u00a07 cm H\u00f6he:\u00a04 cm Tiefe:\u00a077 cm Gewicht:\u00a04 kg<\/p>\n","protected":false},"featured_media":10618,"comment_status":"closed","ping_status":"closed","template":"","meta":[],"product_brand":[218],"product_cat":[156,157],"product_tag":[],"class_list":{"0":"post-10615","1":"product","2":"type-product","3":"status-publish","4":"has-post-thumbnail","6":"product_brand-sonos","7":"product_cat-wandhalterungen","8":"product_cat-moebel-halterungen-staender","9":"product_shipping_class-lieferung-basic-audio","11":"first","12":"onbackorder","13":"taxable","14":"shipping-taxable","15":"purchasable","16":"product-type-simple"},"_links":{"self":[{"href":"https:\/\/spuehler-tv.ch\/onlineshop\/wp-json\/wp\/v2\/product\/10615","targetHints":{"allow":["GET"]}}],"collection":[{"href":"https:\/\/spuehler-tv.ch\/onlineshop\/wp-json\/wp\/v2\/product"}],"about":[{"href":"https:\/\/spuehler-tv.ch\/onlineshop\/wp-json\/wp\/v2\/types\/product"}],"replies":[{"embeddable":true,"href":"https:\/\/spuehler-tv.ch\/onlineshop\/wp-json\/wp\/v2\/comments?post=10615"}],"wp:featuredmedia":[{"embeddable":true,"href":"https:\/\/spuehler-tv.ch\/onlineshop\/wp-json\/wp\/v2\/media\/10618"}],"wp:attachment":[{"href":"https:\/\/spuehler-tv.ch\/onlineshop\/wp-json\/wp\/v2\/media?parent=10615"}],"wp:term":[{"taxonomy":"product_brand","embeddable":true,"href":"https:\/\/spuehler-tv.ch\/onlineshop\/wp-json\/wp\/v2\/product_brand?post=10615"},{"taxonomy":"product_cat","embeddable":true,"href":"https:\/\/spuehler-tv.ch\/onlineshop\/wp-json\/wp\/v2\/product_cat?post=10615"},{"taxonomy":"product_tag","embeddable":true,"href":"https:\/\/spuehler-tv.ch\/onlineshop\/wp-json\/wp\/v2\/product_tag?post=10615"}],"curies":[{"name":"wp","href":"https:\/\/api.w.org\/{rel}","templated":true}]}}