{"id":10606,"date":"2024-10-29T09:21:05","date_gmt":"2024-10-29T08:21:05","guid":{"rendered":"https:\/\/spuehler-tv.ch\/onlineshop\/?post_type=product&#038;p=10606"},"modified":"2026-01-27T09:27:10","modified_gmt":"2026-01-27T08:27:10","slug":"arc-ultra-sonos-multiroom-soundbar-weiss-o-schwarz","status":"publish","type":"product","link":"https:\/\/spuehler-tv.ch\/onlineshop\/produkt\/arc-ultra-sonos-multiroom-soundbar-weiss-o-schwarz\/","title":{"rendered":"ARC Ultra (Sonos) &#8211; Multiroom Soundbar &#8211; Weiss o. Schwarz"},"content":{"rendered":"<p>Die Arc Ultra ist die eleganteste und leistungsst\u00e4rkste Soundbar von<br \/>\nSonos. Arc Ultra erf\u00fcllt dank der brandneuen akustischen Architektur mit<br \/>\n14 von Sonos entwickelten Treibern und fortschrittlicher Technologie wie<br \/>\nSound Motion\u2122 den gesamten Raum mit pr\u00e4zise abgestimmtem, raumf\u00fcllendem<br \/>\nSound f\u00fcr einzigartiges Entertainment.<\/p>\n<p>Verst\u00e4rker<br \/>\nF\u00fcnfzehn digitale Verst\u00e4rker der Klasse D sind perfekt auf die<br \/>\neinzigartige akustische Architektur der Soundbar abgestimmt.<\/p>\n<p>Hocht\u00f6ner<br \/>\nSieben pr\u00e4zise gewinkelte Kalottenhocht\u00f6ner sorgen f\u00fcr kristallklare<br \/>\nH\u00f6henfrequenzen und Dialoge. Zwei dieser Hocht\u00f6ner sind nach oben<br \/>\ngerichtet und erzeugen dedizierte H\u00f6henkan\u00e4le f\u00fcr 3D-Audio.<\/p>\n<p>Mittelt\u00f6ner<br \/>\nSechs Mittelt\u00f6ner garantieren die optimale Wiedergabe der mittleren<br \/>\nFrequenzen.<\/p>\n<p>Tieft\u00f6ner<br \/>\nSound Motion und ein Doppelmembran-Tieft\u00f6ner mit vier Motoren<br \/>\nerm\u00f6glichen einzigartigen Bass in einem revolution\u00e4r flachen, kompakten<br \/>\nDesign.<\/p>\n<p>Mikrofone<br \/>\nFernfeld-Mikrofone mit pr\u00e4ziser Positionsbestimmung von Audioquellen und<br \/>\nMultichannel Echounterdr\u00fcckung sorgen f\u00fcr eine schnelle und pr\u00e4zise<br \/>\nSprachsteuerung und Trueplay Tuning. Die Deaktivierung ist dank des<br \/>\nMikrofonschalters ganz einfach.<\/p>\n<p>Einstellbarer Equalizer<br \/>\nMit der Sonos App kannst du Lautst\u00e4rke, Bass und H\u00f6hen ganz einfach<br \/>\neinstellen.<\/p>\n<p>Trueplay<br \/>\nDiese Software ermittelt die Akustik des Raums und stimmt anschlie\u00dfend<br \/>\nden Equalizer perfekt darauf ab. Kompatibel mit iOS und Android Ger\u00e4ten.<\/p>\n<p>Sprachverbesserung<br \/>\nW\u00e4hle die Klarheit der Dialoge in der Sonos App aus.<\/p>\n<p>Nachtmodus<br \/>\nAktiviere diese Einstellung in der Sonos App, um die Intensit\u00e4t lauter<br \/>\nKl\u00e4nge zu reduzieren und leisere Kl\u00e4nge zu verst\u00e4rken.<\/p>\n","protected":false},"excerpt":{"rendered":"<p>Soundbar, 9.1.4 Kanal-System, Nachtmodus, Dolby Atmos, Dolby Digital, Dolby Digital Plus, Dolby TrueHD, DTS, Android, iPad, iPhone, per App steuerbar, integrierte Sprachsteuerung, kompatibel mit Amazon Alexa, AirPlay 2, Bluetooth-Schnittstelle, Wireless Lan, HDMI-Eing\u00e4nge: 1, eARC (enhanced Audio Return Channel), Netzwerk-Anschluss (Ethernet)<\/p>\n","protected":false},"featured_media":10613,"comment_status":"closed","ping_status":"closed","template":"","meta":[],"product_brand":[218],"product_cat":[143,54],"product_tag":[],"class_list":{"0":"post-10606","1":"product","2":"type-product","3":"status-publish","4":"has-post-thumbnail","6":"product_brand-sonos","7":"product_cat-austellungsgeraete-spezialangebote","8":"product_cat-multiroom","9":"product_shipping_class-lieferung-basic-audio","11":"first","12":"onbackorder","13":"taxable","14":"shipping-taxable","15":"purchasable","16":"product-type-variable","17":"has-default-attributes","18":"rtwpvg-product"},"_links":{"self":[{"href":"https:\/\/spuehler-tv.ch\/onlineshop\/wp-json\/wp\/v2\/product\/10606","targetHints":{"allow":["GET"]}}],"collection":[{"href":"https:\/\/spuehler-tv.ch\/onlineshop\/wp-json\/wp\/v2\/product"}],"about":[{"href":"https:\/\/spuehler-tv.ch\/onlineshop\/wp-json\/wp\/v2\/types\/product"}],"replies":[{"embeddable":true,"href":"https:\/\/spuehler-tv.ch\/onlineshop\/wp-json\/wp\/v2\/comments?post=10606"}],"wp:featuredmedia":[{"embeddable":true,"href":"https:\/\/spuehler-tv.ch\/onlineshop\/wp-json\/wp\/v2\/media\/10613"}],"wp:attachment":[{"href":"https:\/\/spuehler-tv.ch\/onlineshop\/wp-json\/wp\/v2\/media?parent=10606"}],"wp:term":[{"taxonomy":"product_brand","embeddable":true,"href":"https:\/\/spuehler-tv.ch\/onlineshop\/wp-json\/wp\/v2\/product_brand?post=10606"},{"taxonomy":"product_cat","embeddable":true,"href":"https:\/\/spuehler-tv.ch\/onlineshop\/wp-json\/wp\/v2\/product_cat?post=10606"},{"taxonomy":"product_tag","embeddable":true,"href":"https:\/\/spuehler-tv.ch\/onlineshop\/wp-json\/wp\/v2\/product_tag?post=10606"}],"curies":[{"name":"wp","href":"https:\/\/api.w.org\/{rel}","templated":true}]}}