{"id":10558,"date":"2024-10-23T08:33:53","date_gmt":"2024-10-23T07:33:53","guid":{"rendered":"https:\/\/spuehler-tv.ch\/onlineshop\/?post_type=product&#038;p=10558"},"modified":"2026-01-06T17:45:22","modified_gmt":"2026-01-06T16:45:22","slug":"iphone-16-apple-ios-smartphone","status":"publish","type":"product","link":"https:\/\/spuehler-tv.ch\/onlineshop\/produkt\/iphone-16-apple-ios-smartphone\/","title":{"rendered":"iPhone 16 (Apple) &#8211; iOS Smartphone"},"content":{"rendered":"<p>Smartphone, 5G, Quadband, LTE, Dual-Sim, Kamera, 48 Megapixel, 6-fach optischer Zoom, optischer Bildstabilisator, Gesichtserkennung, L\u00e4chelerkennung, Geotagging, Fotoblitz, zweite Hauptkamera, 12 Megapixel Aufl\u00f6sung, Ultra-Weitwinkel, Frontkamera, 12 Megapixel Aufl\u00f6sung, Videotelefonie, Videoaufnahme-Funktion, 4K Ultra-HD Video, Zeitraffer-Video, Zeitlupen-Video, HDR Aufnahme, Farbdisplay, 6,1 Zoll, 60 Hz Bildwiederholungsrate, Aufl\u00f6sung: 2.556&#215;1.179 Pixel, Full HD, High Dynamic Range (HDR), OLED-Technologie, Gesichtserkennung (Zugriff), Notruf-Funktion, Spracherkennung, ca. 128 &#8211; 512 GB interner Speicher (je nach ausgew\u00e4hlter Variante), KI (AI)-Funktionen, IOS-Betriebssystem, Hexa-core Prozessor, 8 GB Arbeitsspeicher, Barometer (Luftdruckmesser), Ladem\u00f6glichkeit per Induktion<\/p>\n","protected":false},"excerpt":{"rendered":"<p>Mittelklasse iOS Smartphone<\/p>\n","protected":false},"featured_media":10585,"comment_status":"open","ping_status":"closed","template":"","meta":[],"product_brand":[252],"product_cat":[75],"product_tag":[],"class_list":{"0":"post-10558","1":"product","2":"type-product","3":"status-publish","4":"has-post-thumbnail","6":"product_brand-apple","7":"product_cat-handy","9":"first","10":"onbackorder","11":"taxable","12":"shipping-taxable","13":"purchasable","14":"product-type-variable","15":"has-default-attributes","16":"rtwpvg-product"},"_links":{"self":[{"href":"https:\/\/spuehler-tv.ch\/onlineshop\/wp-json\/wp\/v2\/product\/10558","targetHints":{"allow":["GET"]}}],"collection":[{"href":"https:\/\/spuehler-tv.ch\/onlineshop\/wp-json\/wp\/v2\/product"}],"about":[{"href":"https:\/\/spuehler-tv.ch\/onlineshop\/wp-json\/wp\/v2\/types\/product"}],"replies":[{"embeddable":true,"href":"https:\/\/spuehler-tv.ch\/onlineshop\/wp-json\/wp\/v2\/comments?post=10558"}],"wp:featuredmedia":[{"embeddable":true,"href":"https:\/\/spuehler-tv.ch\/onlineshop\/wp-json\/wp\/v2\/media\/10585"}],"wp:attachment":[{"href":"https:\/\/spuehler-tv.ch\/onlineshop\/wp-json\/wp\/v2\/media?parent=10558"}],"wp:term":[{"taxonomy":"product_brand","embeddable":true,"href":"https:\/\/spuehler-tv.ch\/onlineshop\/wp-json\/wp\/v2\/product_brand?post=10558"},{"taxonomy":"product_cat","embeddable":true,"href":"https:\/\/spuehler-tv.ch\/onlineshop\/wp-json\/wp\/v2\/product_cat?post=10558"},{"taxonomy":"product_tag","embeddable":true,"href":"https:\/\/spuehler-tv.ch\/onlineshop\/wp-json\/wp\/v2\/product_tag?post=10558"}],"curies":[{"name":"wp","href":"https:\/\/api.w.org\/{rel}","templated":true}]}}