{"id":10471,"date":"2024-10-05T11:08:00","date_gmt":"2024-10-05T10:08:00","guid":{"rendered":"https:\/\/spuehler-tv.ch\/onlineshop\/?post_type=product&#038;p=10471"},"modified":"2026-01-06T14:18:48","modified_gmt":"2026-01-06T13:18:48","slug":"vr-120-block-smart-hifi-stereo-verstaerker","status":"publish","type":"product","link":"https:\/\/spuehler-tv.ch\/onlineshop\/produkt\/vr-120-block-smart-hifi-stereo-verstaerker\/","title":{"rendered":"VR-120 (Block) &#8211; Smart HiFi Stereo Verst\u00e4rker"},"content":{"rendered":"<h2>Klassik trifft Zukunft!<\/h2>\n<p>Elegant, modern und zukunftsorientiert, so l\u00e4sst sich der VR-120 beschreiben. Das klassische Hifi-Ger\u00e4t, gefertigt aus einem Vollaluminiumgeh\u00e4use, besteht aus einem Verst\u00e4rker mit 2 x 120 Watt Sinus Leistung. Mit Funktionen wie Bluetooth, USB, Internetradio, UKW und DAB+ wird der VR-120 zu einem echten Muss f\u00fcr jedes Wohnzimmer! Durch den hochwertigen XLR-Anschluss wird die bestm\u00f6gliche Soundqualit\u00e4t garantiert! Den VR-120 k\u00f6nnen Sie \u00fcber die UNDOK App, am Ger\u00e4t oder \u00fcber die beiliegende Fernbedienung steuern. Anschlie\u00dfen und loslegen!<\/p>\n<ul>\n<li>Triple-Radio: Internet Radio | DAB+ | UKW<\/li>\n<li>Media-Player: USB-Frontanschluss<\/li>\n<li>WLAN<\/li>\n<li>Bluetooth Wireless Streaming | Empf\u00e4nger &amp; Sender<\/li>\n<li>Spotify\u00ae-Connect Ready<\/li>\n<li>Kopfh\u00f6reranschlu\u00df &amp; Line-In (Front)<\/li>\n<li>Verst\u00e4rker: 2x 120 Watt | 4 Ohm<\/li>\n<li>2x 2 Lautsprecherausg\u00e4nge (A, B, A und B)<\/li>\n<li>Fernbedienungs-Lern<\/li>\n<li>Schlummer- Funktion<\/li>\n<li>Inkl. Systemfernbedienung<\/li>\n<li>\u00a0Erh\u00e4ltlich in Diamantsilber und Saphirschwarz<\/li>\n<\/ul>\n","protected":false},"excerpt":{"rendered":"<p>Klassik trifft Zukunft! Elegant, modern und zukunftsorientiert, so l\u00e4sst sich der VR-120 beschreiben. Das klassische Hifi-Ger\u00e4t, gefertigt aus einem Vollaluminiumgeh\u00e4use, besteht aus einem Verst\u00e4rker mit 2 x 120 Watt Sinus Leistung. Mit Funktionen wie Bluetooth, USB, Internetradio, UKW und DAB+ wird der VR-120 zu einem echten Muss f\u00fcr jedes Wohnzimmer! Durch den hochwertigen XLR-Anschluss wird [&hellip;]<\/p>\n","protected":false},"featured_media":10474,"comment_status":"open","ping_status":"closed","template":"","meta":[],"product_brand":[206],"product_cat":[53,20],"product_tag":[],"class_list":{"0":"post-10471","1":"product","2":"type-product","3":"status-publish","4":"has-post-thumbnail","6":"product_brand-block-audio","7":"product_cat-hifi-komponenten","8":"product_cat-audio-geraete","9":"product_shipping_class-lieferung-basic-audio","11":"first","12":"onbackorder","13":"taxable","14":"shipping-taxable","15":"purchasable","16":"product-type-variable","17":"has-default-attributes","18":"rtwpvg-product"},"_links":{"self":[{"href":"https:\/\/spuehler-tv.ch\/onlineshop\/wp-json\/wp\/v2\/product\/10471","targetHints":{"allow":["GET"]}}],"collection":[{"href":"https:\/\/spuehler-tv.ch\/onlineshop\/wp-json\/wp\/v2\/product"}],"about":[{"href":"https:\/\/spuehler-tv.ch\/onlineshop\/wp-json\/wp\/v2\/types\/product"}],"replies":[{"embeddable":true,"href":"https:\/\/spuehler-tv.ch\/onlineshop\/wp-json\/wp\/v2\/comments?post=10471"}],"wp:featuredmedia":[{"embeddable":true,"href":"https:\/\/spuehler-tv.ch\/onlineshop\/wp-json\/wp\/v2\/media\/10474"}],"wp:attachment":[{"href":"https:\/\/spuehler-tv.ch\/onlineshop\/wp-json\/wp\/v2\/media?parent=10471"}],"wp:term":[{"taxonomy":"product_brand","embeddable":true,"href":"https:\/\/spuehler-tv.ch\/onlineshop\/wp-json\/wp\/v2\/product_brand?post=10471"},{"taxonomy":"product_cat","embeddable":true,"href":"https:\/\/spuehler-tv.ch\/onlineshop\/wp-json\/wp\/v2\/product_cat?post=10471"},{"taxonomy":"product_tag","embeddable":true,"href":"https:\/\/spuehler-tv.ch\/onlineshop\/wp-json\/wp\/v2\/product_tag?post=10471"}],"curies":[{"name":"wp","href":"https:\/\/api.w.org\/{rel}","templated":true}]}}