{"id":10462,"date":"2024-09-27T14:17:39","date_gmt":"2024-09-27T13:17:39","guid":{"rendered":"https:\/\/spuehler-tv.ch\/onlineshop\/?post_type=product&#038;p=10462"},"modified":"2026-02-12T09:56:23","modified_gmt":"2026-02-12T08:56:23","slug":"cr-st40dab-kenwood-radiowecker-dab-bluetooth","status":"publish","type":"product","link":"https:\/\/spuehler-tv.ch\/onlineshop\/produkt\/cr-st40dab-kenwood-radiowecker-dab-bluetooth\/","title":{"rendered":"CR-ST40DAB (Kenwood) &#8211; Radiowecker DAB+ + Bluetooth"},"content":{"rendered":"<div class=\"details__subline\">Der perfekte Begleiter f\u00fcr jeden Morgen &#8211; das CR-ST40DAB vereint<br \/>\nstilvolles Design mit moderner Audiotechnologie. Das besonders gro\u00dfe<br \/>\nDisplay zeigt nicht nur die Uhrzeit, sondern auch wichtige Informationen<br \/>\nwie Sender und eingestellte Weckfunktionen. Die Displayhelligkeit l\u00e4sst<br \/>\nsich in mehreren Stufen einstellen, ein spezieller Low-Light-Modus sorgt<br \/>\ndaf\u00fcr, da\u00df die Beleuchtung auch nachts nicht st\u00f6rt. Dank integriertem<br \/>\nBluetooth k\u00f6nnen Sie Ihre Lieblingsmusik kabellos von Ihrem Smartphone<br \/>\nstreamen. Per DAB+ Empfang genie\u00dfen Sie kristallklaren Radio-Sound und<br \/>\neine gro\u00dfe Auswahl an Programmen in beeindruckender Klangqualit\u00e4t \u00fcber<br \/>\ndie integrierten Stereo-Lautsprecher.<\/div>\n","protected":false},"excerpt":{"rendered":"<ul>\n<li>Uhrenradio<\/li>\n<li>Stereo, RDS, UKW-Empfang<\/li>\n<li>DAB+-Empfang<\/li>\n<li>Sleep-Timer<\/li>\n<li>USB-Ladefunktion<\/li>\n<li>AUX-Eingang, hinten<\/li>\n<\/ul>\n","protected":false},"featured_media":10465,"comment_status":"open","ping_status":"closed","template":"","meta":[],"product_brand":[210],"product_cat":[82,20],"product_tag":[],"class_list":{"0":"post-10462","1":"product","2":"type-product","3":"status-publish","4":"has-post-thumbnail","6":"product_brand-kenwood","7":"product_cat-radiowecker","8":"product_cat-audio-geraete","9":"product_shipping_class-lieferung-basic-audio","11":"first","12":"instock","13":"taxable","14":"shipping-taxable","15":"purchasable","16":"product-type-variable","17":"has-default-attributes","18":"rtwpvg-product"},"_links":{"self":[{"href":"https:\/\/spuehler-tv.ch\/onlineshop\/wp-json\/wp\/v2\/product\/10462","targetHints":{"allow":["GET"]}}],"collection":[{"href":"https:\/\/spuehler-tv.ch\/onlineshop\/wp-json\/wp\/v2\/product"}],"about":[{"href":"https:\/\/spuehler-tv.ch\/onlineshop\/wp-json\/wp\/v2\/types\/product"}],"replies":[{"embeddable":true,"href":"https:\/\/spuehler-tv.ch\/onlineshop\/wp-json\/wp\/v2\/comments?post=10462"}],"wp:featuredmedia":[{"embeddable":true,"href":"https:\/\/spuehler-tv.ch\/onlineshop\/wp-json\/wp\/v2\/media\/10465"}],"wp:attachment":[{"href":"https:\/\/spuehler-tv.ch\/onlineshop\/wp-json\/wp\/v2\/media?parent=10462"}],"wp:term":[{"taxonomy":"product_brand","embeddable":true,"href":"https:\/\/spuehler-tv.ch\/onlineshop\/wp-json\/wp\/v2\/product_brand?post=10462"},{"taxonomy":"product_cat","embeddable":true,"href":"https:\/\/spuehler-tv.ch\/onlineshop\/wp-json\/wp\/v2\/product_cat?post=10462"},{"taxonomy":"product_tag","embeddable":true,"href":"https:\/\/spuehler-tv.ch\/onlineshop\/wp-json\/wp\/v2\/product_tag?post=10462"}],"curies":[{"name":"wp","href":"https:\/\/api.w.org\/{rel}","templated":true}]}}