{"id":10430,"date":"2024-09-17T07:13:07","date_gmt":"2024-09-17T06:13:07","guid":{"rendered":"https:\/\/spuehler-tv.ch\/onlineshop\/?post_type=product&#038;p=10430"},"modified":"2025-10-24T11:14:15","modified_gmt":"2025-10-24T10:14:15","slug":"nashville-klipsch-bluetooth-360-lautsprecher","status":"publish","type":"product","link":"https:\/\/spuehler-tv.ch\/onlineshop\/produkt\/nashville-klipsch-bluetooth-360-lautsprecher\/","title":{"rendered":"Nashville (Klipsch) &#8211; Bluetooth 360\u00b0 Lautsprecher"},"content":{"rendered":"<h2 class=\"itemdetails__heading\">Beschreibung<\/h2>\n<p>Der Klipsch Nashville verf\u00fcgt \u00fcber zwei 2,25\u201d Breitbandtreiber f\u00fcr 360\u00b0 Audio und zwei Passivradiatoren, die f\u00fcr tiefe, sonore B\u00e4sse sorgen. Trotz der kompakten Gr\u00f6sse des Nashville bietet seine aussergew\u00f6hnliche Technik eine anspruchsvolle Audio-Performance mit satten B\u00e4ssen und klaren Stimmen f\u00fcr unterwegs. Dieser kleine aber feine Bluetooth Lautsprecher l\u00e4uft bis zu 20 Stunden am St\u00fcck. Freu dich, denn der reisetaugliche Bluetooth-Lautsprecher ist staub- und wasserdicht gem\u00e4ss IP67. Der Klipsch Nashville l\u00e4sst kein Staubkorn rein und h\u00e4lt bis zu einem Meter unter Wasser f\u00fcr 30 Minuten aus.<\/p>\n<p>Drahtlos-Verbindungen sind ein Muss f\u00fcr deinen mobilen Lebensstil. Deshalb bietet der Klipsch Nashville die Bluetooth 5.3 True Wireless Technologie f\u00fcr nahtlose Stereowiedergabe. Dieser tragbare Lautsprecher merkt sich bis zu 8 Ger\u00e4te &#8211; so bleibt deine Playlist immer flexibel. Die USB-C-Ladefunktion mit 18 W sorgt f\u00fcr eine schnelle und effektive Stromversorgung, und mit der Reverse-USB-C-Ladefunktion (10 W) kannst du sogar dein Smartphone oder ein anderes mobiles Ger\u00e4t aufladen. Party People aufgepasst: Mit dem Broadcast Modus erm\u00f6glicht der Klipsch Nashville die Wiedergabe auf bis zu 10 Klipsch Lautsprechern gleichzeitig! Setze die gew\u00fcnschten Boxen ganz einfach w\u00e4hrend des Audio-Betriebs in den Broadcast Pairing Modus &#8211; schon erreicht das Signal alle Ger\u00e4te gleichzeitig. Pl\u00e4ne \u00e4ndern sich oft spontan, und aus deinem Solo-Spaziergang ist vielleicht ein Gruppentreffen auf dem Broadway geworden. Du verpasst nichts mehr, denn zum Gl\u00fcck hat der Klipsch Nashville ein eingebautes Mikrofon: unterbrich einfach kurz deine Musik, um schnell einen Anruf entgegenzunehmen, ohne zuerst dein Smartphone suchen zu m\u00fcssen. \u00dcber die Klipsch Connect App (kostenlos im App Store erh\u00e4ltlich) kannst du B\u00e4sse, Mitten und H\u00f6hen individuell einstellen, Over-the-Air Firmware-Updates bekommen und den Kundensupport kontaktieren.<\/p>\n<p><iframe loading=\"lazy\" title=\"Klipsch Nashville\" width=\"980\" height=\"551\" src=\"https:\/\/www.youtube.com\/embed\/RZszA5RNmEA?feature=oembed\" frameborder=\"0\" allow=\"accelerometer; autoplay; clipboard-write; encrypted-media; gyroscope; picture-in-picture; web-share\" referrerpolicy=\"strict-origin-when-cross-origin\" allowfullscreen><\/iframe><\/p>\n","protected":false},"excerpt":{"rendered":"<ul>\n<li>360\u00b0 Audio<\/li>\n<li>Akkulaufzeit bis 24h, 1,5h Ladezeit<\/li>\n<li>Broadcast Modus, bis 10 Ger\u00e4te gleichzeitig<\/li>\n<li>Klipsch Connect App<\/li>\n<li>USB-C Charging 18 W<\/li>\n<li>Bluetooth 5.3<\/li>\n<li>eingebautes Mikrofon f\u00fcr Telefongespr\u00e4che<\/li>\n<\/ul>\n","protected":false},"featured_media":10431,"comment_status":"open","ping_status":"closed","template":"","meta":[],"product_brand":[],"product_cat":[174,58],"product_tag":[],"class_list":{"0":"post-10430","1":"product","2":"type-product","3":"status-publish","4":"has-post-thumbnail","6":"product_cat-portabel-audio","7":"product_cat-bluetooth-speaker-portabel","8":"product_shipping_class-lieferung-basic-audio","10":"first","11":"onbackorder","12":"taxable","13":"shipping-taxable","14":"purchasable","15":"product-type-simple"},"_links":{"self":[{"href":"https:\/\/spuehler-tv.ch\/onlineshop\/wp-json\/wp\/v2\/product\/10430","targetHints":{"allow":["GET"]}}],"collection":[{"href":"https:\/\/spuehler-tv.ch\/onlineshop\/wp-json\/wp\/v2\/product"}],"about":[{"href":"https:\/\/spuehler-tv.ch\/onlineshop\/wp-json\/wp\/v2\/types\/product"}],"replies":[{"embeddable":true,"href":"https:\/\/spuehler-tv.ch\/onlineshop\/wp-json\/wp\/v2\/comments?post=10430"}],"wp:featuredmedia":[{"embeddable":true,"href":"https:\/\/spuehler-tv.ch\/onlineshop\/wp-json\/wp\/v2\/media\/10431"}],"wp:attachment":[{"href":"https:\/\/spuehler-tv.ch\/onlineshop\/wp-json\/wp\/v2\/media?parent=10430"}],"wp:term":[{"taxonomy":"product_brand","embeddable":true,"href":"https:\/\/spuehler-tv.ch\/onlineshop\/wp-json\/wp\/v2\/product_brand?post=10430"},{"taxonomy":"product_cat","embeddable":true,"href":"https:\/\/spuehler-tv.ch\/onlineshop\/wp-json\/wp\/v2\/product_cat?post=10430"},{"taxonomy":"product_tag","embeddable":true,"href":"https:\/\/spuehler-tv.ch\/onlineshop\/wp-json\/wp\/v2\/product_tag?post=10430"}],"curies":[{"name":"wp","href":"https:\/\/api.w.org\/{rel}","templated":true}]}}